{"id":957,"date":"2021-11-07T10:58:34","date_gmt":"2021-11-07T09:58:34","guid":{"rendered":"http:\/\/agathonet.com\/cs\/?page_id=957"},"modified":"2026-04-18T20:47:40","modified_gmt":"2026-04-18T18:47:40","slug":"knezi-nasi-farnosti","status":"publish","type":"page","link":"https:\/\/www.farnost-jablunkov.cz\/pl\/knezi-nasi-farnosti","title":{"rendered":"Kn\u011b\u017e\u00ed na\u0161\u00ed farnosti"},"content":{"rendered":"<table style=\"height: 881px; width: 114.902%;\">\n<tbody>\n<tr style=\"height: 423px;\">\n<td style=\"width: 321.466px; height: 423px;\"><img loading=\"lazy\" decoding=\"async\" class=\"aligncenter wp-image-5123 size-full\" src=\"http:\/\/www.farnost-jablunkov.cz\/wp-content\/uploads\/2019\/08\/Alfred-Volny.jpg\" alt=\"\" width=\"160\" height=\"240\" \/><\/p>\n<p style=\"text-align: center;\"><span style=\"font-family: georgia,palatino,serif;\"><strong>P. Mgr. Alfr\u00e9d Voln\u00fd &#8211; far\u00e1\u0159<\/strong><\/span><\/p>\n<ul>\n<li><span style=\"font-family: georgia,palatino,serif;\">tel.: +420 721 017 110<\/span><\/li>\n<li><span style=\"font-family: georgia,palatino,serif;\">email:<\/span><\/li>\n<\/ul>\n<\/td>\n<td style=\"width: 297.886px; height: 423px;\">&nbsp;<\/p>\n<p style=\"text-align: center;\"><span style=\"font-family: georgia,palatino,serif;\"><strong><img loading=\"lazy\" decoding=\"async\" class=\"alignnone wp-image-12450\" src=\"http:\/\/www.farnost-jablunkov.cz\/wp-content\/uploads\/2025\/09\/35459BE3-188A-4F26-84D0-8EC71FC3D228-498x500.jpg\" alt=\"\" width=\"211\" height=\"212\" srcset=\"https:\/\/www.farnost-jablunkov.cz\/wp-content\/uploads\/2025\/09\/35459BE3-188A-4F26-84D0-8EC71FC3D228-498x500.jpg 498w, https:\/\/www.farnost-jablunkov.cz\/wp-content\/uploads\/2025\/09\/35459BE3-188A-4F26-84D0-8EC71FC3D228-150x150.jpg 150w, https:\/\/www.farnost-jablunkov.cz\/wp-content\/uploads\/2025\/09\/35459BE3-188A-4F26-84D0-8EC71FC3D228-768x771.jpg 768w, https:\/\/www.farnost-jablunkov.cz\/wp-content\/uploads\/2025\/09\/35459BE3-188A-4F26-84D0-8EC71FC3D228-300x300.jpg 300w, https:\/\/www.farnost-jablunkov.cz\/wp-content\/uploads\/2025\/09\/35459BE3-188A-4F26-84D0-8EC71FC3D228.jpg 956w\" sizes=\"(max-width: 211px) 100vw, 211px\" \/><br \/>\nP. Mgr. Jan David, farn\u00ed Vik\u00e1\u0159\u00a0<\/strong><\/span><\/p>\n<ul>\n<li><span style=\"font-family: georgia,palatino,serif;\">tel.: <span style=\"font-family: georgia, palatino, serif;\">737 556 450<\/span><\/span><\/li>\n<li><span style=\"font-family: georgia,palatino,serif;\">email: <span style=\"font-family: georgia, palatino, serif;\">jdavid@doo.cz<\/span><\/span><\/li>\n<\/ul>\n<\/td>\n<td style=\"width: 352.011px; height: 423px;\"><span style=\"font-family: georgia,palatino,serif; font-size: 14pt;\"><img loading=\"lazy\" decoding=\"async\" class=\"wp-image-6489 aligncenter\" src=\"http:\/\/www.farnost-jablunkov.cz\/wp-content\/uploads\/2021\/11\/IMG_20211104_115829-768x1024.jpg\" alt=\"\" width=\"163\" height=\"216\" srcset=\"https:\/\/www.farnost-jablunkov.cz\/wp-content\/uploads\/2021\/11\/IMG_20211104_115829-768x1024.jpg 768w, https:\/\/www.farnost-jablunkov.cz\/wp-content\/uploads\/2021\/11\/IMG_20211104_115829-375x500.jpg 375w, https:\/\/www.farnost-jablunkov.cz\/wp-content\/uploads\/2021\/11\/IMG_20211104_115829-1152x1536.jpg 1152w, https:\/\/www.farnost-jablunkov.cz\/wp-content\/uploads\/2021\/11\/IMG_20211104_115829-1536x2048.jpg 1536w, https:\/\/www.farnost-jablunkov.cz\/wp-content\/uploads\/2021\/11\/IMG_20211104_115829-scaled.jpg 1920w\" sizes=\"(max-width: 163px) 100vw, 163px\" \/><\/span><\/p>\n<p style=\"text-align: center;\"><span style=\"font-family: georgia,palatino,serif;\"><strong>P. Mgr. Radek Drobisz, farn\u00ed vik\u00e1\u0159<\/strong><\/span><\/p>\n<ul>\n<li><span style=\"font-family: georgia, palatino, serif;\">tel. 605 033 176<\/span><\/li>\n<li><span style=\"font-family: georgia,palatino,serif;\">email: rdrobisz@doo.cz<\/span><\/li>\n<\/ul>\n<\/td>\n<\/tr>\n<tr style=\"height: 458px;\">\n<td style=\"width: 321.466px; height: 458px;\"><span style=\"font-family: georgia,palatino,serif; font-size: 14pt;\"><span style=\"font-size: 14pt;\"><img loading=\"lazy\" decoding=\"async\" class=\"size-full wp-image-7047 aligncenter\" src=\"http:\/\/www.farnost-jablunkov.cz\/wp-content\/uploads\/2022\/09\/thumb_osoby.jpg\" alt=\"\" width=\"200\" height=\"250\" \/><\/span><\/span><\/p>\n<p style=\"text-align: center;\"><span style=\"font-family: georgia,palatino,serif;\"><strong>O. Syrach<\/strong><\/span><\/p>\n<p><span style=\"font-family: georgia,palatino,serif;\"><strong>(Bogdan Janicki, OFM)<\/strong><\/span><\/p>\n<ul>\n<li><span style=\"font-family: georgia,palatino,serif;\">tel.: +420 730 553 395<\/span><\/li>\n<li><span style=\"font-family: georgia,palatino,serif;\">email: syrachofm@gmail.com<\/span><\/li>\n<\/ul>\n<\/td>\n<td style=\"width: 297.886px; height: 458px;\"><span style=\"font-family: georgia,palatino,serif; font-size: 14pt; color: #000000;\"><img loading=\"lazy\" decoding=\"async\" class=\"size-full wp-image-969 aligncenter\" src=\"http:\/\/www.farnost-jablunkov.cz\/wp-content\/uploads\/2017\/08\/thumb_osoby.php_.jpg\" alt=\"\" width=\"200\" height=\"250\" \/><\/span><\/p>\n<p style=\"text-align: center;\"><span style=\"font-family: georgia,palatino,serif;\"><strong>O. Henryk<\/strong><\/span><\/p>\n<p><span style=\"font-family: georgia,palatino,serif;\"><strong>(Mgr. Alojzy D\u0105bek, OFM)\u00a0<\/strong><\/span><\/p>\n<ul>\n<li><span style=\"font-family: georgia,palatino,serif;\">tel.: +420 733 741 208<\/span><\/li>\n<li><span style=\"font-family: georgia,palatino,serif;\">email: &#8211;<\/span><\/li>\n<\/ul>\n<\/td>\n<td style=\"width: 352.011px; height: 458px;\">\n<p style=\"text-align: center;\"><span style=\"font-family: georgia,palatino,serif;\"><strong><img loading=\"lazy\" decoding=\"async\" class=\"alignnone wp-image-12890\" src=\"http:\/\/www.farnost-jablunkov.cz\/wp-content\/uploads\/2026\/03\/IMG_5684-334x500.jpg\" alt=\"\" width=\"177\" height=\"265\" srcset=\"https:\/\/www.farnost-jablunkov.cz\/wp-content\/uploads\/2026\/03\/IMG_5684-334x500.jpg 334w, https:\/\/www.farnost-jablunkov.cz\/wp-content\/uploads\/2026\/03\/IMG_5684-684x1024.jpg 684w, https:\/\/www.farnost-jablunkov.cz\/wp-content\/uploads\/2026\/03\/IMG_5684-768x1150.jpg 768w, https:\/\/www.farnost-jablunkov.cz\/wp-content\/uploads\/2026\/03\/IMG_5684-1026x1536.jpg 1026w, https:\/\/www.farnost-jablunkov.cz\/wp-content\/uploads\/2026\/03\/IMG_5684-1368x2048.jpg 1368w, https:\/\/www.farnost-jablunkov.cz\/wp-content\/uploads\/2026\/03\/IMG_5684.jpg 1569w\" sizes=\"(max-width: 177px) 100vw, 177px\" \/><br \/>\nO. Leopold<\/strong><\/span><\/p>\n<p><span style=\"font-family: georgia,palatino,serif;\"><strong>(Dr Bart\u0142omiej Marek, OFM)\u00a0<\/strong><\/span><\/p>\n<ul>\n<li><span style=\"font-family: georgia,palatino,serif;\">tel.: +420 731 472 643<\/span><\/li>\n<li><span style=\"font-family: georgia,palatino,serif;\">email: <span style=\"color: #000000;\">\u00a0<a style=\"color: #000000;\" href=\"mailto:leopoldmarekofm@gmail.com\" target=\"_blank\" rel=\"noopener\">leopoldmarekofm@gmail.com<\/a><\/span><\/span><\/li>\n<\/ul>\n<\/td>\n<\/tr>\n<\/tbody>\n<\/table>\n<p>&nbsp;<\/p>\n<p style=\"text-align: left;\"><img loading=\"lazy\" decoding=\"async\" class=\"alignnone wp-image-12390\" src=\"http:\/\/www.farnost-jablunkov.cz\/wp-content\/uploads\/2025\/07\/vrubel-369x500.jpeg\" alt=\"\" width=\"146\" height=\"198\" srcset=\"https:\/\/www.farnost-jablunkov.cz\/wp-content\/uploads\/2025\/07\/vrubel-369x500.jpeg 369w, https:\/\/www.farnost-jablunkov.cz\/wp-content\/uploads\/2025\/07\/vrubel.jpeg 447w\" sizes=\"(max-width: 146px) 100vw, 146px\" \/><\/p>\n<p><span style=\"font-family: georgia, palatino, serif;\"><strong>Mons Franti\u0161ek Vrubel,<br \/>\n<\/strong><\/span><span style=\"font-family: georgia, palatino, serif;\"><strong>v\u00fdpomocn\u00fd duchovn\u00ed<br \/>\n<\/strong><\/span><span style=\"font-family: georgia, palatino, serif;\">tel: 604 649\u00a0758<\/span><\/p>\n","protected":false},"excerpt":{"rendered":"<p>P. Mgr. Alfr\u00e9d Voln\u00fd &#8211; far\u00e1\u0159 tel.: +420 721 017 110 email: &nbsp; P. Mgr. Jan David, farn\u00ed Vik\u00e1\u0159\u00a0 tel.: 737 556 450 email: jdavid@doo.cz P. Mgr. Radek Drobisz, farn\u00ed vik\u00e1\u0159 tel. 605 033 176 email: rdrobisz@doo.cz O. Syrach (Bogdan Janicki, OFM) tel.: +420 730 553 395 email: syrachofm@gmail.com O. Henryk (Mgr. Alojzy D\u0105bek, OFM)\u00a0 [&hellip;]<\/p>\n","protected":false},"author":1,"featured_media":0,"parent":0,"menu_order":0,"comment_status":"closed","ping_status":"closed","template":"","meta":{"_exactmetrics_skip_tracking":false,"_exactmetrics_sitenote_active":false,"_exactmetrics_sitenote_note":"","_exactmetrics_sitenote_category":0,"_monsterinsights_skip_tracking":false,"_monsterinsights_sitenote_active":false,"_monsterinsights_sitenote_note":"","_monsterinsights_sitenote_category":0,"footnotes":""},"class_list":["post-957","page","type-page","status-publish","hentry"],"aioseo_notices":[],"_links":{"self":[{"href":"https:\/\/www.farnost-jablunkov.cz\/pl\/wp-json\/wp\/v2\/pages\/957"}],"collection":[{"href":"https:\/\/www.farnost-jablunkov.cz\/pl\/wp-json\/wp\/v2\/pages"}],"about":[{"href":"https:\/\/www.farnost-jablunkov.cz\/pl\/wp-json\/wp\/v2\/types\/page"}],"author":[{"embeddable":true,"href":"https:\/\/www.farnost-jablunkov.cz\/pl\/wp-json\/wp\/v2\/users\/1"}],"replies":[{"embeddable":true,"href":"https:\/\/www.farnost-jablunkov.cz\/pl\/wp-json\/wp\/v2\/comments?post=957"}],"version-history":[{"count":67,"href":"https:\/\/www.farnost-jablunkov.cz\/pl\/wp-json\/wp\/v2\/pages\/957\/revisions"}],"predecessor-version":[{"id":12980,"href":"https:\/\/www.farnost-jablunkov.cz\/pl\/wp-json\/wp\/v2\/pages\/957\/revisions\/12980"}],"wp:attachment":[{"href":"https:\/\/www.farnost-jablunkov.cz\/pl\/wp-json\/wp\/v2\/media?parent=957"}],"curies":[{"name":"wp","href":"https:\/\/api.w.org\/{rel}","templated":true}]}}