{"id":946,"date":"2017-08-29T21:33:15","date_gmt":"2017-08-29T19:33:15","guid":{"rendered":"http:\/\/agathonet.com\/cs\/?page_id=946"},"modified":"2017-11-12T15:03:25","modified_gmt":"2017-11-12T14:03:25","slug":"panny-marie-kralovny","status":"publish","type":"page","link":"https:\/\/www.farnost-jablunkov.cz\/pl\/panny-marie-kralovny","title":{"rendered":"Matki Bo\u017cej Kr\u00f3lowej"},"content":{"rendered":"<p style=\"text-align: justify;\"><span style=\"font-family: georgia,palatino,serif; font-size: 14pt;\"><img loading=\"lazy\" decoding=\"async\" class=\"wp-image-948 alignleft\" src=\"www.farnost-jablunkov.cz\/wp-content\/uploads\/2017\/08\/DSC00856-300x225.jpg\" alt=\"\" width=\"408\" height=\"306\" srcset=\"https:\/\/www.farnost-jablunkov.cz\/wp-content\/uploads\/2017\/08\/DSC00856-300x225.jpg 300w, https:\/\/www.farnost-jablunkov.cz\/wp-content\/uploads\/2017\/08\/DSC00856-768x576.jpg 768w, https:\/\/www.farnost-jablunkov.cz\/wp-content\/uploads\/2017\/08\/DSC00856-1024x768.jpg 1024w\" sizes=\"(max-width: 408px) 100vw, 408px\" \/><\/span><\/p>\n<p style=\"text-align: justify;\"><span style=\"font-family: georgia,palatino,serif; font-size: 14pt;\"><\/p>\n<p style=\"text-align: justify;\"><span style=\"font-family: georgia,palatino,serif; font-size: 14pt;\">\u00a0\u00a0\u00a0\u00a0\u00a0\u00a0\u00a0\u00a0\u00a0 Z kaplic\u0105 pod Polank\u0105, kt\u00f3ra zosta\u0142a wybudowana w 1990 roku, wi\u0105\u017ce si\u0119 pewna historia. Zim\u0105 1989 roku jeden ch\u0142opczyk, kt\u00f3ry mia\u0142 na imi\u0119 Przemek porani\u0142 sobie kolano podczas jazdy na nartach. Pocz\u0105tkowo wydawa\u0142o si\u0119 by\u0107 wszystko w dobrym stanie, ale w wyniku urazu, w kolanie powsta\u0142 nowotw\u00f3r z\u0142o\u015bliwy, kt\u00f3ry w kr\u00f3tkim czasie przywi\u0105za\u0142 ch\u0142opca do \u0142\u00f3\u017cka. Pewnego dnia, gdy ch\u0142opiec nie by\u0142 w szpitalu, zacz\u0105\u0142 opowiada\u0107 rodzicom o tym, co widzia\u0142. Dopiero p\u00f3\u017aniej jego rodzice zrozumieli, \u017ce ich syn mia\u0142 widzenie, w kt\u00f3rym Panna Maria poprowadzi\u0142a go do miejsca, gdzie chcia\u0142a mie\u0107 zbudowan\u0105 kaplic\u0119. W ten spos\u00f3b rodzina powiesi\u0142a obraz Matki Bo\u017cej i Pana Jezusa na miejscu dzisiejszej kapliczki. Kiedy choroba ch\u0142opca pozwala\u0142a, je\u017adzi\u0142a ca\u0142a rodzina modli\u0107 si\u0119 tutaj o uzdrowienie. Niestety 2 wrze\u015bnia 1989 w wieku 10 lat Przemek zmar\u0142. Wsp\u00f3lne modlitwy da\u0142y rodznie si\u0142\u0119 przetrwa\u0107 ten trudny okres \u017cyciowy. Ojciec Przemka, Jan Skurzok i dziadek W\u0142adys\u0142aw Lupi\u0144ski wybudowali w roku 1990 kapliczk\u0119. Wizerunek Matki Bo\u017cej zosta\u0142 kupiony przez rodzin\u0119 w Warszawie, a pos\u0105g Pana Jezusa ofiarowa\u0142 \u00a0proboszcz Pavel Zachrla. W tym samym roku ojciec Syrach kapliczk\u0119 po\u015bwi\u0119ci\u0142. Sta\u0142o si\u0119 jednak, \u017ce dwie du\u017ce rze\u017aby sztywno zamocowane w kaplicy zosta\u0142y okrutnie okradzione i wyobcowane. S\u0105 ale ludzie, kt\u00f3rzy przywie\u017ali tutaj nowe pos\u0105gi. \u00a0Modlitwy wiernych s\u0105 na tym miejscu wys\u0142yszane \u2013 mo\u017cna zobaczy\u0107 wota dzi\u0119kczynne. \u00a0<\/span><br \/>\n<span style=\"font-family: georgia,palatino,serif; font-size: 14pt;\">\u00a0\u00a0\u00a0\u00a0\u00a0\u00a0\u00a0\u00a0\u00a0\u00a0 Zwyczajnie w naszej parafii jest u ka\u017cdej kapliczki odprawiana jedna Msza \u015bw. w ci\u0105gu roku, r\u00f3wnie\u017c tutaj proboszcz Janusz Kiwak wprowadzi\u0142 t\u0119 tradycj\u0119. <\/span><span style=\"font-family: georgia,palatino,serif; font-size: 14pt;\">Msza \u015bw. odbywa si\u0119 tu pod koniec sierpnia w \u015bwi\u0119to Matki Bo\u017cej Kr\u00f3lowej, kt\u00f3rej kaplica jest\u00a0 po\u015bwi\u0119cona.<\/span><\/p>\n<p><span style=\"font-family: georgia,palatino,serif; font-size: 14pt;\">Lokalizace kapli\u010dky:\u00a0<a href=\"https:\/\/mapy.cz\/s\/2c4a7\">https:\/\/mapy.cz\/s\/2c4a7<\/a> <\/span><\/p>\n<p style=\"text-align: justify;\"><span style=\"font-family: georgia,palatino,serif; font-size: 14pt;\"><img loading=\"lazy\" decoding=\"async\" class=\"size-medium wp-image-947 aligncenter\" src=\"www.farnost-jablunkov.cz\/wp-content\/uploads\/2017\/08\/DSC00855-225x300.jpg\" alt=\"\" width=\"225\" height=\"300\" srcset=\"https:\/\/www.farnost-jablunkov.cz\/wp-content\/uploads\/2017\/08\/DSC00855-225x300.jpg 225w, https:\/\/www.farnost-jablunkov.cz\/wp-content\/uploads\/2017\/08\/DSC00855.jpg 768w\" sizes=\"(max-width: 225px) 100vw, 225px\" \/><\/span><\/p>","protected":false},"excerpt":{"rendered":"<p>\u00a0\u00a0\u00a0\u00a0\u00a0\u00a0\u00a0\u00a0\u00a0 Z kaplic\u0105 pod Polank\u0105, kt\u00f3ra zosta\u0142a wybudowana w 1990 roku, wi\u0105\u017ce si\u0119 pewna historia. Zim\u0105 1989 roku jeden ch\u0142opczyk, kt\u00f3ry mia\u0142 na imi\u0119 Przemek porani\u0142 sobie kolano podczas jazdy na nartach. Pocz\u0105tkowo wydawa\u0142o si\u0119 by\u0107 wszystko w dobrym stanie, ale w wyniku urazu, w kolanie powsta\u0142 nowotw\u00f3r z\u0142o\u015bliwy, kt\u00f3ry w kr\u00f3tkim czasie przywi\u0105za\u0142 ch\u0142opca [&hellip;]<\/p>\n","protected":false},"author":1,"featured_media":0,"parent":0,"menu_order":0,"comment_status":"closed","ping_status":"closed","template":"","meta":{"_exactmetrics_skip_tracking":false,"_exactmetrics_sitenote_active":false,"_exactmetrics_sitenote_note":"","_exactmetrics_sitenote_category":0,"_monsterinsights_skip_tracking":false,"_monsterinsights_sitenote_active":false,"_monsterinsights_sitenote_note":"","_monsterinsights_sitenote_category":0,"footnotes":""},"class_list":["post-946","page","type-page","status-publish","hentry"],"aioseo_notices":[],"_links":{"self":[{"href":"https:\/\/www.farnost-jablunkov.cz\/pl\/wp-json\/wp\/v2\/pages\/946"}],"collection":[{"href":"https:\/\/www.farnost-jablunkov.cz\/pl\/wp-json\/wp\/v2\/pages"}],"about":[{"href":"https:\/\/www.farnost-jablunkov.cz\/pl\/wp-json\/wp\/v2\/types\/page"}],"author":[{"embeddable":true,"href":"https:\/\/www.farnost-jablunkov.cz\/pl\/wp-json\/wp\/v2\/users\/1"}],"replies":[{"embeddable":true,"href":"https:\/\/www.farnost-jablunkov.cz\/pl\/wp-json\/wp\/v2\/comments?post=946"}],"version-history":[{"count":6,"href":"https:\/\/www.farnost-jablunkov.cz\/pl\/wp-json\/wp\/v2\/pages\/946\/revisions"}],"predecessor-version":[{"id":2662,"href":"https:\/\/www.farnost-jablunkov.cz\/pl\/wp-json\/wp\/v2\/pages\/946\/revisions\/2662"}],"wp:attachment":[{"href":"https:\/\/www.farnost-jablunkov.cz\/pl\/wp-json\/wp\/v2\/media?parent=946"}],"curies":[{"name":"wp","href":"https:\/\/api.w.org\/{rel}","templated":true}]}}