{"id":888,"date":"2017-08-29T19:08:53","date_gmt":"2017-08-29T17:08:53","guid":{"rendered":"http:\/\/agathonet.com\/cs\/?page_id=888"},"modified":"2017-11-12T13:49:26","modified_gmt":"2017-11-12T12:49:26","slug":"kaplicka-pod-kempou","status":"publish","type":"page","link":"https:\/\/www.farnost-jablunkov.cz\/pl\/kaplicka-pod-kempou","title":{"rendered":"Pod Kemp\u0105"},"content":{"rendered":"<p style=\"text-align: justify;\"><span style=\"font-family: georgia,palatino,serif; font-size: 14pt; color: #333333;\"><img loading=\"lazy\" decoding=\"async\" class=\"wp-image-889 alignleft\" src=\"www.farnost-jablunkov.cz\/wp-content\/uploads\/2017\/08\/DSC00911-300x225.jpg\" alt=\"\" width=\"380\" height=\"285\" srcset=\"https:\/\/www.farnost-jablunkov.cz\/wp-content\/uploads\/2017\/08\/DSC00911-300x225.jpg 300w, https:\/\/www.farnost-jablunkov.cz\/wp-content\/uploads\/2017\/08\/DSC00911-768x576.jpg 768w, https:\/\/www.farnost-jablunkov.cz\/wp-content\/uploads\/2017\/08\/DSC00911-1024x768.jpg 1024w, https:\/\/www.farnost-jablunkov.cz\/wp-content\/uploads\/2017\/08\/DSC00911.jpg 1365w\" sizes=\"(max-width: 380px) 100vw, 380px\" \/><\/span><\/p>\n<p style=\"text-align: justify;\"><span style=\"font-family: georgia,palatino,serif; font-size: 14pt; color: #333333;\"><\/span><\/p>\n<p style=\"text-align: justify;\"><span style=\"font-family: georgia,palatino,serif; font-size: 14pt;\">Ka\u017cdy budynek sakralny ma sw\u00f3j pow\u00f3d powstania, ale w tym miejscu nie ma \u017cadnych archiwalnych podstaw, zachowa\u0142a si\u0119 tylko legenda. W roku 1608 ksi\u0105\u017c\u0119 cieszy\u0144ski Piastowisz Adam Wac\u0142aw przyj\u0105\u0142 wiar\u0119 katolick\u0105, jako wyraz wdzi\u0119czno\u015bci Bogu za \u0142ask\u0119 wiary z wielk\u0105 dru\u017cyn\u0105 rycerstwa uda\u0142 si\u0119 jako pielgrzym do cudownego obrazu Matki Bo\u017cej w Kalwarii Zebrzydowskiej. W jego orszaku jecha\u0142 r\u00f3wnie\u017c kasztelan zamku cieszy\u0144skiego. Po jego powrocie z pielgrzymki opowiada\u0142 \u017conie, \u017ce w Kalwarii du\u017co ludzi odzyska\u0142o zdrowie. S\u0142ysz\u0105c to \u017cona kasztelana postanowi\u0142a te\u017c jako pielgrzym i\u015b\u0107 do tego santuarium by prosi\u0107 o uzdrowienie jedynego syna cierpi\u0105cego na chorob\u0119 sk\u00f3ry.\u00a0 I tak wybra\u0142a si\u0119 kasztelanowa wraz z synem drog\u0105 cesarsk\u0105 przez Beskid \u015bl\u0105ski do Kalwarii Zebrzydowskiej. By\u0142 letni gor\u0105cy dzie\u0144 w godzinach po\u0142udniowych kiedy dotarli do Bukowca. Pani kaza\u0142a zatrzyma\u0107 na chwilk\u0119 by konie odpocz\u0119\u0142y przed wysi\u0142kiem, bo szlak byl stromy. Kasztelanowa zauwa\u017cy\u0142a, \u017ce w blisko\u015bci gdzie sta\u0142a, s\u0105czy\u0142a si\u0119 woda, zapragn\u0119\u0142a od\u015bwie\u017cy\u0107 twarz zimn\u0105 wod\u0105. Kiedy napi\u0142a si\u0119 czytej \u017ar\u00f3dlannej wody. R\u00f3wnie\u017c ch\u0142opiec chcia\u0142 si\u0119 od\u015bwie\u017cyc, ale matka mu broni\u0142a, poniewa\u017c jego sk\u00f3ra nie zniesi\u0142a wody. Ch\u0142opiec r\u0105czkami zmy\u0142 oblicze. Sta\u0142 si\u0119 cud. Nagle znik\u0142 liszaj, sk\u00f3ra byla czysta. Gdy to ujrza\u0142a pani, kaza\u0142a piastunce ch\u0142opca rozebra\u0107 dziecko i ca\u0142ego go obmy\u0107 wod\u0105. Dziwili si\u0119 wszyscy, bo w niejscach gdzie obmyto ch\u0142opca znika\u0142 z\u0142osliwy liszaj. Pani pad\u0142a na kolana i w gor\u0105cej modlitwie dzi\u0119kczynnej wielbi\u0142a Boga za cudowne uzdrowienie syna. Pani wyznaczy\u0142a z towarzysz\u0105cych jej ludzi cz\u0142owieka i poleci\u0142a mu nad \u017ar\u00f3de\u0142kiem zbudowa\u0107 kapliczk\u0119 jako wotum wdzi\u0119czno\u015bci. \u015aciany kapliczki wzniesiono z kamienia a \u017ar\u00f3de\u0142ko r\u00f3wnie\u017c wy\u0142o\u017cono kamieniami i powsta\u0142a studzienka.<\/span><span style=\"font-family: georgia,palatino,serif; font-size: 14pt;\"><\/span><\/p>\n<p>&nbsp;<\/p>\n<p><span style=\"font-family: georgia,palatino,serif; font-size: 14pt;\">Lokalizace kapli\u010dky:\u00a0<a href=\"https:\/\/mapy.cz\/s\/2c3Ig\">https:\/\/mapy.cz\/s\/2c3Ig<\/a> <\/span><\/p>","protected":false},"excerpt":{"rendered":"<p>Ka\u017cdy budynek sakralny ma sw\u00f3j pow\u00f3d powstania, ale w tym miejscu nie ma \u017cadnych archiwalnych podstaw, zachowa\u0142a si\u0119 tylko legenda. W roku 1608 ksi\u0105\u017c\u0119 cieszy\u0144ski Piastowisz Adam Wac\u0142aw przyj\u0105\u0142 wiar\u0119 katolick\u0105, jako wyraz wdzi\u0119czno\u015bci Bogu za \u0142ask\u0119 wiary z wielk\u0105 dru\u017cyn\u0105 rycerstwa uda\u0142 si\u0119 jako pielgrzym do cudownego obrazu Matki Bo\u017cej w Kalwarii Zebrzydowskiej. W [&hellip;]<\/p>\n","protected":false},"author":1,"featured_media":0,"parent":0,"menu_order":0,"comment_status":"closed","ping_status":"closed","template":"","meta":{"_exactmetrics_skip_tracking":false,"_exactmetrics_sitenote_active":false,"_exactmetrics_sitenote_note":"","_exactmetrics_sitenote_category":0,"_monsterinsights_skip_tracking":false,"_monsterinsights_sitenote_active":false,"_monsterinsights_sitenote_note":"","_monsterinsights_sitenote_category":0,"footnotes":""},"class_list":["post-888","page","type-page","status-publish","hentry"],"aioseo_notices":[],"_links":{"self":[{"href":"https:\/\/www.farnost-jablunkov.cz\/pl\/wp-json\/wp\/v2\/pages\/888"}],"collection":[{"href":"https:\/\/www.farnost-jablunkov.cz\/pl\/wp-json\/wp\/v2\/pages"}],"about":[{"href":"https:\/\/www.farnost-jablunkov.cz\/pl\/wp-json\/wp\/v2\/types\/page"}],"author":[{"embeddable":true,"href":"https:\/\/www.farnost-jablunkov.cz\/pl\/wp-json\/wp\/v2\/users\/1"}],"replies":[{"embeddable":true,"href":"https:\/\/www.farnost-jablunkov.cz\/pl\/wp-json\/wp\/v2\/comments?post=888"}],"version-history":[{"count":11,"href":"https:\/\/www.farnost-jablunkov.cz\/pl\/wp-json\/wp\/v2\/pages\/888\/revisions"}],"predecessor-version":[{"id":2657,"href":"https:\/\/www.farnost-jablunkov.cz\/pl\/wp-json\/wp\/v2\/pages\/888\/revisions\/2657"}],"wp:attachment":[{"href":"https:\/\/www.farnost-jablunkov.cz\/pl\/wp-json\/wp\/v2\/media?parent=888"}],"curies":[{"name":"wp","href":"https:\/\/api.w.org\/{rel}","templated":true}]}}