{"id":882,"date":"2017-08-29T19:05:56","date_gmt":"2017-08-29T17:05:56","guid":{"rendered":"http:\/\/agathonet.com\/cs\/?page_id=882"},"modified":"2017-11-12T13:52:56","modified_gmt":"2017-11-12T12:52:56","slug":"kaple-na-pisecne","status":"publish","type":"page","link":"https:\/\/www.farnost-jablunkov.cz\/pl\/kaple-na-pisecne","title":{"rendered":"Na Piosecznej"},"content":{"rendered":"<p>&nbsp;<\/p>\n<p style=\"text-align: justify;\"><span style=\"font-size: 14pt;\"><strong><span style=\"font-family: georgia,palatino,serif;\"><img loading=\"lazy\" decoding=\"async\" class=\"wp-image-883 alignleft\" src=\"http:\/\/agathonet.com\/cs\/wp-content\/uploads\/2017\/08\/DSC00848.jpg\" alt=\"\" width=\"481\" height=\"361\" srcset=\"https:\/\/www.farnost-jablunkov.cz\/wp-content\/uploads\/2017\/08\/DSC00848.jpg 1365w, https:\/\/www.farnost-jablunkov.cz\/wp-content\/uploads\/2017\/08\/DSC00848-300x225.jpg 300w, https:\/\/www.farnost-jablunkov.cz\/wp-content\/uploads\/2017\/08\/DSC00848-768x576.jpg 768w, https:\/\/www.farnost-jablunkov.cz\/wp-content\/uploads\/2017\/08\/DSC00848-1024x768.jpg 1024w\" sizes=\"(max-width: 481px) 100vw, 481px\" \/><span style=\"font-family: georgia,palatino,serif; font-size: 14pt;\">Kaplica Matki Boskiej Cz\u0119stochowskiej<\/span><\/strong><\/p>\n<p style=\"text-align: justify;\"><span style=\"font-family: georgia,palatino,serif; font-size: 14pt;\">\u00a0\u00a0\u00a0\u00a0\u00a0\u00a0\u00a0\u00a0\u00a0\u00a0\u00a0 Obraz z wizerunkiem Matki Boskiej Cz\u0119stochowskiej by\u0142 pierwotnie umiejscowiony na drzewie na Piosecznej. Pewnego dnia, kiedy p\u00f3\u017anym wieczorem wraca\u0142 do domu z pracy Jan Lubojatzki, na drodze pojawi\u0142y si\u0119 wilki. Jan ze strachu przed wilkami zapala\u0142 jedn\u0105 po drugiej zapa\u0142ce, a\u017c dotar\u0142 do drzewa, gdzie wisia\u0142 obraz. Zrozpaczony obieca\u0142 Matce Bo\u017cej, \u017ce je\u015bli uratuje mu \u017cycie, to z wdzi\u0119czno\u015bci wybuduje dla Niej kaplic\u0119. Jan Lubojatzki w zdrowiu dotar\u0142 do domu. Ca\u0142e \u017cycie oszcz\u0119dza\u0142 pieni\u0105dze, \u017ceby m\u00f3g\u0142 spe\u0142ni\u0107 z\u0142o\u017con\u0105 obietnic\u0119. Ten zamiar zrealizowa\u0142a po jego \u015bmierci ma\u0142\u017conka w 1926 roku. Obraz Matki Boskiej Cz\u0119stochowskiej zosta\u0142 zawieszony nad o\u0142tarzem. Od 1990 roku jest &#8211; corocznie w okresie Wielkiego Postu &#8211; \u00a0organizowana droga krzy\u017cowa z Jab\u0142onkowa do trzech krzy\u017cy, kt\u00f3re s\u0105 postawione obok kaplicy.<\/span><\/p>\n<p><span style=\"font-family: georgia,palatino,serif; font-size: 14pt;\">Lokalizace kapli\u010dky:\u00a0<a href=\"https:\/\/mapy.cz\/s\/2c3J0\">https:\/\/mapy.cz\/s\/2c3J0<\/a> <\/span><\/p>\n<p>&nbsp;<\/p>\n<p>&nbsp;<\/p>\n<p style=\"text-align: justify;\"><span style=\"font-size: 14pt;\"><strong><span style=\"font-family: georgia,palatino,serif;\"><img loading=\"lazy\" decoding=\"async\" class=\"alignleft wp-image-884\" src=\"http:\/\/agathonet.com\/cs\/wp-content\/uploads\/2017\/08\/DSC00841-300x225.jpg\" alt=\"\" width=\"481\" height=\"361\" srcset=\"https:\/\/www.farnost-jablunkov.cz\/wp-content\/uploads\/2017\/08\/DSC00841-300x225.jpg 300w, https:\/\/www.farnost-jablunkov.cz\/wp-content\/uploads\/2017\/08\/DSC00841-768x576.jpg 768w, https:\/\/www.farnost-jablunkov.cz\/wp-content\/uploads\/2017\/08\/DSC00841-1024x768.jpg 1024w, https:\/\/www.farnost-jablunkov.cz\/wp-content\/uploads\/2017\/08\/DSC00841.jpg 1365w\" sizes=\"(max-width: 481px) 100vw, 481px\" \/><\/span><\/strong><\/span><span style=\"font-size: 14pt;\"><strong><span style=\"font-family: georgia,palatino,serif;\">Kaplica \u015bw. Izydora<\/strong><\/span><\/p>\n<p style=\"text-align: justify;\"><span style=\"font-family: georgia,palatino,serif; font-size: 14pt;\"><strong>\u00a0\u00a0\u00a0\u00a0\u00a0\u00a0\u00a0\u00a0\u00a0\u00a0\u00a0 <\/strong>Druga kaplica &#8211;\u00a0 z\u00a0dzwonnic\u0105 &#8211; na Piosecznej jest po\u015bwi\u0119cona \u015bw. Izydorowi, kt\u00f3ry jest patronem rolnik\u00f3w. Opowie\u015b\u0107 podaje o tragicznym wydarzeniu, kiedy piorun trafi\u0142 konie i w\u00f3z miejscowego rolnika. Kiedy m\u0119\u017cczyzna przebra\u0142 si\u0119 z\u00a0nieptrzytomno\u015bci i zauwa\u017cy\u0142, \u017ce unikn\u0105\u0142 niebezpiecze\u0144stwa bez uszczerbku na zdrowiu, wybudowa\u0142 tutejsz\u0105 kaplic\u0119, jako wotum wdzi\u0119czno\u015bci za uratowane \u017cycie. W maju, we wspomnienie \u015bw. Izydora, jest w tej kaplicy sprawowana Msza \u015bw., w kt\u00f3rej uczestnicz\u0105 miejscowi wierni.<\/span><\/p>\n<p><span style=\"font-family: georgia,palatino,serif; font-size: 14pt;\">Lokalizace kapli\u010dky:<\/span> <a href=\"https:\/\/mapy.cz\/s\/2c3Jm\">https:\/\/mapy.cz\/s\/2c3Jm<\/a><\/p>","protected":false},"excerpt":{"rendered":"<p>&nbsp; Kaplica Matki Boskiej Cz\u0119stochowskiej \u00a0\u00a0\u00a0\u00a0\u00a0\u00a0\u00a0\u00a0\u00a0\u00a0\u00a0 Obraz z wizerunkiem Matki Boskiej Cz\u0119stochowskiej by\u0142 pierwotnie umiejscowiony na drzewie na Piosecznej. Pewnego dnia, kiedy p\u00f3\u017anym wieczorem wraca\u0142 do domu z pracy Jan Lubojatzki, na drodze pojawi\u0142y si\u0119 wilki. Jan ze strachu przed wilkami zapala\u0142 jedn\u0105 po drugiej zapa\u0142ce, a\u017c dotar\u0142 do drzewa, gdzie wisia\u0142 obraz. Zrozpaczony obieca\u0142 [&hellip;]<\/p>\n","protected":false},"author":1,"featured_media":0,"parent":0,"menu_order":0,"comment_status":"closed","ping_status":"closed","template":"","meta":{"_exactmetrics_skip_tracking":false,"_exactmetrics_sitenote_active":false,"_exactmetrics_sitenote_note":"","_exactmetrics_sitenote_category":0,"_monsterinsights_skip_tracking":false,"_monsterinsights_sitenote_active":false,"_monsterinsights_sitenote_note":"","_monsterinsights_sitenote_category":0,"footnotes":""},"class_list":["post-882","page","type-page","status-publish","hentry"],"aioseo_notices":[],"_links":{"self":[{"href":"https:\/\/www.farnost-jablunkov.cz\/pl\/wp-json\/wp\/v2\/pages\/882"}],"collection":[{"href":"https:\/\/www.farnost-jablunkov.cz\/pl\/wp-json\/wp\/v2\/pages"}],"about":[{"href":"https:\/\/www.farnost-jablunkov.cz\/pl\/wp-json\/wp\/v2\/types\/page"}],"author":[{"embeddable":true,"href":"https:\/\/www.farnost-jablunkov.cz\/pl\/wp-json\/wp\/v2\/users\/1"}],"replies":[{"embeddable":true,"href":"https:\/\/www.farnost-jablunkov.cz\/pl\/wp-json\/wp\/v2\/comments?post=882"}],"version-history":[{"count":19,"href":"https:\/\/www.farnost-jablunkov.cz\/pl\/wp-json\/wp\/v2\/pages\/882\/revisions"}],"predecessor-version":[{"id":2659,"href":"https:\/\/www.farnost-jablunkov.cz\/pl\/wp-json\/wp\/v2\/pages\/882\/revisions\/2659"}],"wp:attachment":[{"href":"https:\/\/www.farnost-jablunkov.cz\/pl\/wp-json\/wp\/v2\/media?parent=882"}],"curies":[{"name":"wp","href":"https:\/\/api.w.org\/{rel}","templated":true}]}}