{"id":856,"date":"2017-08-29T18:42:22","date_gmt":"2017-08-29T16:42:22","guid":{"rendered":"http:\/\/agathonet.com\/cs\/?page_id=856"},"modified":"2017-11-12T13:57:22","modified_gmt":"2017-11-12T12:57:22","slug":"kaplicka-matky-bozi-censtochovske","status":"publish","type":"page","link":"https:\/\/www.farnost-jablunkov.cz\/pl\/kaplicka-matky-bozi-censtochovske","title":{"rendered":"Matki Cz\u0119stochowskiej"},"content":{"rendered":"<p><span style=\"font-family: georgia,palatino,serif; font-size: 14pt;\"><\/span><\/p>\n<p style=\"text-align: justify;\"><span style=\"font-family: georgia, palatino, serif; font-size: 14pt;\"><img loading=\"lazy\" decoding=\"async\" class=\"wp-image-857 alignleft\" src=\"www.farnost-jablunkov.cz\/wp-content\/uploads\/2017\/08\/DSC01000-300x225.jpg\" alt=\"\" width=\"423\" height=\"317\" srcset=\"https:\/\/www.farnost-jablunkov.cz\/wp-content\/uploads\/2017\/08\/DSC01000-300x225.jpg 300w, https:\/\/www.farnost-jablunkov.cz\/wp-content\/uploads\/2017\/08\/DSC01000-768x576.jpg 768w, https:\/\/www.farnost-jablunkov.cz\/wp-content\/uploads\/2017\/08\/DSC01000-1024x768.jpg 1024w, https:\/\/www.farnost-jablunkov.cz\/wp-content\/uploads\/2017\/08\/DSC01000.jpg 1365w\" sizes=\"(max-width: 423px) 100vw, 423px\" \/>Na granicy z s\u0105siedni\u0105 gmin\u0105 Mosty ko\u0142o Jab\u0142onkowa, w tak zwanym Bartkowie, na ziemi Bogus\u0142awa Sikory stoi kaplica zbudowana w 2-giej po\u0142owie 19. stulecia. Wed\u0142ug tradycji ustnej, piel\u0119gnowanej w rodzinie, kaplic\u0119 wybudowa\u0142 Adam Klus, kt\u00f3ry mieszka\u0142 w Miejskiej \u0141omnej. Tym samym spe\u0142ni\u0142 z\u0142o\u017cony \u015blub i podzi\u0119kowanie Pannie Maryi za uratowanie \u017cycia swojej ma\u0142\u017conki.<\/span><\/p>\n<p style=\"text-align: justify;\"><span style=\"font-family: georgia, palatino, serif; font-size: 14pt;\">Adam Klus by\u0142 w\u0142a\u015bcicielem ziemi w pobliskiej g\u00f3rce Witalisz\u00f3w. Pewnego dnia wsp\u00f3lnie z ma\u0142\u017conk\u0105 stamt\u0105d wie\u017ali siano. Przysz\u0142a burza. W\u00f3z zosta\u0142 trafiony piorunem i \u017cona, kt\u00f3ra siedzia\u0142a na sianie we wozie, straci\u0142a przytomno\u015b\u0107. Adam Klus spostrzeg\u0142, \u017ce sam nie jest w stanie pom\u00f3c ma\u0142\u017conce, kontynuowa\u0142 wi\u0119c jazd\u0119 do domu. Ca\u0142y czas modli\u0142 si\u0119 i prosi\u0142 Boga i Pann\u0119 Maryj\u0119 o pomoc. Ma\u0142\u017conka podczas jazdy odzyska\u0142a przytomno\u015b\u0107 i w miejscu, gdzie si\u0119 to sta\u0142o, przyobieca\u0142 na dow\u00f3d wdzi\u0119czno\u015bci wybudowa\u0107 kaplic\u0119. Aczkolwiek to miejsce by\u0142o w\u00f3wczas dalekie od \u00f3wczesnego zabudowania i transport mareria\u0142\u00f3w budowlanych by\u0142 bardzo pracoch\u0142onny, Adam Klus spe\u0142ni\u0142 swoj\u0105 obietnic\u0119.<\/span><\/p>\n<p style=\"text-align: justify;\"><span style=\"font-family: georgia, palatino, serif; font-size: 14pt;\">Ko\u0144cem lat 80-tych zosta\u0142a kaplica dwukrotnie wykradziona, zosta\u0142y zniszczone drewniane drzwi i za ka\u017cdym razem zosta\u0142 skradziony obraz Matki Bo\u017cej Cz\u0119stochowskiej. W 1990 roku podczas kolejnej kradzie\u017cy zosta\u0142 r\u00f3wnie\u017c skradziony obraz Pana Jezusa, w styczniu 1991 z\u0142odzieje po raz czwarty w\u0142amali si\u0119 do kaplicy i ukradli figurki z rze\u017abionej szopki.<\/span><\/p>\n<p style=\"text-align: justify;\"><span style=\"font-family: georgia, palatino, serif; font-size: 14pt;\">Opr\u00f3cz bie\u017c\u0105cych napraw w po\u0142owie lat 60-tych zosta\u0142y wybetonowane dwa schody do kaplicy. W tej pracy anga\u017cowali si\u0119: Jan Bury, Jan Niedoba i Maria Burowa.\u00a0 W tym te\u017c czasie zosta\u0142a strzecha pokryta blach\u0105. Po w\u0142amaniu w 1990 roku zosta\u0142y sporz\u0105dzone nowe drzwi, kt\u00f3re niestety \u00a0w kolejnym roku musia\u0142y by\u0107 na skutek kolejnego w\u0142amania naprawiane i zabezpieczone krat\u0105, sporz\u0105dzon\u0105 przez Paw\u0142a Jachnickiego z Miejskiej \u0141omnej. W 1996 roku, dzi\u0119ki firmie Livis z Nawsia, zosta\u0142a naprawiona i pokryta strzecha kaplicy kanadyjskim gontem. \u00a0Wsp\u00f3\u0142udzia\u0142 finansowy w tej naprawie mieli obywatele Miejskiej \u0141omnej. W 1999 roku zosta\u0142a kaplica na nowo otynkowana, zar\u00f3wno kraty zabezpieczaj\u0105ce, jak i naprawienie schod\u00f3w zosta\u0142y przeprowadzone\u00a0 na spos\u00f3b samopomocy. \u00a0W 2000 roku zosta\u0142a zakupiona nowa szopka z gipsu, w cenie 1800 K\u010d, kt\u00f3ra jest wystawiana na \u015bwi\u0119ta Bo\u017cego Narodzenia.<\/span><\/p>\n<p style=\"text-align: justify;\"><span style=\"font-family: georgia,palatino,serif; font-size: 14pt;\">W tym czasie w kaplicy znajduje si\u0119 oryginalny o\u0142tarz, nad kt\u00f3rym widnieje nowy obraz Matki Bo\u017cej Cz\u0119stochowskiej. Kaplic\u0119 otaczaj\u0105 dwa kasztany.<\/span><\/p>\n<p><span style=\"font-family: georgia,palatino,serif; font-size: 14pt;\">Lokalizace kapli\u010dky:\u00a0https:\/\/mapy.cz\/s\/2c3KJ <\/span><\/p>\n\n\t\t<style type=\"text\/css\">\n\t\t\t#gallery-1 {\n\t\t\t\tmargin: auto;\n\t\t\t}\n\t\t\t#gallery-1 .gallery-item {\n\t\t\t\tfloat: left;\n\t\t\t\tmargin-top: 10px;\n\t\t\t\ttext-align: center;\n\t\t\t\twidth: 25%;\n\t\t\t}\n\t\t\t#gallery-1 img {\n\t\t\t\tborder: 2px solid #cfcfcf;\n\t\t\t}\n\t\t\t#gallery-1 .gallery-caption {\n\t\t\t\tmargin-left: 0;\n\t\t\t}\n\t\t\t\/* see gallery_shortcode() in wp-includes\/media.php *\/\n\t\t<\/style>\n\t\t<div id='gallery-1' class='gallery galleryid-856 gallery-columns-4 gallery-size-thumbnail'><dl class='gallery-item'>\n\t\t\t<dt class='gallery-icon landscape'>\n\t\t\t\t<a href='https:\/\/www.farnost-jablunkov.cz\/wp-content\/uploads\/2017\/08\/DSC01000-1.jpg' title=\"\" data-rl_title=\"\" class=\"rl-gallery-link\" data-rl_caption=\"\" data-rel=\"lightbox-gallery-1\"><img loading=\"lazy\" decoding=\"async\" width=\"150\" height=\"150\" src=\"https:\/\/www.farnost-jablunkov.cz\/wp-content\/uploads\/2017\/08\/DSC01000-1-150x150.jpg\" class=\"attachment-thumbnail size-thumbnail\" alt=\"\" srcset=\"https:\/\/www.farnost-jablunkov.cz\/wp-content\/uploads\/2017\/08\/DSC01000-1-150x150.jpg 150w, https:\/\/www.farnost-jablunkov.cz\/wp-content\/uploads\/2017\/08\/DSC01000-1-300x300.jpg 300w\" sizes=\"(max-width: 150px) 100vw, 150px\" \/><\/a>\n\t\t\t<\/dt><\/dl><dl class='gallery-item'>\n\t\t\t<dt class='gallery-icon landscape'>\n\t\t\t\t<a href='https:\/\/www.farnost-jablunkov.cz\/wp-content\/uploads\/2017\/08\/DSC01002.jpg' title=\"\" data-rl_title=\"\" class=\"rl-gallery-link\" data-rl_caption=\"\" data-rel=\"lightbox-gallery-1\"><img loading=\"lazy\" decoding=\"async\" width=\"150\" height=\"150\" src=\"https:\/\/www.farnost-jablunkov.cz\/wp-content\/uploads\/2017\/08\/DSC01002-150x150.jpg\" class=\"attachment-thumbnail size-thumbnail\" alt=\"\" srcset=\"https:\/\/www.farnost-jablunkov.cz\/wp-content\/uploads\/2017\/08\/DSC01002-150x150.jpg 150w, https:\/\/www.farnost-jablunkov.cz\/wp-content\/uploads\/2017\/08\/DSC01002-300x300.jpg 300w\" sizes=\"(max-width: 150px) 100vw, 150px\" \/><\/a>\n\t\t\t<\/dt><\/dl><dl class='gallery-item'>\n\t\t\t<dt class='gallery-icon portrait'>\n\t\t\t\t<a href='https:\/\/www.farnost-jablunkov.cz\/wp-content\/uploads\/2017\/08\/DSC01008.jpg' title=\"\" data-rl_title=\"\" class=\"rl-gallery-link\" data-rl_caption=\"\" data-rel=\"lightbox-gallery-1\"><img loading=\"lazy\" decoding=\"async\" width=\"150\" height=\"150\" src=\"https:\/\/www.farnost-jablunkov.cz\/wp-content\/uploads\/2017\/08\/DSC01008-150x150.jpg\" class=\"attachment-thumbnail size-thumbnail\" alt=\"\" srcset=\"https:\/\/www.farnost-jablunkov.cz\/wp-content\/uploads\/2017\/08\/DSC01008-150x150.jpg 150w, https:\/\/www.farnost-jablunkov.cz\/wp-content\/uploads\/2017\/08\/DSC01008-300x300.jpg 300w\" sizes=\"(max-width: 150px) 100vw, 150px\" \/><\/a>\n\t\t\t<\/dt><\/dl><dl class='gallery-item'>\n\t\t\t<dt class='gallery-icon portrait'>\n\t\t\t\t<a href='https:\/\/www.farnost-jablunkov.cz\/wp-content\/uploads\/2017\/08\/DSC01010.jpg' title=\"\" data-rl_title=\"\" class=\"rl-gallery-link\" data-rl_caption=\"\" data-rel=\"lightbox-gallery-1\"><img loading=\"lazy\" decoding=\"async\" width=\"150\" height=\"150\" src=\"https:\/\/www.farnost-jablunkov.cz\/wp-content\/uploads\/2017\/08\/DSC01010-150x150.jpg\" class=\"attachment-thumbnail size-thumbnail\" alt=\"\" srcset=\"https:\/\/www.farnost-jablunkov.cz\/wp-content\/uploads\/2017\/08\/DSC01010-150x150.jpg 150w, https:\/\/www.farnost-jablunkov.cz\/wp-content\/uploads\/2017\/08\/DSC01010-300x300.jpg 300w\" sizes=\"(max-width: 150px) 100vw, 150px\" \/><\/a>\n\t\t\t<\/dt><\/dl><br style=\"clear: both\" \/>\n\t\t<\/div>","protected":false},"excerpt":{"rendered":"<p>Na granicy z s\u0105siedni\u0105 gmin\u0105 Mosty ko\u0142o Jab\u0142onkowa, w tak zwanym Bartkowie, na ziemi Bogus\u0142awa Sikory stoi kaplica zbudowana w 2-giej po\u0142owie 19. stulecia. Wed\u0142ug tradycji ustnej, piel\u0119gnowanej w rodzinie, kaplic\u0119 wybudowa\u0142 Adam Klus, kt\u00f3ry mieszka\u0142 w Miejskiej \u0141omnej. Tym samym spe\u0142ni\u0142 z\u0142o\u017cony \u015blub i podzi\u0119kowanie Pannie Maryi za uratowanie \u017cycia swojej ma\u0142\u017conki. Adam Klus [&hellip;]<\/p>\n","protected":false},"author":1,"featured_media":0,"parent":0,"menu_order":0,"comment_status":"closed","ping_status":"closed","template":"","meta":{"_exactmetrics_skip_tracking":false,"_exactmetrics_sitenote_active":false,"_exactmetrics_sitenote_note":"","_exactmetrics_sitenote_category":0,"_monsterinsights_skip_tracking":false,"_monsterinsights_sitenote_active":false,"_monsterinsights_sitenote_note":"","_monsterinsights_sitenote_category":0,"footnotes":""},"class_list":["post-856","page","type-page","status-publish","hentry"],"aioseo_notices":[],"_links":{"self":[{"href":"https:\/\/www.farnost-jablunkov.cz\/pl\/wp-json\/wp\/v2\/pages\/856"}],"collection":[{"href":"https:\/\/www.farnost-jablunkov.cz\/pl\/wp-json\/wp\/v2\/pages"}],"about":[{"href":"https:\/\/www.farnost-jablunkov.cz\/pl\/wp-json\/wp\/v2\/types\/page"}],"author":[{"embeddable":true,"href":"https:\/\/www.farnost-jablunkov.cz\/pl\/wp-json\/wp\/v2\/users\/1"}],"replies":[{"embeddable":true,"href":"https:\/\/www.farnost-jablunkov.cz\/pl\/wp-json\/wp\/v2\/comments?post=856"}],"version-history":[{"count":8,"href":"https:\/\/www.farnost-jablunkov.cz\/pl\/wp-json\/wp\/v2\/pages\/856\/revisions"}],"predecessor-version":[{"id":2660,"href":"https:\/\/www.farnost-jablunkov.cz\/pl\/wp-json\/wp\/v2\/pages\/856\/revisions\/2660"}],"wp:attachment":[{"href":"https:\/\/www.farnost-jablunkov.cz\/pl\/wp-json\/wp\/v2\/media?parent=856"}],"curies":[{"name":"wp","href":"https:\/\/api.w.org\/{rel}","templated":true}]}}