{"id":854,"date":"2017-08-29T18:36:37","date_gmt":"2017-08-29T16:36:37","guid":{"rendered":"http:\/\/agathonet.com\/cs\/?page_id=854"},"modified":"2017-09-29T09:26:51","modified_gmt":"2017-09-29T07:26:51","slug":"kaplicka-sv-jana-a-pavla","status":"publish","type":"page","link":"https:\/\/www.farnost-jablunkov.cz\/pl\/kaplicka-sv-jana-a-pavla","title":{"rendered":"\u015bw.Jana i Paw\u0142a"},"content":{"rendered":"<p style=\"text-align: justify;\"><span style=\"font-family: georgia,palatino,serif; font-size: 14pt;\">\u00a0\u00a0\u00a0\u00a0\u00a0\u00a0\u00a0\u00a0\u00a0\u00a0\u00a0<img loading=\"lazy\" decoding=\"async\" class=\"alignleft wp-image-1179 size-medium\" src=\"www.farnost-jablunkov.cz\/wp-content\/uploads\/2017\/08\/DSC01142-500x375.jpg\" alt=\"\" width=\"500\" height=\"375\" srcset=\"https:\/\/www.farnost-jablunkov.cz\/wp-content\/uploads\/2017\/08\/DSC01142-500x375.jpg 500w, https:\/\/www.farnost-jablunkov.cz\/wp-content\/uploads\/2017\/08\/DSC01142-768x576.jpg 768w, https:\/\/www.farnost-jablunkov.cz\/wp-content\/uploads\/2017\/08\/DSC01142-1024x768.jpg 1024w, https:\/\/www.farnost-jablunkov.cz\/wp-content\/uploads\/2017\/08\/DSC01142.jpg 1366w\" sizes=\"(max-width: 500px) 100vw, 500px\" \/> <\/span>\u00a0 \u00a0 <span style=\"font-family: georgia, palatino, serif; font-size: 14pt;\">Na granicy Jab\u0142onkowa i Nawsia na wzg\u00f3rzu nad by\u0142\u0105 Pilan\u0105 by\u0142a w 1890 roku, \u00a0przez rodzin\u0119 Baselidosow\u0105,\u00a0 wybudowana kaplica \u015bw. Jana i Paw\u0142a. Jan Baselides by\u0142 w\u0142a\u015bcicielem sklepu z\u00a0r\u00f3\u017cnorodnym towarem.\u00a0 Mia\u0142 jedynego syna, z kt\u00f3rym wi\u0105za\u0142 wielk\u0105 nadziej\u0119, \u017ce pewnego dnia przejmie po nim sklep. Kiedy syn mia\u0142 swoje lata i by\u0142 zobowi\u0105zany do odbycia s\u0142u\u017cby wojskowej, umy\u015bli\u0142 sobie, \u017ce przygotuje sobie eliksir, kt\u00f3ry po spo\u017cyciu spowoduje chorob\u0119 i komisja uzna go niezdatynm do odbycia s\u0142u\u017cby wojskowej. Ze sklepu swojego ojca zabra\u0142 potrzebne surowce do sporz\u0105dzenia eliksiru. Po jego spo\u017cyciu zasn\u0105\u0142\u00a0 i\u00a0 rano ju\u017c go rodzice nie obudzili. By\u0142a to dla nich olbrzymia tragedia. Ztracili jedynego syna i jednocze\u015bnie jego czyn zosta\u0142 zakwalifikowany przez ludzi jako samob\u00f3jstwo, co w wierze katolickiej jest grzechem ci\u0119\u017ckim. Dlatego Baselidesowie zdecydowali na swoim polu wybudowa\u0107 kapliczk\u0119, kt\u00f3ra przez d\u0142ugie lata przypomina\u0142a tragiczne wydarzenie i zarazem by\u0142a umocnieniem pro\u015bby rodzic\u00f3w wzgl\u0119dem Boga za odpusczenie\u00a0 wykroczenia pope\u0142nionego przez syna.<\/span><\/p>\n<p style=\"text-align: justify;\"><span style=\"font-family: georgia, palatino, serif; font-size: 14pt;\">\u00a0\u00a0\u00a0\u00a0\u00a0\u00a0\u00a0\u00a0\u00a0\u00a0\u00a0\u00a0\u00a0\u00a0\u00a0 \u015aciany kaplicy zosta\u0142y zbudowane z kamienia a sklepienie z cegie\u0142. Na pro\u015bb\u0119 Baselides\u00f3w wn\u0119trze kaplicy zosta\u0142o przyozdobione Siostrami El\u017cbietankami. Nad o\u0142tarzem by\u0142a rze\u017aba Jezusa wykonana z gipsu, kt\u00f3ra po raz trzeci spad\u0142a pod ci\u0119\u017carem krzy\u017ca. Nast\u0119pnie tutaj znajdowa\u0142y si\u0119 drewniane figurki aposto\u0142\u00f3w Jana i Paw\u0142a m\u0119czennika \u00a0oraz \u015bwieczniki. \u015awi\u0119ci Jan i Pawe\u0142 ochraniaj\u0105 przed kl\u0119skami \u017cywio\u0142owymi \u00a0i wszelkimi nawa\u0142nicami \u2013 gromem, piorunem, gradem i wichur\u0105. Wierz\u0105cy cz\u0119sto w swoich modlitwach zwracali si\u0119 do \u015bwi\u0119tych Jana i Paw\u0142a z pro\u015bb\u0105, \u017ceby zosta\u0142y odwr\u00f3cone kl\u0119ski \u017cywio\u0142owe i zosta\u0142y ustrze\u017cone urodzaje. Podczas 1. wojny \u015bwiatowej \u017cony i matki prosi\u0142y \u015bwi\u0119tych Jana i Paw\u0142a o szcz\u0119\u015bliwy powr\u00f3t swoich ma\u0142\u017conk\u00f3w i syn\u00f3w z kampanii wojennej.<\/span><\/p>\n<p style=\"text-align: justify;\"><span style=\"font-family: georgia, palatino, serif; font-size: 14pt;\">\u00a0\u00a0\u00a0\u00a0\u00a0\u00a0\u00a0\u00a0\u00a0\u00a0\u00a0\u00a0\u00a0\u00a0\u00a0 Baselidesowie w trosce o zachowanie pi\u0119kna kaplicy dla kolejnych pokole\u0144 przekazali j\u0105 darem &#8211;\u00a0 \u0142\u0105cznie z pobliskim polem &#8211; Siostrom El\u017cbietankom. W latach 1920-1939 w \u015bwi\u0119to \u015bw. Piotra i Paw\u0142a (29.6.) chodzili Jab\u0142onkowianie do kapliczki w procesjach, prosz\u0105c o zachowanie urodzaj\u00f3w i maj\u0105tku. Ten dzie\u0144 by\u0142 w\u00f3wczas \u015bwi\u0119tem ko\u015bcielnym, st\u0105d nie pracowa\u0142o si\u0119, i w procesjach bra\u0142o udzia\u0142 mn\u00f3stwo ludzi. Kap\u0142an Jerzy Diehel, kt\u00f3ry by\u0142 duszpasterzem w klaszornym ko\u015bciele u Si\u00f3str El\u017cbietanek, w latach 70-tych za\u0142atwi\u0142 pozwolenie corocznego odprawiania Mszy \u015bw. w\u00a0 kapliczce \u015bw. Jana i Paw\u0142a w dniu 26.6. Tak\u017ce w dzisiejszych czasach pod koniec czerwca wychodzi piesza pielgrzymka od klasztoru Si\u00f3str El\u017cbietanek do kapliczki nad by\u0142\u0105 Pilan\u0105.<\/span><\/p>\n<p style=\"text-align: justify;\"><span style=\"font-family: georgia, palatino, serif; font-size: 14pt;\">\u00a0\u00a0\u00a0\u00a0\u00a0\u00a0\u00a0\u00a0\u00a0\u00a0\u00a0\u00a0\u00a0\u00a0\u00a0 W latach 60-tych kaplica zosta\u0142a na nowo otynkowana, dach by\u0142 oczyszczony, by\u0142y dane nowe rynny a wn\u0119trze zosta\u0142o pomalowane. Niestety, nawet ta pami\u0105tka nie zosta\u0142a ustrze\u017cona przed z\u0142odziejami W latach 70-tych z\u0142odziej siekier\u0105 uszkodzi\u0142 drzewi wej\u015bciowe i wykrad\u0142 2 obrazy (\u015bw. Pelagiusz przed Kalifem i \u015bw. Antoni upadaj\u0105cy na kolana przed Naj\u015bwi\u0105tszym Sakramentem), drewniane figury \u015bw. Jana i Paw\u0142a i \u015bwieczniki.<\/span><\/p>\n<p style=\"text-align: justify;\"><span style=\"font-family: georgia, palatino, serif; font-size: 14pt;\">\u00a0\u00a0\u00a0\u00a0\u00a0\u00a0\u00a0\u00a0\u00a0\u00a0\u00a0\u00a0\u00a0\u00a0\u00a0 Obecnie we wn\u0119trzu kaplicy jest o\u0142tarz z rze\u017ab\u0105 Jezusa Chrystusa, wykonan\u0105 z gipsu\u00a0 i drewniane figurki aposto\u0142\u00f3w Jana i Paw\u0142a.<\/span><\/p>\n<p><img loading=\"lazy\" decoding=\"async\" class=\"aligncenter wp-image-1182 size-medium\" src=\"www.farnost-jablunkov.cz\/wp-content\/uploads\/2017\/08\/DSC01143-500x375.jpg\" alt=\"\" width=\"500\" height=\"375\" srcset=\"https:\/\/www.farnost-jablunkov.cz\/wp-content\/uploads\/2017\/08\/DSC01143-500x375.jpg 500w, https:\/\/www.farnost-jablunkov.cz\/wp-content\/uploads\/2017\/08\/DSC01143-768x576.jpg 768w, https:\/\/www.farnost-jablunkov.cz\/wp-content\/uploads\/2017\/08\/DSC01143-1024x768.jpg 1024w, https:\/\/www.farnost-jablunkov.cz\/wp-content\/uploads\/2017\/08\/DSC01143.jpg 1366w\" sizes=\"(max-width: 500px) 100vw, 500px\" \/><\/p>","protected":false},"excerpt":{"rendered":"<p>\u00a0\u00a0\u00a0\u00a0\u00a0\u00a0\u00a0\u00a0\u00a0\u00a0\u00a0 \u00a0 \u00a0 Na granicy Jab\u0142onkowa i Nawsia na wzg\u00f3rzu nad by\u0142\u0105 Pilan\u0105 by\u0142a w 1890 roku, \u00a0przez rodzin\u0119 Baselidosow\u0105,\u00a0 wybudowana kaplica \u015bw. Jana i Paw\u0142a. Jan Baselides by\u0142 w\u0142a\u015bcicielem sklepu z\u00a0r\u00f3\u017cnorodnym towarem.\u00a0 Mia\u0142 jedynego syna, z kt\u00f3rym wi\u0105za\u0142 wielk\u0105 nadziej\u0119, \u017ce pewnego dnia przejmie po nim sklep. Kiedy syn mia\u0142 swoje lata i by\u0142 [&hellip;]<\/p>\n","protected":false},"author":1,"featured_media":0,"parent":0,"menu_order":0,"comment_status":"closed","ping_status":"closed","template":"","meta":{"_exactmetrics_skip_tracking":false,"_exactmetrics_sitenote_active":false,"_exactmetrics_sitenote_note":"","_exactmetrics_sitenote_category":0,"_monsterinsights_skip_tracking":false,"_monsterinsights_sitenote_active":false,"_monsterinsights_sitenote_note":"","_monsterinsights_sitenote_category":0,"footnotes":""},"class_list":["post-854","page","type-page","status-publish","hentry"],"aioseo_notices":[],"_links":{"self":[{"href":"https:\/\/www.farnost-jablunkov.cz\/pl\/wp-json\/wp\/v2\/pages\/854"}],"collection":[{"href":"https:\/\/www.farnost-jablunkov.cz\/pl\/wp-json\/wp\/v2\/pages"}],"about":[{"href":"https:\/\/www.farnost-jablunkov.cz\/pl\/wp-json\/wp\/v2\/types\/page"}],"author":[{"embeddable":true,"href":"https:\/\/www.farnost-jablunkov.cz\/pl\/wp-json\/wp\/v2\/users\/1"}],"replies":[{"embeddable":true,"href":"https:\/\/www.farnost-jablunkov.cz\/pl\/wp-json\/wp\/v2\/comments?post=854"}],"version-history":[{"count":10,"href":"https:\/\/www.farnost-jablunkov.cz\/pl\/wp-json\/wp\/v2\/pages\/854\/revisions"}],"predecessor-version":[{"id":1732,"href":"https:\/\/www.farnost-jablunkov.cz\/pl\/wp-json\/wp\/v2\/pages\/854\/revisions\/1732"}],"wp:attachment":[{"href":"https:\/\/www.farnost-jablunkov.cz\/pl\/wp-json\/wp\/v2\/media?parent=854"}],"curies":[{"name":"wp","href":"https:\/\/api.w.org\/{rel}","templated":true}]}}