{"id":825,"date":"2018-12-31T11:15:25","date_gmt":"2018-12-31T10:15:25","guid":{"rendered":"http:\/\/agathonet.com\/cs\/?page_id=825"},"modified":"2022-01-04T16:45:04","modified_gmt":"2022-01-04T15:45:04","slug":"kaple-na-kozubove","status":"publish","type":"page","link":"https:\/\/www.farnost-jablunkov.cz\/pl\/kaple-na-kozubove","title":{"rendered":"Kaplica na Kozubowej"},"content":{"rendered":"<p style=\"text-align: center;\"><span style=\"font-size: 14pt; color: #800000;\"><strong><span style=\"font-family: georgia,palatino,serif;\"><img loading=\"lazy\" decoding=\"async\" class=\"alignright wp-image-826 \" src=\"www.farnost-jablunkov.cz\/wp-content\/uploads\/2017\/08\/DSC00967-300x225.jpg\" alt=\"\" width=\"403\" height=\"302\" srcset=\"https:\/\/www.farnost-jablunkov.cz\/wp-content\/uploads\/2017\/08\/DSC00967-300x225.jpg 300w, https:\/\/www.farnost-jablunkov.cz\/wp-content\/uploads\/2017\/08\/DSC00967-768x576.jpg 768w, https:\/\/www.farnost-jablunkov.cz\/wp-content\/uploads\/2017\/08\/DSC00967-1024x768.jpg 1024w, https:\/\/www.farnost-jablunkov.cz\/wp-content\/uploads\/2017\/08\/DSC00967.jpg 1365w\" sizes=\"(max-width: 403px) 100vw, 403px\" \/><\/span><\/strong><\/span><\/p>\n<p><\/span><\/p>\n<p style=\"text-align: justify;\"><span style=\"font-size: 14pt; color: #800000;\"><strong><span style=\"font-family: georgia,palatino,serif;\">MSZE \u015aW:<\/span><\/strong><\/span><\/p>\n<ul>\n<li><span style=\"font-family: georgia,palatino,serif; font-size: 14pt; color: #000000;\">NA ZAKO\u0143CZENIE ROKU 31 grudnia o godz. 11.00<\/span><\/li>\n<li style=\"text-align: justify;\"><span style=\"font-family: georgia,palatino,serif; font-size: 14pt; color: #000000;\">UROCZYSTO\u015a\u0106 ODPUSTOWA KU CZCI \u015aW. ANNY zawsze w lipcu w najbli\u017csz\u0105 niedziel\u0119 przy wspomnieniu \u015bw. Anny o godzinie 9.00 i o 11.00<br \/>\n<\/span><\/li>\n<\/ul>\n<p style=\"text-align: justify;\"><span style=\"font-size: 14pt; color: #800000;\"><strong><span style=\"font-family: georgia,palatino,serif;\">HISTORIA<\/span><\/strong><\/span><\/p>\n<p style=\"text-align: justify;\"><span style=\"font-family: georgia,palatino,serif; font-size: 14pt;\">Inacjatorem wystawienia kaplicy na Kozubowej by\u0142 katolicki ksi\u0105dz z Gnojnika &#8211; Rudolf\u00a0 P\u0142oszek. Kaplic\u0119 projektowa\u0142 czeskocieszy\u0144ski architekt Edward Dawid, kt\u00f3ry by\u0142 r\u00f3wnie\u017c autorem s\u0105siaduj\u0105cego schroniska turystycznego. Prace budowlane zosta\u0142y wykonane przez budowniczego Kiszu z Ropicy w latach 1936 &#8211; 1937, odk\u0105d maj\u0105 miejsce ka\u017cdoroczne odpusty ku czci \u015bsw. Anny.\u00a0 Cz\u0119\u015bci\u0105 objektu sta\u0142a si\u0119 i wie\u017ca z jednym dzwonem.<\/span><\/p>\n<p style=\"text-align: justify;\"><span style=\"font-family: georgia,palatino,serif; font-size: 14pt;\">\u00a0\u00a0\u00a0\u00a0\u00a0\u00a0\u00a0\u00a0\u00a0 Uroczyste po\u015bwi\u0119cenie kaplicy \u015bw. Anny, patronki matek, \u00a0mia\u0142o miejsce 27 lipca 1937 roku, z udzia\u0142em 10 000 ludzi. <\/span><br \/>\n<span style=\"font-family: georgia,palatino,serif; font-size: 14pt;\"> Opr\u00f3cz \u015bwi\u0119ta \u015bw. Anny w kaplicy odprawia si\u0119 Msze \u015bw. 8 maja, na \u015bw. Jadwig\u0119 i Sylwestera.\u00a0<\/span><\/p>\n<p style=\"text-align: justify;\"><span style=\"font-family: georgia,palatino,serif; font-size: 14pt;\">\u00a0\u00a0\u00a0\u00a0\u00a0\u00a0\u00a0\u00a0\u00a0 Gdy okaza\u0142o si\u0119, \u017ce kaplica potrzebuje remontu, zawsze znale\u017ali si\u0119 ofiarni parafianie, kt\u00f3rzy, na wezwanie ksi\u0119\u017cy proboszcz\u00f3w jab\u0142onkowskich ch\u0119tnie po\u015bpieszyli z\u00a0pomoc\u0105. I tak w roku 1968 zamieniono drewniane schody prowadz\u0105ce na wie\u017c\u0119 na schody \u017celazne. W 1985 roku zdj\u0119to pierwotne pokrycie dachu kaplicy (eternit) i pokryto j\u0105 blach\u0105 miedzian\u0105, kt\u00f3ra uprzednio znajdowa\u0142a si\u0119 na dachu ko\u015bcio\u0142a parafialnego w Jab\u0142onkowie. W latach 1998 &#8211; 1999 zosta\u0142 przeprowadzony remont kaplicy wewn\u0105trz i na zewn\u0105trz.<\/span><\/p>\n<p style=\"text-align: justify;\"><span style=\"font-family: georgia,palatino,serif; font-size: 14pt;\">\u00a0\u00a0\u00a0\u00a0\u00a0\u00a0\u00a0\u00a0\u00a0\u00a0 Po osiemnastu latach , w lipcu 2017 roku , okaza\u0142a si\u0119 konieczna kolejna rekonstrukcja \u2013 w zwi\u0105zku z jubileuszem 80. rocznicy wybudowania i po\u015bwi\u0119cenia kaplicy \u015bw. Anny. Z inicjatywy jab\u0142onkowskiego proboszcza Janusza Kiwak zosta\u0142o po\u0142o\u017cone 35 m kwadratowych kamiennej posadzki, na specjalnie przygotowanym wale; zewn\u0119trzna cz\u0119\u015b\u0107 kamiennego ok\u0142adu kaplicy na nowo \u201eo\u017cy\u0142a\u201d dzi\u0119ki wyczyszczeniu i wyeliminowaniu mchu; tak\u017ce zosta\u0142y zabudowane nowe polne \u0142awki wok\u00f3\u0142 kaplicy. Kaplica zosta\u0142a te\u017c na nowo wymalowana, ozdobiona \u017celaznymi kratami i nowymi wej\u015bciowymi drzwiami z d\u0119bu. Tak\u017ce zosta\u0142o zaistalowane nowe nag\u0142o\u015bnienie, kt\u00f3re umo\u017cliwi s\u0142uchanie nabo\u017ce\u0144stw tak\u017ce uczestnikom zgromadzonym na zewn\u0105trz kaplicy. Zosta\u0142a przeprowadzona wycinka drzew, dla lepszego widoku z wie\u017cy,i w ca\u0142o\u015bci kaplica zosta\u0142a o\u015bwietlona. \u0141\u0105czna cena renowacji wynosi\u0142a 382 000 K\u010d. W niedziel\u0119 30- 7- 2017, wdzie\u0144 uroczysto\u015bci odpustowej ku czci \u015bw. Anny, by\u0142a kaplica uroczy\u015bcie po\u015bwi\u0119cona proboszczem Januszem Kiwak.<\/span><\/p>\n<p style=\"text-align: justify;\"><span style=\"font-family: georgia,palatino,serif; font-size: 14pt;\">\u00a0\u00a0\u00a0\u00a0\u00a0\u00a0\u00a0\u00a0\u00a0\u00a0\u00a0 Kaplica ma liczne walory turystyczne. Z\u00a0jej 22m wie\u017cy mo\u017cna ogl\u0105da\u0107 przepi\u0119kny krajobraz. Jak na d\u0142oni lepy dolina Olzy, na wsch\u00f3d Sto\u017cek, za nim pasmo Wi\u015bla\u0144skie od Baraniej G\u00f3ry po Klimczok, przepi\u0119kny jest widok na Girow\u0105, Prze\u0142\u0119cz Jab\u0142onkowsk\u0105, Ma\u0142\u0105 Fatr\u0119, Rozsutec.<\/span><\/p>\n<p style=\"text-align: center;\"><span style=\"font-family: georgia,palatino,serif; font-size: 14pt;\"><strong><span style=\"color: #800000;\">FOTOGALERIE<\/span><\/strong><\/span><\/p>\n\n\t\t<style type=\"text\/css\">\n\t\t\t#gallery-1 {\n\t\t\t\tmargin: auto;\n\t\t\t}\n\t\t\t#gallery-1 .gallery-item {\n\t\t\t\tfloat: left;\n\t\t\t\tmargin-top: 10px;\n\t\t\t\ttext-align: center;\n\t\t\t\twidth: 14%;\n\t\t\t}\n\t\t\t#gallery-1 img {\n\t\t\t\tborder: 2px solid #cfcfcf;\n\t\t\t}\n\t\t\t#gallery-1 .gallery-caption {\n\t\t\t\tmargin-left: 0;\n\t\t\t}\n\t\t\t\/* see gallery_shortcode() in wp-includes\/media.php *\/\n\t\t<\/style>\n\t\t<div id='gallery-1' class='gallery galleryid-825 gallery-columns-7 gallery-size-thumbnail'><dl class='gallery-item'>\n\t\t\t<dt class='gallery-icon landscape'>\n\t\t\t\t<a href='https:\/\/www.farnost-jablunkov.cz\/wp-content\/uploads\/2017\/08\/DSC00956.jpg' title=\"\" data-rl_title=\"\" class=\"rl-gallery-link\" data-rl_caption=\"\" data-rel=\"lightbox-gallery-1\"><img loading=\"lazy\" decoding=\"async\" width=\"150\" height=\"150\" src=\"https:\/\/www.farnost-jablunkov.cz\/wp-content\/uploads\/2017\/08\/DSC00956-150x150.jpg\" class=\"attachment-thumbnail size-thumbnail\" alt=\"\" srcset=\"https:\/\/www.farnost-jablunkov.cz\/wp-content\/uploads\/2017\/08\/DSC00956-150x150.jpg 150w, https:\/\/www.farnost-jablunkov.cz\/wp-content\/uploads\/2017\/08\/DSC00956-300x300.jpg 300w\" sizes=\"(max-width: 150px) 100vw, 150px\" \/><\/a>\n\t\t\t<\/dt><\/dl><dl class='gallery-item'>\n\t\t\t<dt class='gallery-icon landscape'>\n\t\t\t\t<a href='https:\/\/www.farnost-jablunkov.cz\/wp-content\/uploads\/2017\/08\/DSC00958.jpg' title=\"\" data-rl_title=\"\" class=\"rl-gallery-link\" data-rl_caption=\"\" data-rel=\"lightbox-gallery-1\"><img loading=\"lazy\" decoding=\"async\" width=\"150\" height=\"150\" src=\"https:\/\/www.farnost-jablunkov.cz\/wp-content\/uploads\/2017\/08\/DSC00958-150x150.jpg\" class=\"attachment-thumbnail size-thumbnail\" alt=\"\" srcset=\"https:\/\/www.farnost-jablunkov.cz\/wp-content\/uploads\/2017\/08\/DSC00958-150x150.jpg 150w, https:\/\/www.farnost-jablunkov.cz\/wp-content\/uploads\/2017\/08\/DSC00958-300x300.jpg 300w\" sizes=\"(max-width: 150px) 100vw, 150px\" \/><\/a>\n\t\t\t<\/dt><\/dl><dl class='gallery-item'>\n\t\t\t<dt class='gallery-icon portrait'>\n\t\t\t\t<a href='https:\/\/www.farnost-jablunkov.cz\/wp-content\/uploads\/2017\/08\/DSC00959.jpg' title=\"\" data-rl_title=\"\" class=\"rl-gallery-link\" data-rl_caption=\"\" data-rel=\"lightbox-gallery-1\"><img loading=\"lazy\" decoding=\"async\" width=\"150\" height=\"150\" src=\"https:\/\/www.farnost-jablunkov.cz\/wp-content\/uploads\/2017\/08\/DSC00959-150x150.jpg\" class=\"attachment-thumbnail size-thumbnail\" alt=\"\" srcset=\"https:\/\/www.farnost-jablunkov.cz\/wp-content\/uploads\/2017\/08\/DSC00959-150x150.jpg 150w, https:\/\/www.farnost-jablunkov.cz\/wp-content\/uploads\/2017\/08\/DSC00959-300x300.jpg 300w\" sizes=\"(max-width: 150px) 100vw, 150px\" \/><\/a>\n\t\t\t<\/dt><\/dl><dl class='gallery-item'>\n\t\t\t<dt class='gallery-icon portrait'>\n\t\t\t\t<a href='https:\/\/www.farnost-jablunkov.cz\/wp-content\/uploads\/2017\/08\/DSC00970.jpg' title=\"\" data-rl_title=\"\" class=\"rl-gallery-link\" data-rl_caption=\"\" data-rel=\"lightbox-gallery-1\"><img loading=\"lazy\" decoding=\"async\" width=\"150\" height=\"150\" src=\"https:\/\/www.farnost-jablunkov.cz\/wp-content\/uploads\/2017\/08\/DSC00970-150x150.jpg\" class=\"attachment-thumbnail size-thumbnail\" alt=\"\" srcset=\"https:\/\/www.farnost-jablunkov.cz\/wp-content\/uploads\/2017\/08\/DSC00970-150x150.jpg 150w, https:\/\/www.farnost-jablunkov.cz\/wp-content\/uploads\/2017\/08\/DSC00970-300x300.jpg 300w\" sizes=\"(max-width: 150px) 100vw, 150px\" \/><\/a>\n\t\t\t<\/dt><\/dl><dl class='gallery-item'>\n\t\t\t<dt class='gallery-icon landscape'>\n\t\t\t\t<a href='https:\/\/www.farnost-jablunkov.cz\/wp-content\/uploads\/2017\/08\/DSC00975.jpg' title=\"\" data-rl_title=\"\" class=\"rl-gallery-link\" data-rl_caption=\"\" data-rel=\"lightbox-gallery-1\"><img loading=\"lazy\" decoding=\"async\" width=\"150\" height=\"150\" src=\"https:\/\/www.farnost-jablunkov.cz\/wp-content\/uploads\/2017\/08\/DSC00975-150x150.jpg\" class=\"attachment-thumbnail size-thumbnail\" alt=\"\" srcset=\"https:\/\/www.farnost-jablunkov.cz\/wp-content\/uploads\/2017\/08\/DSC00975-150x150.jpg 150w, https:\/\/www.farnost-jablunkov.cz\/wp-content\/uploads\/2017\/08\/DSC00975-300x300.jpg 300w\" sizes=\"(max-width: 150px) 100vw, 150px\" \/><\/a>\n\t\t\t<\/dt><\/dl><dl class='gallery-item'>\n\t\t\t<dt class='gallery-icon landscape'>\n\t\t\t\t<a href='https:\/\/www.farnost-jablunkov.cz\/wp-content\/uploads\/2017\/08\/DSC00967-1.jpg' title=\"\" data-rl_title=\"\" class=\"rl-gallery-link\" data-rl_caption=\"\" data-rel=\"lightbox-gallery-1\"><img loading=\"lazy\" decoding=\"async\" width=\"150\" height=\"150\" src=\"https:\/\/www.farnost-jablunkov.cz\/wp-content\/uploads\/2017\/08\/DSC00967-1-150x150.jpg\" class=\"attachment-thumbnail size-thumbnail\" alt=\"\" srcset=\"https:\/\/www.farnost-jablunkov.cz\/wp-content\/uploads\/2017\/08\/DSC00967-1-150x150.jpg 150w, https:\/\/www.farnost-jablunkov.cz\/wp-content\/uploads\/2017\/08\/DSC00967-1-300x300.jpg 300w\" sizes=\"(max-width: 150px) 100vw, 150px\" \/><\/a>\n\t\t\t<\/dt><\/dl><dl class='gallery-item'>\n\t\t\t<dt class='gallery-icon landscape'>\n\t\t\t\t<a href='https:\/\/www.farnost-jablunkov.cz\/wp-content\/uploads\/2017\/08\/DSC00980.jpg' title=\"\" data-rl_title=\"\" class=\"rl-gallery-link\" data-rl_caption=\"\" data-rel=\"lightbox-gallery-1\"><img loading=\"lazy\" decoding=\"async\" width=\"150\" height=\"150\" src=\"https:\/\/www.farnost-jablunkov.cz\/wp-content\/uploads\/2017\/08\/DSC00980-150x150.jpg\" class=\"attachment-thumbnail size-thumbnail\" alt=\"\" srcset=\"https:\/\/www.farnost-jablunkov.cz\/wp-content\/uploads\/2017\/08\/DSC00980-150x150.jpg 150w, https:\/\/www.farnost-jablunkov.cz\/wp-content\/uploads\/2017\/08\/DSC00980-300x300.jpg 300w\" sizes=\"(max-width: 150px) 100vw, 150px\" \/><\/a>\n\t\t\t<\/dt><\/dl><br style=\"clear: both\" \/>\n\t\t<\/div>\n\n<p style=\"text-align: center;\"><span style=\"font-size: 14pt;\"><strong><span style=\"font-family: georgia, palatino, serif; color: #800000;\">OPRAVA V \u010cERVENCI 2017 u p\u0159\u00edle\u017eitost\u00ed 80.v\u00fdro\u010d\u00ed posv\u011bcen\u00ed kaple\u00a0<\/span><\/strong><\/span><\/p>\n\n\t\t<style type=\"text\/css\">\n\t\t\t#gallery-2 {\n\t\t\t\tmargin: auto;\n\t\t\t}\n\t\t\t#gallery-2 .gallery-item {\n\t\t\t\tfloat: left;\n\t\t\t\tmargin-top: 10px;\n\t\t\t\ttext-align: center;\n\t\t\t\twidth: 16%;\n\t\t\t}\n\t\t\t#gallery-2 img {\n\t\t\t\tborder: 2px solid #cfcfcf;\n\t\t\t}\n\t\t\t#gallery-2 .gallery-caption {\n\t\t\t\tmargin-left: 0;\n\t\t\t}\n\t\t\t\/* see gallery_shortcode() in wp-includes\/media.php *\/\n\t\t<\/style>\n\t\t<div id='gallery-2' class='gallery galleryid-825 gallery-columns-6 gallery-size-thumbnail'><dl class='gallery-item'>\n\t\t\t<dt class='gallery-icon portrait'>\n\t\t\t\t<a href='https:\/\/www.farnost-jablunkov.cz\/wp-content\/uploads\/2017\/11\/IMG_20170703_152803.jpg' title=\"\" data-rl_title=\"\" class=\"rl-gallery-link\" data-rl_caption=\"\" data-rel=\"lightbox-gallery-2\"><img loading=\"lazy\" decoding=\"async\" width=\"150\" height=\"150\" src=\"https:\/\/www.farnost-jablunkov.cz\/wp-content\/uploads\/2017\/11\/IMG_20170703_152803-150x150.jpg\" class=\"attachment-thumbnail size-thumbnail\" alt=\"\" srcset=\"https:\/\/www.farnost-jablunkov.cz\/wp-content\/uploads\/2017\/11\/IMG_20170703_152803-150x150.jpg 150w, https:\/\/www.farnost-jablunkov.cz\/wp-content\/uploads\/2017\/11\/IMG_20170703_152803-92x92.jpg 92w, https:\/\/www.farnost-jablunkov.cz\/wp-content\/uploads\/2017\/11\/IMG_20170703_152803-300x300.jpg 300w\" sizes=\"(max-width: 150px) 100vw, 150px\" \/><\/a>\n\t\t\t<\/dt><\/dl><dl class='gallery-item'>\n\t\t\t<dt class='gallery-icon portrait'>\n\t\t\t\t<a href='https:\/\/www.farnost-jablunkov.cz\/wp-content\/uploads\/2017\/11\/IMG_20170703_163847.jpg' title=\"\" data-rl_title=\"\" class=\"rl-gallery-link\" data-rl_caption=\"\" data-rel=\"lightbox-gallery-2\"><img loading=\"lazy\" decoding=\"async\" width=\"150\" height=\"150\" src=\"https:\/\/www.farnost-jablunkov.cz\/wp-content\/uploads\/2017\/11\/IMG_20170703_163847-150x150.jpg\" class=\"attachment-thumbnail size-thumbnail\" alt=\"\" srcset=\"https:\/\/www.farnost-jablunkov.cz\/wp-content\/uploads\/2017\/11\/IMG_20170703_163847-150x150.jpg 150w, https:\/\/www.farnost-jablunkov.cz\/wp-content\/uploads\/2017\/11\/IMG_20170703_163847-92x92.jpg 92w, https:\/\/www.farnost-jablunkov.cz\/wp-content\/uploads\/2017\/11\/IMG_20170703_163847-300x300.jpg 300w\" sizes=\"(max-width: 150px) 100vw, 150px\" \/><\/a>\n\t\t\t<\/dt><\/dl><dl class='gallery-item'>\n\t\t\t<dt class='gallery-icon portrait'>\n\t\t\t\t<a href='https:\/\/www.farnost-jablunkov.cz\/wp-content\/uploads\/2017\/11\/IMG_20170703_163318.jpg' title=\"\" data-rl_title=\"\" class=\"rl-gallery-link\" data-rl_caption=\"\" data-rel=\"lightbox-gallery-2\"><img loading=\"lazy\" decoding=\"async\" width=\"150\" height=\"150\" src=\"https:\/\/www.farnost-jablunkov.cz\/wp-content\/uploads\/2017\/11\/IMG_20170703_163318-150x150.jpg\" class=\"attachment-thumbnail size-thumbnail\" alt=\"\" srcset=\"https:\/\/www.farnost-jablunkov.cz\/wp-content\/uploads\/2017\/11\/IMG_20170703_163318-150x150.jpg 150w, https:\/\/www.farnost-jablunkov.cz\/wp-content\/uploads\/2017\/11\/IMG_20170703_163318-92x92.jpg 92w, https:\/\/www.farnost-jablunkov.cz\/wp-content\/uploads\/2017\/11\/IMG_20170703_163318-300x300.jpg 300w\" sizes=\"(max-width: 150px) 100vw, 150px\" \/><\/a>\n\t\t\t<\/dt><\/dl><dl class='gallery-item'>\n\t\t\t<dt class='gallery-icon portrait'>\n\t\t\t\t<a href='https:\/\/www.farnost-jablunkov.cz\/wp-content\/uploads\/2017\/11\/IMG_20170703_152849.jpg' title=\"\" data-rl_title=\"\" class=\"rl-gallery-link\" data-rl_caption=\"\" data-rel=\"lightbox-gallery-2\"><img loading=\"lazy\" decoding=\"async\" width=\"150\" height=\"150\" src=\"https:\/\/www.farnost-jablunkov.cz\/wp-content\/uploads\/2017\/11\/IMG_20170703_152849-150x150.jpg\" class=\"attachment-thumbnail size-thumbnail\" alt=\"\" srcset=\"https:\/\/www.farnost-jablunkov.cz\/wp-content\/uploads\/2017\/11\/IMG_20170703_152849-150x150.jpg 150w, https:\/\/www.farnost-jablunkov.cz\/wp-content\/uploads\/2017\/11\/IMG_20170703_152849-92x92.jpg 92w, https:\/\/www.farnost-jablunkov.cz\/wp-content\/uploads\/2017\/11\/IMG_20170703_152849-300x300.jpg 300w\" sizes=\"(max-width: 150px) 100vw, 150px\" \/><\/a>\n\t\t\t<\/dt><\/dl><dl class='gallery-item'>\n\t\t\t<dt class='gallery-icon portrait'>\n\t\t\t\t<a href='https:\/\/www.farnost-jablunkov.cz\/wp-content\/uploads\/2017\/11\/IMG_20170703_152814.jpg' title=\"\" data-rl_title=\"\" class=\"rl-gallery-link\" data-rl_caption=\"\" data-rel=\"lightbox-gallery-2\"><img loading=\"lazy\" decoding=\"async\" width=\"150\" height=\"150\" src=\"https:\/\/www.farnost-jablunkov.cz\/wp-content\/uploads\/2017\/11\/IMG_20170703_152814-150x150.jpg\" class=\"attachment-thumbnail size-thumbnail\" alt=\"\" srcset=\"https:\/\/www.farnost-jablunkov.cz\/wp-content\/uploads\/2017\/11\/IMG_20170703_152814-150x150.jpg 150w, https:\/\/www.farnost-jablunkov.cz\/wp-content\/uploads\/2017\/11\/IMG_20170703_152814-92x92.jpg 92w, https:\/\/www.farnost-jablunkov.cz\/wp-content\/uploads\/2017\/11\/IMG_20170703_152814-300x300.jpg 300w\" sizes=\"(max-width: 150px) 100vw, 150px\" \/><\/a>\n\t\t\t<\/dt><\/dl><dl class='gallery-item'>\n\t\t\t<dt class='gallery-icon portrait'>\n\t\t\t\t<a href='https:\/\/www.farnost-jablunkov.cz\/wp-content\/uploads\/2018\/09\/20170527_155910.jpg' title=\"\" data-rl_title=\"\" class=\"rl-gallery-link\" data-rl_caption=\"\" data-rel=\"lightbox-gallery-2\"><img loading=\"lazy\" decoding=\"async\" width=\"150\" height=\"150\" src=\"https:\/\/www.farnost-jablunkov.cz\/wp-content\/uploads\/2018\/09\/20170527_155910-150x150.jpg\" class=\"attachment-thumbnail size-thumbnail\" alt=\"\" srcset=\"https:\/\/www.farnost-jablunkov.cz\/wp-content\/uploads\/2018\/09\/20170527_155910-150x150.jpg 150w, https:\/\/www.farnost-jablunkov.cz\/wp-content\/uploads\/2018\/09\/20170527_155910-300x300.jpg 300w\" sizes=\"(max-width: 150px) 100vw, 150px\" \/><\/a>\n\t\t\t<\/dt><\/dl><br style=\"clear: both\" \/><dl class='gallery-item'>\n\t\t\t<dt class='gallery-icon portrait'>\n\t\t\t\t<a href='https:\/\/www.farnost-jablunkov.cz\/wp-content\/uploads\/2018\/09\/20170527_141539.jpg' title=\"\" data-rl_title=\"\" class=\"rl-gallery-link\" data-rl_caption=\"\" data-rel=\"lightbox-gallery-2\"><img loading=\"lazy\" decoding=\"async\" width=\"150\" height=\"150\" src=\"https:\/\/www.farnost-jablunkov.cz\/wp-content\/uploads\/2018\/09\/20170527_141539-150x150.jpg\" class=\"attachment-thumbnail size-thumbnail\" alt=\"\" srcset=\"https:\/\/www.farnost-jablunkov.cz\/wp-content\/uploads\/2018\/09\/20170527_141539-150x150.jpg 150w, https:\/\/www.farnost-jablunkov.cz\/wp-content\/uploads\/2018\/09\/20170527_141539-300x300.jpg 300w\" sizes=\"(max-width: 150px) 100vw, 150px\" \/><\/a>\n\t\t\t<\/dt><\/dl><dl class='gallery-item'>\n\t\t\t<dt class='gallery-icon portrait'>\n\t\t\t\t<a href='https:\/\/www.farnost-jablunkov.cz\/wp-content\/uploads\/2018\/09\/20170527_141530.jpg' title=\"\" data-rl_title=\"\" class=\"rl-gallery-link\" data-rl_caption=\"\" data-rel=\"lightbox-gallery-2\"><img loading=\"lazy\" decoding=\"async\" width=\"150\" height=\"150\" src=\"https:\/\/www.farnost-jablunkov.cz\/wp-content\/uploads\/2018\/09\/20170527_141530-150x150.jpg\" class=\"attachment-thumbnail size-thumbnail\" alt=\"\" srcset=\"https:\/\/www.farnost-jablunkov.cz\/wp-content\/uploads\/2018\/09\/20170527_141530-150x150.jpg 150w, https:\/\/www.farnost-jablunkov.cz\/wp-content\/uploads\/2018\/09\/20170527_141530-300x300.jpg 300w\" sizes=\"(max-width: 150px) 100vw, 150px\" \/><\/a>\n\t\t\t<\/dt><\/dl><dl class='gallery-item'>\n\t\t\t<dt class='gallery-icon portrait'>\n\t\t\t\t<a href='https:\/\/www.farnost-jablunkov.cz\/wp-content\/uploads\/2018\/09\/20170527_102458.jpg' title=\"\" data-rl_title=\"\" class=\"rl-gallery-link\" data-rl_caption=\"\" data-rel=\"lightbox-gallery-2\"><img loading=\"lazy\" decoding=\"async\" width=\"150\" height=\"150\" src=\"https:\/\/www.farnost-jablunkov.cz\/wp-content\/uploads\/2018\/09\/20170527_102458-150x150.jpg\" class=\"attachment-thumbnail size-thumbnail\" alt=\"\" srcset=\"https:\/\/www.farnost-jablunkov.cz\/wp-content\/uploads\/2018\/09\/20170527_102458-150x150.jpg 150w, https:\/\/www.farnost-jablunkov.cz\/wp-content\/uploads\/2018\/09\/20170527_102458-300x300.jpg 300w\" sizes=\"(max-width: 150px) 100vw, 150px\" \/><\/a>\n\t\t\t<\/dt><\/dl><dl class='gallery-item'>\n\t\t\t<dt class='gallery-icon portrait'>\n\t\t\t\t<a href='https:\/\/www.farnost-jablunkov.cz\/wp-content\/uploads\/2018\/09\/20170527_091425.jpg' title=\"\" data-rl_title=\"\" class=\"rl-gallery-link\" data-rl_caption=\"\" data-rel=\"lightbox-gallery-2\"><img loading=\"lazy\" decoding=\"async\" width=\"150\" height=\"150\" src=\"https:\/\/www.farnost-jablunkov.cz\/wp-content\/uploads\/2018\/09\/20170527_091425-150x150.jpg\" class=\"attachment-thumbnail size-thumbnail\" alt=\"\" srcset=\"https:\/\/www.farnost-jablunkov.cz\/wp-content\/uploads\/2018\/09\/20170527_091425-150x150.jpg 150w, https:\/\/www.farnost-jablunkov.cz\/wp-content\/uploads\/2018\/09\/20170527_091425-300x300.jpg 300w\" sizes=\"(max-width: 150px) 100vw, 150px\" \/><\/a>\n\t\t\t<\/dt><\/dl><dl class='gallery-item'>\n\t\t\t<dt class='gallery-icon portrait'>\n\t\t\t\t<a href='https:\/\/www.farnost-jablunkov.cz\/wp-content\/uploads\/2018\/09\/20170527_091403.jpg' title=\"\" data-rl_title=\"\" class=\"rl-gallery-link\" data-rl_caption=\"\" data-rel=\"lightbox-gallery-2\"><img loading=\"lazy\" decoding=\"async\" width=\"150\" height=\"150\" src=\"https:\/\/www.farnost-jablunkov.cz\/wp-content\/uploads\/2018\/09\/20170527_091403-150x150.jpg\" class=\"attachment-thumbnail size-thumbnail\" alt=\"\" srcset=\"https:\/\/www.farnost-jablunkov.cz\/wp-content\/uploads\/2018\/09\/20170527_091403-150x150.jpg 150w, https:\/\/www.farnost-jablunkov.cz\/wp-content\/uploads\/2018\/09\/20170527_091403-300x300.jpg 300w\" sizes=\"(max-width: 150px) 100vw, 150px\" \/><\/a>\n\t\t\t<\/dt><\/dl><dl class='gallery-item'>\n\t\t\t<dt class='gallery-icon portrait'>\n\t\t\t\t<a href='https:\/\/www.farnost-jablunkov.cz\/wp-content\/uploads\/2018\/09\/20170715_153258.jpg' title=\"\" data-rl_title=\"\" class=\"rl-gallery-link\" data-rl_caption=\"\" data-rel=\"lightbox-gallery-2\"><img loading=\"lazy\" decoding=\"async\" width=\"150\" height=\"150\" src=\"https:\/\/www.farnost-jablunkov.cz\/wp-content\/uploads\/2018\/09\/20170715_153258-150x150.jpg\" class=\"attachment-thumbnail size-thumbnail\" alt=\"\" srcset=\"https:\/\/www.farnost-jablunkov.cz\/wp-content\/uploads\/2018\/09\/20170715_153258-150x150.jpg 150w, https:\/\/www.farnost-jablunkov.cz\/wp-content\/uploads\/2018\/09\/20170715_153258-300x300.jpg 300w\" sizes=\"(max-width: 150px) 100vw, 150px\" \/><\/a>\n\t\t\t<\/dt><\/dl><br style=\"clear: both\" \/>\n\t\t<\/div>","protected":false},"excerpt":{"rendered":"<p>MSZE \u015aW: NA ZAKO\u0143CZENIE ROKU 31 grudnia o godz. 11.00 UROCZYSTO\u015a\u0106 ODPUSTOWA KU CZCI \u015aW. ANNY zawsze w lipcu w najbli\u017csz\u0105 niedziel\u0119 przy wspomnieniu \u015bw. Anny o godzinie 9.00 i o 11.00 HISTORIA Inacjatorem wystawienia kaplicy na Kozubowej by\u0142 katolicki ksi\u0105dz z Gnojnika &#8211; Rudolf\u00a0 P\u0142oszek. Kaplic\u0119 projektowa\u0142 czeskocieszy\u0144ski architekt Edward Dawid, kt\u00f3ry by\u0142 r\u00f3wnie\u017c [&hellip;]<\/p>\n","protected":false},"author":1,"featured_media":0,"parent":0,"menu_order":0,"comment_status":"closed","ping_status":"closed","template":"","meta":{"_exactmetrics_skip_tracking":false,"_exactmetrics_sitenote_active":false,"_exactmetrics_sitenote_note":"","_exactmetrics_sitenote_category":0,"_monsterinsights_skip_tracking":false,"_monsterinsights_sitenote_active":false,"_monsterinsights_sitenote_note":"","_monsterinsights_sitenote_category":0,"footnotes":""},"class_list":["post-825","page","type-page","status-publish","hentry"],"aioseo_notices":[],"_links":{"self":[{"href":"https:\/\/www.farnost-jablunkov.cz\/pl\/wp-json\/wp\/v2\/pages\/825"}],"collection":[{"href":"https:\/\/www.farnost-jablunkov.cz\/pl\/wp-json\/wp\/v2\/pages"}],"about":[{"href":"https:\/\/www.farnost-jablunkov.cz\/pl\/wp-json\/wp\/v2\/types\/page"}],"author":[{"embeddable":true,"href":"https:\/\/www.farnost-jablunkov.cz\/pl\/wp-json\/wp\/v2\/users\/1"}],"replies":[{"embeddable":true,"href":"https:\/\/www.farnost-jablunkov.cz\/pl\/wp-json\/wp\/v2\/comments?post=825"}],"version-history":[{"count":23,"href":"https:\/\/www.farnost-jablunkov.cz\/pl\/wp-json\/wp\/v2\/pages\/825\/revisions"}],"predecessor-version":[{"id":6565,"href":"https:\/\/www.farnost-jablunkov.cz\/pl\/wp-json\/wp\/v2\/pages\/825\/revisions\/6565"}],"wp:attachment":[{"href":"https:\/\/www.farnost-jablunkov.cz\/pl\/wp-json\/wp\/v2\/media?parent=825"}],"curies":[{"name":"wp","href":"https:\/\/api.w.org\/{rel}","templated":true}]}}