{"id":807,"date":"2017-12-31T11:00:47","date_gmt":"2017-12-31T10:00:47","guid":{"rendered":"http:\/\/agathonet.com\/cs\/?page_id=807"},"modified":"2024-06-08T19:41:53","modified_gmt":"2024-06-08T17:41:53","slug":"filialni-kostel-na-hrcave","status":"publish","type":"page","link":"https:\/\/www.farnost-jablunkov.cz\/pl\/filialni-kostel-na-hrcave","title":{"rendered":"Fili\u00e1ln\u00ed kostel na Hr\u010dav\u011b"},"content":{"rendered":"<div id=\"attachment_808\" style=\"width: 444px\" class=\"wp-caption alignright\"><img loading=\"lazy\" decoding=\"async\" aria-describedby=\"caption-attachment-808\" class=\"wp-image-808\" src=\"www.farnost-jablunkov.cz\/wp-content\/uploads\/2017\/08\/DSC00929-300x225.jpg\" alt=\"\" width=\"434\" height=\"325\" srcset=\"https:\/\/www.farnost-jablunkov.cz\/wp-content\/uploads\/2017\/08\/DSC00929-300x225.jpg 300w, https:\/\/www.farnost-jablunkov.cz\/wp-content\/uploads\/2017\/08\/DSC00929-768x576.jpg 768w, https:\/\/www.farnost-jablunkov.cz\/wp-content\/uploads\/2017\/08\/DSC00929-1024x768.jpg 1024w, https:\/\/www.farnost-jablunkov.cz\/wp-content\/uploads\/2017\/08\/DSC00929.jpg 1365w\" sizes=\"(max-width: 434px) 100vw, 434px\" \/><p id=\"caption-attachment-808\" class=\"wp-caption-text\">Kostel sv. Cyrila a Metod\u011bje na Hr\u010dav\u011b<\/p><\/div>\n<p style=\"text-align: center;\"><\/p>\n<p style=\"text-align: center;\"><span style=\"font-size: 14pt; color: #800000;\"><strong><span style=\"font-family: georgia,palatino,serif;\">MSZE \u015aW.<\/span><\/strong><\/span><\/p>\n<p style=\"text-align: left;\"><span style=\"font-family: georgia,palatino,serif; font-size: 14pt;\">\u00a0<span style=\"color: #000000;\">NIEDZIELA:\u00a0 11:00 czeski<\/span><br \/>\n<\/span><\/p>\n<p style=\"text-align: center;\"><span style=\"font-size: 14pt;\"><span style=\"font-family: georgia,palatino,serif;\"><strong><span style=\"color: #800000;\">KA\u017bDY MIESI\u0104C<\/span><\/strong><\/span><\/span><\/p>\n<p style=\"text-align: left;\"><span style=\"font-family: georgia, palatino, serif; font-size: 14pt; color: #000000;\">Pierwszy pi\u0105tek miesi\u0105ca &#8211; Msza \u015bw. ku czci Naj. Serca Jezusowego:<\/span><br \/>\n<span style=\"font-family: georgia, palatino, serif; font-size: 14pt; color: #000000;\"> &#8211; o godz. 16.30 Adoracja ( w okresie\u00a0zimowym o\u00a0godz. 15.30)<\/span><br \/>\n<span style=\"font-family: georgia, palatino, serif; font-size: 14pt; color: #000000;\"> &#8211; o godz. 17.00 Msza \u015bw. ( w okresie zimowym o godz. 16.00)\u00a0<\/span><\/p>\n<p style=\"text-align: center;\"><span style=\"font-family: georgia,palatino,serif; font-size: 14pt;\"><strong><span style=\"color: #800000;\">W CI\u0104GU ROKU<\/span><br \/>\n<\/strong><\/span><\/p>\n<ul>\n<li style=\"text-align: left;\"><span style=\"font-family: georgia, palatino, serif; font-size: 14pt; color: #000000;\">Okres Wielkiego Postu &#8211; Droga Krzy\u017cowa w niedziel\u0119 o godz. 10.30<\/span><\/li>\n<li style=\"text-align: left;\"><span style=\"font-family: georgia, palatino, serif; font-size: 14pt; color: #000000;\">Maj &#8211; Nabo\u017ce\u0144stwa Majowe &#8211; 30 min. przed Msz\u0105 \u015bw.<\/span><\/li>\n<li style=\"text-align: left;\"><span style=\"font-family: georgia, palatino, serif; font-size: 14pt; color: #000000;\">Pa\u017adziernik &#8211; nabo\u017ce\u0144stwo R\u00f3\u017ca\u0144cowe &#8211; 30 min. przed msz\u0105 \u015bw.<\/span><\/li>\n<\/ul>\n<p><span style=\"font-size: 14pt;\"><strong><span style=\"color: #993300; font-family: georgia,palatino,serif;\">UROCZYSTO\u015a\u0106 ODPUSTOWA KU CZCI \u015aW. CYRYLA I METODEGO &#8211; w lipcu na wspomnienie \u015bw. Cyryla i Metodego<\/span><\/strong><\/span><\/p>\n<p>&nbsp;<\/p>\n<div><\/div>\n<p style=\"text-align: justify;\"><span style=\"font-size: 14pt; color: #800000;\"><strong><span style=\"font-family: georgia,palatino,serif;\">HISTORIA<\/span><\/strong><\/span><\/p>\n<p style=\"text-align: justify;\"><span style=\"font-family: georgia,palatino,serif; font-size: 14pt;\">\u00a0\u00a0\u00a0\u00a0\u00a0\u00a0\u00a0\u00a0\u00a0 Najstarsze informacje o dzisiejszej Herczawie pochodz\u0105 z roku 1645 w zwi\u0105zku z sza\u0144cami Hertiawa, kt\u00f3re nale\u017ca\u0142y do linii obronnych warowni wybudowanych jako ochrona przed najazdami z terenu W\u0119gier. Pierwszym udokumentowanym obywatelem Herczawy by\u0142 Marcin Palica, kt\u00f3ry tutaj osiad\u0142 oko\u0142o roku 1770. <\/span><br \/>\n<span style=\"font-family: georgia,palatino,serif; font-size: 14pt;\"> Po podziale \u015al\u0105ska Cieszy\u0144skiego w czerwcu 1921 roku Herczawa tymczasowo zosta\u0142a przy\u0142\u0105czona do\u00a0 Republiki Czechos\u0142owackiej, a\u00a0 20 czerwca 1924 ju\u017c oficjalnie poprzez wpis do ksi\u0105g znalaz\u0142a si\u0119 w granicach pa\u0144stwa czechos\u0142owackiego. W tym czasie na Herczaw\u0119 nie prowadzi\u0142a \u017cadna droga, z wyj\u0105tkiem drogi znajduj\u0105cej si\u0119 po polskiej stronie, w s\u0105siedniej Jaworzynce. Herczawa nie posiada\u0142a te\u017c w\u0142asnej szko\u0142y, a po utworzeniu nowej granicy mieszka\u0144cy nie mogli chodzi\u0107 do ko\u015bcio\u0142a do Jaworzynki.<\/span><\/p>\n<p style=\"text-align: justify;\"><span style=\"font-family: georgia,palatino,serif; font-size: 14pt;\">\u00a0\u00a0\u00a0\u00a0\u00a0\u00a0\u00a0\u00a0\u00a0 Ko\u015bci\u00f3\u0142 \u015bw. Cyryla i Metodego na Herczawie wybudowano w 1936 roku na wierzcho\u0142ku stromego zbocza obok strarej drogi wiod\u0105cej do Jaworzynki. Uroczysto\u015b\u0107 jego po\u015bwi\u0119cenia mia\u0142a miejsce 5 lipca tego samego roku, a uroczyst\u0105 Msz\u0119 \u015bw. celebrowa\u0142 pra\u0142at Stanis\u0142aw Weissmann.<\/span><\/p>\n<p style=\"text-align: justify;\"><span style=\"font-family: georgia,palatino,serif; font-size: 14pt;\">\u00a0\u00a0\u00a0\u00a0\u00a0\u00a0\u00a0\u00a0\u00a0 Charakterystyczny drewniany ko\u015bci\u00f3\u0142 pod wezwaniem\u00a0 misjonarzy Cyryla i Metodego zaprojektowa\u0142 Karel N\u00e1h\u016fnek. Niezwyk\u0142\u0105 drewnian\u0105 chrzcielnic\u0105 wyrze\u017abi\u0142 rodak Ond\u0159ej Zogata.<\/span><\/p>\n<p style=\"text-align: justify;\"><span style=\"font-family: georgia,palatino,serif; font-size: 14pt;\">\u00a0\u00a0\u00a0\u00a0\u00a0\u00a0\u00a0\u00a0\u00a0 Ko\u015bci\u00f3\u0142 zbudowano z dok\u0142adnie opracovanych belek, prezbiterium ma zako\u0144czenie w formie tr\u00f3jboku, budynek nakryto bardzo stromym dachem z wie\u017cyczk\u0105. Do\u015b\u0107 ciekawie prezentuje si\u0119 wej\u015bcie do zakrystii dobudowanej za prezbiterium. Wej\u015b\u0107 do niej mo\u017cna bezpo\u015brednio zza o\u0142tarza, gdzie znajduj\u0105 si\u0119 zakryte kotar\u0105 drzwi. Na ma\u0142ym cmentarzu pod ko\u015bcio\u0142em pochowana zosta\u0142a w\u015br\u00f3d tutejszych mieszka\u0144c\u00f3w Anna Hlav\u00e1\u010dov\u00e1 \u2013 babcia znanej czeskiej aktorki Jany Hlav\u00e1\u010dowej.<\/span><\/p>\n<p style=\"text-align: justify;\"><span style=\"font-family: georgia,palatino,serif; font-size: 14pt;\">Po 2.\u00a0 wojnie \u015bwiatowej r\u00f3wnie\u017c by\u0142o wybudowano probostwo, kt\u00f3re jednak by\u0142o za totality postawione jako prywatny dom ks. proboszcza a po jego \u015bmierci budowa dosta\u0142a si\u0119 do r\u0105k jego rodziny.\u00a0 Do dzisiaj s\u0142u\u017cy jako prywatny objekt.<\/span><\/p>\n<p style=\"text-align: justify;\"><span style=\"font-family: georgia,palatino,serif; font-size: 14pt;\">Herczawski ko\u015bci\u00f3\u0142 sta\u0142 si\u0119 miejscem pielgrzymek dla wierz\u0105cych z szerokiej okolicy, r\u00f3wnie\u017c ze S\u0142owacji i Polski.\u00a0 Dla pielgrzym\u00f3w by\u0142a w roku 1937 wystawiona\u00a0 grota z \u017ar\u00f3de\u0142kiem na wz\u00f3r lurdskiej jaskini z kamiennym o\u0142tarzem.\u00a0<\/span><\/p>\n<p style=\"text-align: justify;\"><span style=\"font-family: georgia,palatino,serif; font-size: 14pt;\">\u00a0\u00a0\u00a0\u00a0\u00a0\u00a0\u00a0\u00a0\u00a0 W roku 1942 by\u0142 skonfoskowany na cele wojenne dzwon z br\u0105zu a zast\u0105piony \u017celaznym dzwonem z by\u0142ej dzonnicy ze szko\u0142y w Bukowcu.\u00a0 Dopiero w 2005 by\u0142 dzi\u0119ki kolekcie obywateli Hrczawej wykonany nowy dzwon przez firm\u0119 Tkadlec v\u00a0Halenkov\u011b, kt\u00f3ry otrzyma\u0142 imi\u0119 \u015bw. Cyryl i Metody a by\u0142 po\u015bwi\u0119cony 10. 12. 2005 przez biskupa Franciszka Lobkowicza.\u00a0 Dzwoni na ko\u015bciele od 2.3.2006.<\/span><\/p>\n<p style=\"text-align: justify;\"><span style=\"font-family: georgia,palatino,serif; font-size: 14pt;\">\u00a0\u00a0\u00a0\u00a0\u00a0\u00a0\u00a0\u00a0\u00a0 W roku 2010 zosta\u0142a wyremontowana zakrystia ko\u015bcio\u0142a. Zrobiono now\u0105 betonow\u0105 pod\u0142og\u0119 oraz wyposa\u017cono zakrysit\u0119\u00a0 nowymi meblami i zakupiono komplet nowych ornat\u00f3w.W 2011 roku wymieniono rynny na ca\u0142ym ko\u015bciele oraz drzwi wej\u015bciowe do zakrystii. \u00a0\u00a0<\/span><\/p>\n<p style=\"text-align: justify;\"><span style=\"font-family: georgia,palatino,serif; font-size: 14pt;\">\u00a0\u00a0\u00a0\u00a0\u00a0\u00a0\u00a0\u00a0\u00a0 W 2010 roku zosta\u0142a wybeteonowana pod\u0142oga w zakrystii ko\u015bcio\u0142a \u015bw. Cyryla i Metodego, jak r\u00f3wnie\u017c zosta\u0142a wyposa\u017cona nowymi meblami. W 2011 roku zosta\u0142y wymienione rynny wok\u00f3\u0142 ca\u0142ego ko\u015bcio\u0142a i drzwi wej\u015bciowe do zakrystii. W 2015 roku zosta\u0142 zbudowany o\u0142tarz polowy obok ko\u015bcio\u0142a, u kt\u00f3rego odprawiane s\u0105 uroczyste Msze \u015bw. odpustowe 5. Lipca.<\/span><\/p>\n<p style=\"text-align: justify;\"><span style=\"font-family: georgia,palatino,serif; font-size: 14pt;\">\u00a0\u00a0\u00a0\u00a0\u00a0 W 2016 roku, z okazji 80-tej rocznicy wybudowania i po\u015bwi\u0119cenia ko\u015bcio\u0142a, zosta\u0142a przeprowadzona generalna rekonstrukcja. Odrestaurowane by\u0142y wszystkie statuy. Od ko\u0144ca maja do uroczysto\u015bci \u015bw. Cyryla i Metodego zosta\u0142a zrobiona nowa strzecha (oryginalny eternit), zosta\u0142a zrobiona nowa g\u0142owica ze stali nierdzewnej, do kt\u00f3rej zosta\u0142y u\u0142o\u017cone historyczne dokumenty, monety z naszych czas\u00f3w, a tak\u017ce krzy\u017c, kt\u00f3ry przyozdabia wie\u017c\u0119 ko\u015bcio\u0142a. \u0141\u0105czna cena tej\u017ce rekonstrukcji wynosi\u0142a 1 100 000 K\u010d. Uroczyst\u0105 Msz\u0119 \u015bw. 5.7.2016 odprawi\u0142 dziekan Mons. Rudolf Sikora, kt\u00f3ry jednocze\u015bnie odnowiony ko\u015bci\u00f3\u0142 po\u015bwi\u0119ci\u0142.<\/span><\/p>\n<p style=\"text-align: justify;\"><span style=\"font-family: georgia,palatino,serif; font-size: 14pt;\">\u00a0\u00a0\u00a0\u00a0\u00a0\u00a0\u00a0 5.7.2017, w dniu uroczysto\u015bci odpustowej, po\u015bwi\u0119ci\u0142 miejscowy proboszcz Ks. Janusz Kiwak statuy misjonarzy \u015bw. Cyryla i Metodego, kt\u00f3re zosta\u0142y wyrze\u017abione dzi\u0119ki inicjatywie Piotra Stani, burmistrza gminy.<\/span><\/p>\n<div id=\"attachment_1445\" style=\"width: 400px\" class=\"wp-caption alignright\"><img loading=\"lazy\" decoding=\"async\" aria-describedby=\"caption-attachment-1445\" class=\"wp-image-1445 \" src=\"http:\/\/agathonet.com\/cs\/wp-content\/uploads\/2017\/08\/38816712-500x375.jpg\" alt=\"\" width=\"390\" height=\"293\" srcset=\"https:\/\/www.farnost-jablunkov.cz\/wp-content\/uploads\/2017\/08\/38816712-500x375.jpg 500w, https:\/\/www.farnost-jablunkov.cz\/wp-content\/uploads\/2017\/08\/38816712-768x576.jpg 768w, https:\/\/www.farnost-jablunkov.cz\/wp-content\/uploads\/2017\/08\/38816712.jpg 1024w\" sizes=\"(max-width: 390px) 100vw, 390px\" \/><p id=\"caption-attachment-1445\" class=\"wp-caption-text\">Kapli\u010dka Panny Marie Lurdsk\u00e9 na Hr\u010dav\u011b<\/p><\/div>\n<p><span style=\"font-size: 14pt; color: #800000;\"><strong><span style=\"font-family: georgia, palatino, serif;\">Kapliczka Matki Bo\u017cej Lourdskiej<\/span><\/strong><\/span><\/p>\n<p style=\"text-align: justify;\"><span style=\"font-family: georgia, palatino, serif; font-size: 14pt;\">Kapliczka znajduje si\u0119 250 m na zach\u00f3d od ko\u015bcio\u0142a (trzeba i\u015b\u0107 na d\u00f3\u0142 od ko\u015bcio\u0142a, na skrzy\u017cowanie, 70 m ulic\u0105 wprawo a potem wlewo schoda oko\u0142o 100 m na d\u00f3\u0142 lasem).\u00a0<\/span><span style=\"font-family: georgia, palatino, serif; font-size: 14pt;\">Miejsce gdzie stoi le\u015bny oltarz potocznie nazywa si\u0119 u Panienki (Maryi).<br \/>\n<\/span><span style=\"font-family: georgia, palatino, serif; font-size: 14pt;\">Lourdska jaskinia powsta\u0142a w szczeg\u00f3lnych okoliczno\u015bciach. Przy stawianiu ko\u015bcio\u0142a przywieziono wi\u0119cej kamieni ni\u017c by\u0142o potrzeba . Jeden z cz\u0142onk\u00f3w rady, kt\u00f3ra stawia\u0142a ko\u015bci\u00f3\u0142 \u2013 kierowca nauczyciel Smyczek z Jab\u0142onkowa a r\u00f3wnocze\u015bnie ziemski pose\u0142 zaproponowa\u0142, aby z pozosta\u0142ych kamieni postawi\u0107 w pa\u0144stwowym lesie lourdsk\u0105 jaskini\u0119 z Lourdsk\u0105 Madonn\u0105. Tak si\u0119 sta\u0142o. Lourdska jaskinia by\u0142a postawiona a do niej by\u0142o doprowadzone \u017ar\u00f3d\u0142o wody z brzegu nad grot\u0105. Po\u015bwi\u0119cenie mia\u0142o miejsce dok\u0142adnie rok po po\u015bwi\u0119ceniu ko\u015bcio\u0142a, 5 lipca 1937 roku.<\/span><\/p>\n<p style=\"text-align: justify;\"><span style=\"font-family: georgia, palatino, serif; font-size: 14pt;\">O \u017ar\u00f3de\u0142ku przy grocie m\u00f3wi si\u0119, \u017ce jest cudowne, \u017ce leczy wzrok.\u00a0\u00a0<\/span><\/p>\n<p><\/p>\n<p style=\"text-align: center;\"><span style=\"font-size: 14pt;\"><strong><span style=\"font-family: georgia,palatino,serif; color: #800000;\">FOTOGALERIE<\/span><\/strong><\/span><\/p>\n\n\t\t<style type=\"text\/css\">\n\t\t\t#gallery-1 {\n\t\t\t\tmargin: auto;\n\t\t\t}\n\t\t\t#gallery-1 .gallery-item {\n\t\t\t\tfloat: left;\n\t\t\t\tmargin-top: 10px;\n\t\t\t\ttext-align: center;\n\t\t\t\twidth: 20%;\n\t\t\t}\n\t\t\t#gallery-1 img {\n\t\t\t\tborder: 2px solid #cfcfcf;\n\t\t\t}\n\t\t\t#gallery-1 .gallery-caption {\n\t\t\t\tmargin-left: 0;\n\t\t\t}\n\t\t\t\/* see gallery_shortcode() in wp-includes\/media.php *\/\n\t\t<\/style>\n\t\t<div id='gallery-1' class='gallery galleryid-807 gallery-columns-5 gallery-size-thumbnail'><dl class='gallery-item'>\n\t\t\t<dt class='gallery-icon landscape'>\n\t\t\t\t<a href='https:\/\/www.farnost-jablunkov.cz\/wp-content\/uploads\/2017\/08\/DSC00929.jpg' title=\"\" data-rl_title=\"\" class=\"rl-gallery-link\" data-rl_caption=\"\" data-rel=\"lightbox-gallery-1\"><img loading=\"lazy\" decoding=\"async\" width=\"150\" height=\"150\" src=\"https:\/\/www.farnost-jablunkov.cz\/wp-content\/uploads\/2017\/08\/DSC00929-150x150.jpg\" class=\"attachment-thumbnail size-thumbnail\" alt=\"\" srcset=\"https:\/\/www.farnost-jablunkov.cz\/wp-content\/uploads\/2017\/08\/DSC00929-150x150.jpg 150w, https:\/\/www.farnost-jablunkov.cz\/wp-content\/uploads\/2017\/08\/DSC00929-300x300.jpg 300w\" sizes=\"(max-width: 150px) 100vw, 150px\" \/><\/a>\n\t\t\t<\/dt><\/dl><dl class='gallery-item'>\n\t\t\t<dt class='gallery-icon portrait'>\n\t\t\t\t<a href='https:\/\/www.farnost-jablunkov.cz\/wp-content\/uploads\/2017\/08\/DSC00939.jpg' title=\"\" data-rl_title=\"\" class=\"rl-gallery-link\" data-rl_caption=\"\" data-rel=\"lightbox-gallery-1\"><img loading=\"lazy\" decoding=\"async\" width=\"150\" height=\"150\" src=\"https:\/\/www.farnost-jablunkov.cz\/wp-content\/uploads\/2017\/08\/DSC00939-150x150.jpg\" class=\"attachment-thumbnail size-thumbnail\" alt=\"\" srcset=\"https:\/\/www.farnost-jablunkov.cz\/wp-content\/uploads\/2017\/08\/DSC00939-150x150.jpg 150w, https:\/\/www.farnost-jablunkov.cz\/wp-content\/uploads\/2017\/08\/DSC00939-300x300.jpg 300w\" sizes=\"(max-width: 150px) 100vw, 150px\" \/><\/a>\n\t\t\t<\/dt><\/dl><dl class='gallery-item'>\n\t\t\t<dt class='gallery-icon portrait'>\n\t\t\t\t<a href='https:\/\/www.farnost-jablunkov.cz\/wp-content\/uploads\/2017\/08\/DSC00940.jpg' title=\"\" data-rl_title=\"\" class=\"rl-gallery-link\" data-rl_caption=\"\" data-rel=\"lightbox-gallery-1\"><img loading=\"lazy\" decoding=\"async\" width=\"150\" height=\"150\" src=\"https:\/\/www.farnost-jablunkov.cz\/wp-content\/uploads\/2017\/08\/DSC00940-150x150.jpg\" class=\"attachment-thumbnail size-thumbnail\" alt=\"\" srcset=\"https:\/\/www.farnost-jablunkov.cz\/wp-content\/uploads\/2017\/08\/DSC00940-150x150.jpg 150w, https:\/\/www.farnost-jablunkov.cz\/wp-content\/uploads\/2017\/08\/DSC00940-300x300.jpg 300w\" sizes=\"(max-width: 150px) 100vw, 150px\" \/><\/a>\n\t\t\t<\/dt><\/dl><dl class='gallery-item'>\n\t\t\t<dt class='gallery-icon landscape'>\n\t\t\t\t<a href='https:\/\/www.farnost-jablunkov.cz\/wp-content\/uploads\/2017\/08\/DSC00941.jpg' title=\"\" data-rl_title=\"\" class=\"rl-gallery-link\" data-rl_caption=\"\" data-rel=\"lightbox-gallery-1\"><img loading=\"lazy\" decoding=\"async\" width=\"150\" height=\"150\" src=\"https:\/\/www.farnost-jablunkov.cz\/wp-content\/uploads\/2017\/08\/DSC00941-150x150.jpg\" class=\"attachment-thumbnail size-thumbnail\" alt=\"\" srcset=\"https:\/\/www.farnost-jablunkov.cz\/wp-content\/uploads\/2017\/08\/DSC00941-150x150.jpg 150w, https:\/\/www.farnost-jablunkov.cz\/wp-content\/uploads\/2017\/08\/DSC00941-300x300.jpg 300w\" sizes=\"(max-width: 150px) 100vw, 150px\" \/><\/a>\n\t\t\t<\/dt><\/dl><dl class='gallery-item'>\n\t\t\t<dt class='gallery-icon landscape'>\n\t\t\t\t<a href='https:\/\/www.farnost-jablunkov.cz\/wp-content\/uploads\/2017\/08\/DSC00943.jpg' title=\"\" data-rl_title=\"\" class=\"rl-gallery-link\" data-rl_caption=\"\" data-rel=\"lightbox-gallery-1\"><img loading=\"lazy\" decoding=\"async\" width=\"150\" height=\"150\" src=\"https:\/\/www.farnost-jablunkov.cz\/wp-content\/uploads\/2017\/08\/DSC00943-150x150.jpg\" class=\"attachment-thumbnail size-thumbnail\" alt=\"\" srcset=\"https:\/\/www.farnost-jablunkov.cz\/wp-content\/uploads\/2017\/08\/DSC00943-150x150.jpg 150w, https:\/\/www.farnost-jablunkov.cz\/wp-content\/uploads\/2017\/08\/DSC00943-300x300.jpg 300w\" sizes=\"(max-width: 150px) 100vw, 150px\" \/><\/a>\n\t\t\t<\/dt><\/dl><br style=\"clear: both\" \/><dl class='gallery-item'>\n\t\t\t<dt class='gallery-icon portrait'>\n\t\t\t\t<a href='https:\/\/www.farnost-jablunkov.cz\/wp-content\/uploads\/2017\/08\/DSC00945.jpg' title=\"\" data-rl_title=\"\" class=\"rl-gallery-link\" data-rl_caption=\"\" data-rel=\"lightbox-gallery-1\"><img loading=\"lazy\" decoding=\"async\" width=\"150\" height=\"150\" src=\"https:\/\/www.farnost-jablunkov.cz\/wp-content\/uploads\/2017\/08\/DSC00945-150x150.jpg\" class=\"attachment-thumbnail size-thumbnail\" alt=\"\" srcset=\"https:\/\/www.farnost-jablunkov.cz\/wp-content\/uploads\/2017\/08\/DSC00945-150x150.jpg 150w, https:\/\/www.farnost-jablunkov.cz\/wp-content\/uploads\/2017\/08\/DSC00945-300x300.jpg 300w\" sizes=\"(max-width: 150px) 100vw, 150px\" \/><\/a>\n\t\t\t<\/dt><\/dl><dl class='gallery-item'>\n\t\t\t<dt class='gallery-icon landscape'>\n\t\t\t\t<a href='https:\/\/www.farnost-jablunkov.cz\/wp-content\/uploads\/2017\/08\/DSC00948.jpg' title=\"\" data-rl_title=\"\" class=\"rl-gallery-link\" data-rl_caption=\"\" data-rel=\"lightbox-gallery-1\"><img loading=\"lazy\" decoding=\"async\" width=\"150\" height=\"150\" src=\"https:\/\/www.farnost-jablunkov.cz\/wp-content\/uploads\/2017\/08\/DSC00948-150x150.jpg\" class=\"attachment-thumbnail size-thumbnail\" alt=\"\" srcset=\"https:\/\/www.farnost-jablunkov.cz\/wp-content\/uploads\/2017\/08\/DSC00948-150x150.jpg 150w, https:\/\/www.farnost-jablunkov.cz\/wp-content\/uploads\/2017\/08\/DSC00948-300x300.jpg 300w\" sizes=\"(max-width: 150px) 100vw, 150px\" \/><\/a>\n\t\t\t<\/dt><\/dl><dl class='gallery-item'>\n\t\t\t<dt class='gallery-icon landscape'>\n\t\t\t\t<a href='https:\/\/www.farnost-jablunkov.cz\/wp-content\/uploads\/2017\/08\/DSC00917.jpg' title=\"\" data-rl_title=\"\" class=\"rl-gallery-link\" data-rl_caption=\"\" data-rel=\"lightbox-gallery-1\"><img loading=\"lazy\" decoding=\"async\" width=\"150\" height=\"150\" src=\"https:\/\/www.farnost-jablunkov.cz\/wp-content\/uploads\/2017\/08\/DSC00917-150x150.jpg\" class=\"attachment-thumbnail size-thumbnail\" alt=\"\" srcset=\"https:\/\/www.farnost-jablunkov.cz\/wp-content\/uploads\/2017\/08\/DSC00917-150x150.jpg 150w, https:\/\/www.farnost-jablunkov.cz\/wp-content\/uploads\/2017\/08\/DSC00917-300x300.jpg 300w\" sizes=\"(max-width: 150px) 100vw, 150px\" \/><\/a>\n\t\t\t<\/dt><\/dl><dl class='gallery-item'>\n\t\t\t<dt class='gallery-icon landscape'>\n\t\t\t\t<a href='https:\/\/www.farnost-jablunkov.cz\/wp-content\/uploads\/2017\/08\/DSC00918.jpg' title=\"\" data-rl_title=\"\" class=\"rl-gallery-link\" data-rl_caption=\"\" data-rel=\"lightbox-gallery-1\"><img loading=\"lazy\" decoding=\"async\" width=\"150\" height=\"150\" src=\"https:\/\/www.farnost-jablunkov.cz\/wp-content\/uploads\/2017\/08\/DSC00918-150x150.jpg\" class=\"attachment-thumbnail size-thumbnail\" alt=\"\" srcset=\"https:\/\/www.farnost-jablunkov.cz\/wp-content\/uploads\/2017\/08\/DSC00918-150x150.jpg 150w, https:\/\/www.farnost-jablunkov.cz\/wp-content\/uploads\/2017\/08\/DSC00918-300x300.jpg 300w\" sizes=\"(max-width: 150px) 100vw, 150px\" \/><\/a>\n\t\t\t<\/dt><\/dl><dl class='gallery-item'>\n\t\t\t<dt class='gallery-icon portrait'>\n\t\t\t\t<a href='https:\/\/www.farnost-jablunkov.cz\/wp-content\/uploads\/2017\/08\/DSC00923.jpg' title=\"\" data-rl_title=\"\" class=\"rl-gallery-link\" data-rl_caption=\"\" data-rel=\"lightbox-gallery-1\"><img loading=\"lazy\" decoding=\"async\" width=\"150\" height=\"150\" src=\"https:\/\/www.farnost-jablunkov.cz\/wp-content\/uploads\/2017\/08\/DSC00923-150x150.jpg\" class=\"attachment-thumbnail size-thumbnail\" alt=\"\" srcset=\"https:\/\/www.farnost-jablunkov.cz\/wp-content\/uploads\/2017\/08\/DSC00923-150x150.jpg 150w, https:\/\/www.farnost-jablunkov.cz\/wp-content\/uploads\/2017\/08\/DSC00923-300x300.jpg 300w\" sizes=\"(max-width: 150px) 100vw, 150px\" \/><\/a>\n\t\t\t<\/dt><\/dl><br style=\"clear: both\" \/><dl class='gallery-item'>\n\t\t\t<dt class='gallery-icon portrait'>\n\t\t\t\t<a href='https:\/\/www.farnost-jablunkov.cz\/wp-content\/uploads\/2017\/08\/DSC00920.jpg' title=\"\" data-rl_title=\"\" class=\"rl-gallery-link\" data-rl_caption=\"\" data-rel=\"lightbox-gallery-1\"><img loading=\"lazy\" decoding=\"async\" width=\"150\" height=\"150\" src=\"https:\/\/www.farnost-jablunkov.cz\/wp-content\/uploads\/2017\/08\/DSC00920-150x150.jpg\" class=\"attachment-thumbnail size-thumbnail\" alt=\"\" srcset=\"https:\/\/www.farnost-jablunkov.cz\/wp-content\/uploads\/2017\/08\/DSC00920-150x150.jpg 150w, https:\/\/www.farnost-jablunkov.cz\/wp-content\/uploads\/2017\/08\/DSC00920-300x300.jpg 300w\" sizes=\"(max-width: 150px) 100vw, 150px\" \/><\/a>\n\t\t\t<\/dt><\/dl>\n\t\t\t<br style='clear: both' \/>\n\t\t<\/div>","protected":false},"excerpt":{"rendered":"<p>MSZE \u015aW. \u00a0NIEDZIELA:\u00a0 11:00 czeski KA\u017bDY MIESI\u0104C Pierwszy pi\u0105tek miesi\u0105ca &#8211; Msza \u015bw. ku czci Naj. Serca Jezusowego: &#8211; o godz. 16.30 Adoracja ( w okresie\u00a0zimowym o\u00a0godz. 15.30) &#8211; o godz. 17.00 Msza \u015bw. ( w okresie zimowym o godz. 16.00)\u00a0 W CI\u0104GU ROKU Okres Wielkiego Postu &#8211; Droga Krzy\u017cowa w niedziel\u0119 o godz. 10.30 [&hellip;]<\/p>\n","protected":false},"author":1,"featured_media":808,"parent":0,"menu_order":0,"comment_status":"closed","ping_status":"closed","template":"","meta":{"_exactmetrics_skip_tracking":false,"_exactmetrics_sitenote_active":false,"_exactmetrics_sitenote_note":"","_exactmetrics_sitenote_category":0,"_monsterinsights_skip_tracking":false,"_monsterinsights_sitenote_active":false,"_monsterinsights_sitenote_note":"","_monsterinsights_sitenote_category":0,"footnotes":""},"class_list":["post-807","page","type-page","status-publish","has-post-thumbnail","hentry"],"aioseo_notices":[],"_links":{"self":[{"href":"https:\/\/www.farnost-jablunkov.cz\/pl\/wp-json\/wp\/v2\/pages\/807"}],"collection":[{"href":"https:\/\/www.farnost-jablunkov.cz\/pl\/wp-json\/wp\/v2\/pages"}],"about":[{"href":"https:\/\/www.farnost-jablunkov.cz\/pl\/wp-json\/wp\/v2\/types\/page"}],"author":[{"embeddable":true,"href":"https:\/\/www.farnost-jablunkov.cz\/pl\/wp-json\/wp\/v2\/users\/1"}],"replies":[{"embeddable":true,"href":"https:\/\/www.farnost-jablunkov.cz\/pl\/wp-json\/wp\/v2\/comments?post=807"}],"version-history":[{"count":31,"href":"https:\/\/www.farnost-jablunkov.cz\/pl\/wp-json\/wp\/v2\/pages\/807\/revisions"}],"predecessor-version":[{"id":8121,"href":"https:\/\/www.farnost-jablunkov.cz\/pl\/wp-json\/wp\/v2\/pages\/807\/revisions\/8121"}],"wp:featuredmedia":[{"embeddable":true,"href":"https:\/\/www.farnost-jablunkov.cz\/pl\/wp-json\/wp\/v2\/media\/808"}],"wp:attachment":[{"href":"https:\/\/www.farnost-jablunkov.cz\/pl\/wp-json\/wp\/v2\/media?parent=807"}],"curies":[{"name":"wp","href":"https:\/\/api.w.org\/{rel}","templated":true}]}}