{"id":762,"date":"2021-11-07T10:39:26","date_gmt":"2021-11-07T09:39:26","guid":{"rendered":"http:\/\/agathonet.com\/cs\/?page_id=762"},"modified":"2022-01-12T19:36:45","modified_gmt":"2022-01-12T18:36:45","slug":"filialni-kostel-v-bukovci","status":"publish","type":"page","link":"https:\/\/www.farnost-jablunkov.cz\/pl\/filialni-kostel-v-bukovci","title":{"rendered":"Ko\u015bci\u00f3\u0142 filialny w Bukowcu"},"content":{"rendered":"<div id=\"attachment_769\" style=\"width: 466px\" class=\"wp-caption alignright\"><img loading=\"lazy\" decoding=\"async\" aria-describedby=\"caption-attachment-769\" class=\"wp-image-769 \" src=\"www.farnost-jablunkov.cz\/wp-content\/uploads\/2017\/08\/DSC00909-300x225.jpg\" alt=\"\" width=\"456\" height=\"342\" srcset=\"https:\/\/www.farnost-jablunkov.cz\/wp-content\/uploads\/2017\/08\/DSC00909-300x225.jpg 300w, https:\/\/www.farnost-jablunkov.cz\/wp-content\/uploads\/2017\/08\/DSC00909-768x576.jpg 768w, https:\/\/www.farnost-jablunkov.cz\/wp-content\/uploads\/2017\/08\/DSC00909-1024x768.jpg 1024w, https:\/\/www.farnost-jablunkov.cz\/wp-content\/uploads\/2017\/08\/DSC00909.jpg 1365w\" sizes=\"(max-width: 456px) 100vw, 456px\" \/><p id=\"caption-attachment-769\" class=\"wp-caption-text\">Kostel Nanebevzet\u00ed Panny Marie<\/p><\/div>\n<p><\/span><\/p>\n<p style=\"text-align: justify;\"><span style=\"font-size: 14pt; color: #800000;\"><strong><span style=\"font-family: georgia,palatino,serif;\">MSZE \u015aW.<br \/>\n<\/span><\/strong><\/span><\/p>\n<p style=\"text-align: justify;\"><span style=\"font-family: georgia,palatino,serif; font-size: 14pt; color: #000000;\">NIEDZIELA:\u00a0 07:30 \u010d\/p<br \/>\n<\/span><span style=\"font-family: georgia,palatino,serif; font-size: 14pt; color: #000000;\">10:30 \u010d\/p<br \/>\n<\/span><span style=\"font-family: georgia,palatino,serif; font-size: 14pt; color: #000000;\">Poniedzia\u0142ek:\u00a0 18:00\u010d ( w okresie zimowym o godz. 17:00)<br \/>\n<\/span><span style=\"font-family: georgia,palatino,serif; font-size: 14pt; color: #000000;\">Czwartek:\u00a0\u00a0\u00a0\u00a0\u00a0\u00a0 18:00p ( w okresie zimowym o godz. 17:00)<\/span><\/p>\n<p style=\"text-align: center;\"><strong><span style=\"font-family: georgia, palatino, serif; font-size: 14pt;\">Mo\u017cliwo\u015b\u0107 sakramentu pojedniana p\u00f3\u0142 godziny przed msz\u0105 \u015bwi\u0119t\u0105<\/span><\/strong><\/p>\n<p style=\"text-align: center;\"><span style=\"font-size: 14pt;\"><strong><span style=\"font-family: georgia,palatino,serif; color: #800000;\">KA\u017bDY MIESI\u0104C<\/span><\/strong><\/span><\/p>\n<p><span style=\"font-family: georgia,palatino,serif; font-size: 14pt; color: #000000;\"><strong>Pierwszy pi\u0105tek miesi\u0105ca<\/strong> &#8211; Msza \u015bw. ku czci Naj. Serca Jezusowego:<\/span><br \/>\n<span style=\"font-family: georgia,palatino,serif; font-size: 14pt; color: #000000;\"> &#8211; o godz. 17.00 Adoracja NSO<\/span><br \/>\n<span style=\"font-family: georgia,palatino,serif; font-size: 14pt; color: #000000;\"> &#8211; o godz. 18.00 Msza \u015bw. ( w okresie zimowym o godz. 16.00 Adoracja NSO i Msza \u015bw. o godz. 17.00)<\/span><\/p>\n<p style=\"text-align: justify;\"><span style=\"font-family: georgia,palatino,serif; font-size: 14pt; color: #000000;\"><strong>Sobota Fatimska<\/strong> &#8211; Msza \u015bw. ku czci Niepokalanego Serca Panny Maryi:<\/span><br \/>\n<span style=\"font-family: georgia,palatino,serif; font-size: 14pt; color: #000000;\"> &#8211; o godz. 6.30 Adoracja NSO<\/span><br \/>\n<span style=\"font-family: georgia,palatino,serif; font-size: 14pt; color: #000000;\"> &#8211; o godz. 7.30 Msza \u015bw.<\/span><\/p>\n<p style=\"text-align: center;\"><span style=\"font-size: 14pt;\"><strong><span style=\"font-family: georgia,palatino,serif; color: #800000;\">W CI\u0104GU ROKU <\/span><\/strong><\/span><\/p>\n<p style=\"text-align: justify;\"><span style=\"font-family: georgia,palatino,serif; font-size: 14pt; color: #000000;\"><strong>Okres Wielkiego Postu<\/strong> &#8211; Droga Krzy\u017cowa w poniedzia\u0142ek o godz. 16.30, w czwartek o godz. 16.30 i w niedziel\u0119 po rannej Mszy \u015bw.<br \/>\n<\/span><span style=\"font-family: georgia,palatino,serif; font-size: 14pt; color: #000000;\"><strong>Maj<\/strong> &#8211; Nabo\u017ce\u0144stwa Majowe &#8211; 30 min. przed Msz\u0105 \u015bw.<br \/>\n<\/span><span style=\"font-family: georgia,palatino,serif; font-size: 14pt; color: #000000;\"><strong>Pa\u017adziernik<\/strong> &#8211; nabo\u017ce\u0144stwo R\u00f3\u017ca\u0144cowe &#8211; 30 min. przed msz\u0105 \u015bw.\u00a0 \u00a0<\/span><\/p>\n<p><span style=\"font-size: 14pt;\"><strong><span style=\"color: #993300; font-family: georgia,palatino,serif;\">UROCZYSTO\u015a\u0106\u00a0 ODPUSTOWA &#8211; w sierpniu w najbli\u017csz\u0105 niedziel\u0119 uroczysto\u015bci Wniebowzi\u0119cia NMP<\/span><\/strong><\/span><\/p>\n<p style=\"text-align: center;\"><span style=\"font-size: 14pt; color: #800000;\"><strong><span style=\"font-family: georgia,palatino,serif;\"><br \/>\nHISTORIA<\/span><\/strong><\/span><\/p>\n<p style=\"text-align: justify;\"><span style=\"font-family: georgia,palatino,serif; font-size: 14pt;\">\u00a0\u00a0\u00a0\u00a0\u00a0\u00a0\u00a0\u00a0\u00a0 Ju\u017c w roku 1920 w Bukowcu zorganizowano komitet budowy ko\u015bcio\u0142a w Bukowcu. <\/span><\/p>\n<p><span style=\"font-family: georgia,palatino,serif; font-size: 14pt;\"> \u00a0\u00a0\u00a0\u00a0\u00a0\u00a0\u00a0\u00a0 Obywatele gminy zbierali ca\u0142e trzydzieste lata dary na postawienie filialnego ko\u015bcio\u0142a i dosz\u0142o do tego jeszcze przed 2. wojn\u0105 \u015bwiatow\u0105. Pozwolenie na budow\u0119 ko\u015bcio\u0142a wyda\u0142 urz\u0105d w Brnie 4. 7. 1938. W tym czasie wierz\u0105cy mieli zebrane 40 000 K\u010d, dalszych 50 000 K\u010d by\u0142o u\u0142o\u017cone w Jab\u0142onkowie a ministerstwo dalo 30 000 K\u010d. I tak wierz\u0105cy musieli jeszcze zebra\u0107\u00a0 50 000 K\u010d i wiele pracy wykona\u0107 za darmo. Nak\u0142ady wynios\u0142y ca\u0142kiem\u00a0 187 176 K\u010d i 20 ha, a to bez parceli, materia\u0142u budowlanego, drewna i kamieni. Bukowiec w tym czasie liczy\u0142 1000 dusz, dla kt\u00f3rych by\u0142o to wielkie wyzwanie, kt\u00f3re wykonali. <\/span><\/p>\n<p><span style=\"font-family: georgia,palatino,serif; font-size: 14pt;\"> \u00a0\u00a0\u00a0\u00a0\u00a0\u00a0\u00a0\u00a0\u00a0 Podczas stawiania ko\u015bcio\u0142a w 1938 roku komitet za\u017c\u0105da\u0142 o postawienie cmentarza. Ko\u015bci\u00f3\u0142 by\u0142 po\u015bwi\u0119cony 25.6.1939. <\/span><br \/>\n<span style=\"font-family: georgia,palatino,serif; font-size: 14pt;\"> \u00a0 <\/span><br \/>\n<span style=\"font-family: georgia,palatino,serif; font-size: 14pt;\"> \u00a0\u00a0 \u00a0 \u00a0 \u00a0 W roku 2002 by\u0142 ko\u015bci\u00f3\u0142 przebudowany i znowu wi\u0119ksz\u0105 cz\u0119\u015b\u0107 budowy zap\u0142acili wierz\u0105cy z Bukowca i ca\u0142ej parafii. Obywatele gminy wykonali wszelkie prace tzn.: rozszerzyli zakrysti\u0119, ch\u00f3r, boczne drzwi i ko\u015bci\u00f3\u0142 na nowo otynkowali. <\/span><\/p>\n<p><span style=\"font-family: georgia,palatino,serif; font-size: 14pt;\"> \u00a0\u00a0 \u00a0 \u00a0 \u00a0 W roku 2010\u00a0 zosta\u0142y na ko\u015bciele wymienione okna. \u017belazne okne zosta\u0142y zast\u0105pione drewnianymi, jak r\u00f3wnie\u017c wymieniono piece, przeprowadzono remont instalacji elektrycznej oraz zrobiono nowe meble do zakrystii.\u00a0 W 2011 roku zosta\u0142 ubogacony nowymi rze\u017abami g\u0142\u00f3wny o\u0142tarz. \u00a0<\/span><\/p>\n<p style=\"text-align: justify;\"><span style=\"font-family: georgia,palatino,serif; font-size: 14pt;\">Dwa lata p\u00f3\u017aniej byla w prezbiterium po\u0142o\u017cona nowa marmurowa pod\u0142oga i tego roku 1 grudnia 2013 \u00a0ojciec biskup Franciszek Wac\u0142aw Lobkowicz po\u015bwi\u0119ci\u0142 nowy st\u00f3\u0142 ofiarny. Ponadto zakupiono nowe \u017cyrandole, kt\u00f3re kosztowa\u0142y 100 000 CZK. (2015)<\/span><\/p>\n<p style=\"text-align: justify;\"><span style=\"font-family: georgia,palatino,serif; font-size: 14pt;\">W roku 2017 by\u0142 ko\u015bci\u00f3\u0142 ponownie wymalowany (koszt mal\u00f3wki 170 000 CZK). Odrestaurowano r\u00f3wnie\u017c o\u0142tarz g\u0142\u00f3wny, o\u0142tarz boczny i wszystkie rze\u017aby ko\u015bcio\u0142a. W pa\u017adzierniku 2021 roku zainstalowano urz\u0105dzenie zabezpieczaj\u0105ce o warto\u015bci 50000 CZK.<\/span><\/p>\n<p style=\"text-align: justify;\"><span style=\"font-family: georgia,palatino,serif; font-size: 14pt;\"><\/span><\/p>\n<p>&nbsp;<\/p>\n<p style=\"text-align: center;\"><span style=\"font-family: georgia,palatino,serif; font-size: 14pt; color: #800000;\"><strong>FOTOGALERIE<\/strong><\/span><\/p>\n\n\t\t<style type=\"text\/css\">\n\t\t\t#gallery-1 {\n\t\t\t\tmargin: auto;\n\t\t\t}\n\t\t\t#gallery-1 .gallery-item {\n\t\t\t\tfloat: left;\n\t\t\t\tmargin-top: 10px;\n\t\t\t\ttext-align: center;\n\t\t\t\twidth: 14%;\n\t\t\t}\n\t\t\t#gallery-1 img {\n\t\t\t\tborder: 2px solid #cfcfcf;\n\t\t\t}\n\t\t\t#gallery-1 .gallery-caption {\n\t\t\t\tmargin-left: 0;\n\t\t\t}\n\t\t\t\/* see gallery_shortcode() in wp-includes\/media.php *\/\n\t\t<\/style>\n\t\t<div id='gallery-1' class='gallery galleryid-762 gallery-columns-7 gallery-size-thumbnail'><dl class='gallery-item'>\n\t\t\t<dt class='gallery-icon landscape'>\n\t\t\t\t<a href='https:\/\/www.farnost-jablunkov.cz\/wp-content\/uploads\/2017\/08\/DSC00887.jpg' title=\"\" data-rl_title=\"\" class=\"rl-gallery-link\" data-rl_caption=\"\" data-rel=\"lightbox-gallery-1\"><img loading=\"lazy\" decoding=\"async\" width=\"150\" height=\"150\" src=\"https:\/\/www.farnost-jablunkov.cz\/wp-content\/uploads\/2017\/08\/DSC00887-150x150.jpg\" class=\"attachment-thumbnail size-thumbnail\" alt=\"\" srcset=\"https:\/\/www.farnost-jablunkov.cz\/wp-content\/uploads\/2017\/08\/DSC00887-150x150.jpg 150w, https:\/\/www.farnost-jablunkov.cz\/wp-content\/uploads\/2017\/08\/DSC00887-300x300.jpg 300w\" sizes=\"(max-width: 150px) 100vw, 150px\" \/><\/a>\n\t\t\t<\/dt><\/dl><dl class='gallery-item'>\n\t\t\t<dt class='gallery-icon landscape'>\n\t\t\t\t<a href='https:\/\/www.farnost-jablunkov.cz\/wp-content\/uploads\/2017\/08\/DSC00891.jpg' title=\"\" data-rl_title=\"\" class=\"rl-gallery-link\" data-rl_caption=\"\" data-rel=\"lightbox-gallery-1\"><img loading=\"lazy\" decoding=\"async\" width=\"150\" height=\"150\" src=\"https:\/\/www.farnost-jablunkov.cz\/wp-content\/uploads\/2017\/08\/DSC00891-150x150.jpg\" class=\"attachment-thumbnail size-thumbnail\" alt=\"\" srcset=\"https:\/\/www.farnost-jablunkov.cz\/wp-content\/uploads\/2017\/08\/DSC00891-150x150.jpg 150w, https:\/\/www.farnost-jablunkov.cz\/wp-content\/uploads\/2017\/08\/DSC00891-300x300.jpg 300w\" sizes=\"(max-width: 150px) 100vw, 150px\" \/><\/a>\n\t\t\t<\/dt><\/dl><dl class='gallery-item'>\n\t\t\t<dt class='gallery-icon portrait'>\n\t\t\t\t<a href='https:\/\/www.farnost-jablunkov.cz\/wp-content\/uploads\/2017\/08\/DSC00894.jpg' title=\"\" data-rl_title=\"\" class=\"rl-gallery-link\" data-rl_caption=\"\" data-rel=\"lightbox-gallery-1\"><img loading=\"lazy\" decoding=\"async\" width=\"150\" height=\"150\" src=\"https:\/\/www.farnost-jablunkov.cz\/wp-content\/uploads\/2017\/08\/DSC00894-150x150.jpg\" class=\"attachment-thumbnail size-thumbnail\" alt=\"\" srcset=\"https:\/\/www.farnost-jablunkov.cz\/wp-content\/uploads\/2017\/08\/DSC00894-150x150.jpg 150w, https:\/\/www.farnost-jablunkov.cz\/wp-content\/uploads\/2017\/08\/DSC00894-300x300.jpg 300w\" sizes=\"(max-width: 150px) 100vw, 150px\" \/><\/a>\n\t\t\t<\/dt><\/dl><dl class='gallery-item'>\n\t\t\t<dt class='gallery-icon landscape'>\n\t\t\t\t<a href='https:\/\/www.farnost-jablunkov.cz\/wp-content\/uploads\/2017\/08\/DSC00895.jpg' title=\"\" data-rl_title=\"\" class=\"rl-gallery-link\" data-rl_caption=\"\" data-rel=\"lightbox-gallery-1\"><img loading=\"lazy\" decoding=\"async\" width=\"150\" height=\"150\" src=\"https:\/\/www.farnost-jablunkov.cz\/wp-content\/uploads\/2017\/08\/DSC00895-150x150.jpg\" class=\"attachment-thumbnail size-thumbnail\" alt=\"\" srcset=\"https:\/\/www.farnost-jablunkov.cz\/wp-content\/uploads\/2017\/08\/DSC00895-150x150.jpg 150w, https:\/\/www.farnost-jablunkov.cz\/wp-content\/uploads\/2017\/08\/DSC00895-300x300.jpg 300w\" sizes=\"(max-width: 150px) 100vw, 150px\" \/><\/a>\n\t\t\t<\/dt><\/dl><dl class='gallery-item'>\n\t\t\t<dt class='gallery-icon landscape'>\n\t\t\t\t<a href='https:\/\/www.farnost-jablunkov.cz\/wp-content\/uploads\/2017\/08\/DSC00899.jpg' title=\"\" data-rl_title=\"\" class=\"rl-gallery-link\" data-rl_caption=\"\" data-rel=\"lightbox-gallery-1\"><img loading=\"lazy\" decoding=\"async\" width=\"150\" height=\"150\" src=\"https:\/\/www.farnost-jablunkov.cz\/wp-content\/uploads\/2017\/08\/DSC00899-150x150.jpg\" class=\"attachment-thumbnail size-thumbnail\" alt=\"\" srcset=\"https:\/\/www.farnost-jablunkov.cz\/wp-content\/uploads\/2017\/08\/DSC00899-150x150.jpg 150w, https:\/\/www.farnost-jablunkov.cz\/wp-content\/uploads\/2017\/08\/DSC00899-300x300.jpg 300w\" sizes=\"(max-width: 150px) 100vw, 150px\" \/><\/a>\n\t\t\t<\/dt><\/dl><dl class='gallery-item'>\n\t\t\t<dt class='gallery-icon portrait'>\n\t\t\t\t<a href='https:\/\/www.farnost-jablunkov.cz\/wp-content\/uploads\/2017\/08\/DSC00905.jpg' title=\"\" data-rl_title=\"\" class=\"rl-gallery-link\" data-rl_caption=\"\" data-rel=\"lightbox-gallery-1\"><img loading=\"lazy\" decoding=\"async\" width=\"150\" height=\"150\" src=\"https:\/\/www.farnost-jablunkov.cz\/wp-content\/uploads\/2017\/08\/DSC00905-150x150.jpg\" class=\"attachment-thumbnail size-thumbnail\" alt=\"\" srcset=\"https:\/\/www.farnost-jablunkov.cz\/wp-content\/uploads\/2017\/08\/DSC00905-150x150.jpg 150w, https:\/\/www.farnost-jablunkov.cz\/wp-content\/uploads\/2017\/08\/DSC00905-300x300.jpg 300w\" sizes=\"(max-width: 150px) 100vw, 150px\" \/><\/a>\n\t\t\t<\/dt><\/dl><dl class='gallery-item'>\n\t\t\t<dt class='gallery-icon landscape'>\n\t\t\t\t<a href='https:\/\/www.farnost-jablunkov.cz\/wp-content\/uploads\/2017\/08\/DSC01160.jpg' title=\"\" data-rl_title=\"\" class=\"rl-gallery-link\" data-rl_caption=\"\" data-rel=\"lightbox-gallery-1\"><img loading=\"lazy\" decoding=\"async\" width=\"150\" height=\"150\" src=\"https:\/\/www.farnost-jablunkov.cz\/wp-content\/uploads\/2017\/08\/DSC01160-150x150.jpg\" class=\"attachment-thumbnail size-thumbnail\" alt=\"\" srcset=\"https:\/\/www.farnost-jablunkov.cz\/wp-content\/uploads\/2017\/08\/DSC01160-150x150.jpg 150w, https:\/\/www.farnost-jablunkov.cz\/wp-content\/uploads\/2017\/08\/DSC01160-300x300.jpg 300w\" sizes=\"(max-width: 150px) 100vw, 150px\" \/><\/a>\n\t\t\t<\/dt><\/dl><br style=\"clear: both\" \/>\n\t\t<\/div>\n\n<p>&nbsp;<\/p>","protected":false},"excerpt":{"rendered":"<p>MSZE \u015aW. NIEDZIELA:\u00a0 07:30 \u010d\/p 10:30 \u010d\/p Poniedzia\u0142ek:\u00a0 18:00\u010d ( w okresie zimowym o godz. 17:00) Czwartek:\u00a0\u00a0\u00a0\u00a0\u00a0\u00a0 18:00p ( w okresie zimowym o godz. 17:00) Mo\u017cliwo\u015b\u0107 sakramentu pojedniana p\u00f3\u0142 godziny przed msz\u0105 \u015bwi\u0119t\u0105 KA\u017bDY MIESI\u0104C Pierwszy pi\u0105tek miesi\u0105ca &#8211; Msza \u015bw. ku czci Naj. Serca Jezusowego: &#8211; o godz. 17.00 Adoracja NSO &#8211; o godz. [&hellip;]<\/p>\n","protected":false},"author":1,"featured_media":1119,"parent":0,"menu_order":0,"comment_status":"closed","ping_status":"closed","template":"","meta":{"_exactmetrics_skip_tracking":false,"_exactmetrics_sitenote_active":false,"_exactmetrics_sitenote_note":"","_exactmetrics_sitenote_category":0,"_monsterinsights_skip_tracking":false,"_monsterinsights_sitenote_active":false,"_monsterinsights_sitenote_note":"","_monsterinsights_sitenote_category":0,"footnotes":""},"class_list":["post-762","page","type-page","status-publish","has-post-thumbnail","hentry"],"aioseo_notices":[],"_links":{"self":[{"href":"https:\/\/www.farnost-jablunkov.cz\/pl\/wp-json\/wp\/v2\/pages\/762"}],"collection":[{"href":"https:\/\/www.farnost-jablunkov.cz\/pl\/wp-json\/wp\/v2\/pages"}],"about":[{"href":"https:\/\/www.farnost-jablunkov.cz\/pl\/wp-json\/wp\/v2\/types\/page"}],"author":[{"embeddable":true,"href":"https:\/\/www.farnost-jablunkov.cz\/pl\/wp-json\/wp\/v2\/users\/1"}],"replies":[{"embeddable":true,"href":"https:\/\/www.farnost-jablunkov.cz\/pl\/wp-json\/wp\/v2\/comments?post=762"}],"version-history":[{"count":26,"href":"https:\/\/www.farnost-jablunkov.cz\/pl\/wp-json\/wp\/v2\/pages\/762\/revisions"}],"predecessor-version":[{"id":6582,"href":"https:\/\/www.farnost-jablunkov.cz\/pl\/wp-json\/wp\/v2\/pages\/762\/revisions\/6582"}],"wp:featuredmedia":[{"embeddable":true,"href":"https:\/\/www.farnost-jablunkov.cz\/pl\/wp-json\/wp\/v2\/media\/1119"}],"wp:attachment":[{"href":"https:\/\/www.farnost-jablunkov.cz\/pl\/wp-json\/wp\/v2\/media?parent=762"}],"curies":[{"name":"wp","href":"https:\/\/api.w.org\/{rel}","templated":true}]}}