{"id":6665,"date":"2022-10-07T20:32:26","date_gmt":"2022-10-07T18:32:26","guid":{"rendered":"http:\/\/www.farnost-jablunkov.cz\/?page_id=6665"},"modified":"2022-10-14T20:50:22","modified_gmt":"2022-10-14T18:50:22","slug":"hnuti-a-organizace","status":"publish","type":"page","link":"https:\/\/www.farnost-jablunkov.cz\/pl\/hnuti-a-organizace","title":{"rendered":"RUCHY I ORGANIZACJE"},"content":{"rendered":"<p style=\"text-align: justify;\"><span style=\"font-family: georgia, palatino, serif; font-size: 14pt;\"><span style=\"vertical-align: inherit;\"><span style=\"vertical-align: inherit;\"><\/p>\n<p><span style=\"font-size: 14pt; font-family: georgia, palatino, serif;\">Prezentujemy:\u00a0\u00a0\u00a0\u00a0\u00a0\u00a0\u00a0 \u00a0\u00a0\u00a0\u00a0\u00a0\u00a0\u00a0\u00a0\u00a0 <strong>Ruch: W KIERUNKU DRUGIEGO SOBORU JEROZOLIMSKIEGO<\/strong><\/span><\/p>\n<p><span style=\"font-size: 14pt; font-family: georgia, palatino, serif;\"><strong>Czym si\u0119 zajmujemy:\u00a0<\/strong>\u00a0\u00a0\u00a0\u00a0\u00a0\u00a0 <\/span><\/p>\n<p><span style=\"font-size: 14pt; font-family: georgia, palatino, serif;\">Nasz ruch ma trzy g\u0142\u00f3wne cele: 1\/ pojednanie mi\u0119dzy sob\u0105 wszystkich chrze\u015bcija\u0144skich ko\u015bcio\u0142\u00f3w i wyzna\u0144, 2\/ pojednanie i wsp\u00f3\u0142prac\u0119 chrze\u015bcijan i \u017cyd\u00f3w mesjanistycznych (tzn. \u017cyd\u00f3w wierz\u0105cych w Jezusa jako w swego Mesjasza), 3\/ uskutecznienie tak zwanego Drugiego Soboru Jerozolimskiego (angielski skr\u00f3t TJCII), kt\u00f3ry nawi\u0105za\u0142by do pierwszego soboru opisanego w 15. rozdziale Dziej\u00f3w Apostolskich, gdzie Ko\u015bci\u00f3\u0142 sk\u0142adaj\u0105cy si\u0119 z \u017cyd\u00f3w zadecydowa\u0142 o przyj\u0119ciu braci poga\u0144skich w swoje szeregi. D\u0105\u017cymy do tego, \u017ceby w czasach obecnych Ko\u015bci\u00f3\u0142 pochodz\u0105cy od pogan przyj\u0105\u0142 w swoje szeregi swych \u017cydowskich braci mesjanistycznych. W naszych dzia\u0142aniach opieramy si\u0119 o nauk\u0119 Katechizmu Ko\u015bcio\u0142a Katolickiego (artyku\u0142 674), W kt\u00f3rym zosta\u0142o mi\u0119dzy innymi stwierdzone, cytujemy: \u201eWej\u015bcie &#8222;ca\u0142o\u015bci&#8221; Izraela (Rz 11, 12) do zbawienia mesja\u0144skiego, w \u015blad za wej\u015bciem &#8222;pe\u0142ni pogan&#8221; (Rz 11, 25), pozwoli Ludowi Bo\u017cemu zrealizowa\u0107 &#8222;miar\u0119 wielko\u015bci wed\u0142ug Pe\u0142ni Chrystusa&#8221; (Ef 4, 13), gdy B\u00f3g b\u0119dzie &#8222;wszystkim we wszystkich&#8221; (1 Kor 15, 28)\u201d.<\/span><\/p>\n<p><span style=\"font-size: 14pt; font-family: georgia, palatino, serif;\"><strong>Kiedy si\u0119 spotykamy:<\/strong>\u00a0\u00a0\u00a0\u00a0\u00a0\u00a0\u00a0 <\/span><\/p>\n<p><span style=\"font-size: 14pt; font-family: georgia, palatino, serif;\">W ka\u017cdy pi\u0105tkowy wiecz\u00f3r modlimy si\u0119 za wizj\u0119 naszego ruchu czy to w samotno\u015bci, czy w mniejszych grupach. Opr\u00f3cz tego spotykamy si\u0119 na regionalnych i og\u00f3lnokrajowych konferencjach.<\/span><\/p>\n<p><span style=\"font-size: 14pt; font-family: georgia, palatino, serif;\"><strong>Inne przes\u0142anie:\u00a0\u00a0\u00a0\u00a0\u00a0<\/strong>\u00a0\u00a0\u00a0\u00a0\u00a0\u00a0\u00a0\u00a0\u00a0\u00a0 <\/span><\/p>\n<p><span style=\"font-size: 14pt; font-family: georgia, palatino, serif;\"><em>O<\/em> TJCII <em>mo\u017cesz dowiedzie\u0107 si\u0119 wi\u0119cej na stronach internetowych: <\/em><a href=\"http:\/\/www.tjcii.cz\"><em>www.tjcii.cz<\/em><\/a><em> oraz <\/em><a href=\"http:\/\/www.tjcii.sk\"><em>www.tjcii.sk<\/em><\/a><em>. <\/em><\/span><\/p>\n<p><span style=\"font-size: 14pt; font-family: georgia, palatino, serif;\">Je\u015bli chcesz z nami wsp\u00f3\u0142pracowa\u0107, skorzystaj z podanych poni\u017cej danych kontaktowych.<\/span><\/p>\n<p><span style=\"font-size: 14pt; font-family: georgia, palatino, serif;\"><strong>Osoba kontaktowa:\u00a0<\/strong>\u00a0\u00a0\u00a0\u00a0\u00a0\u00a0\u00a0\u00a0\u00a0 <\/span><\/p>\n<p><span style=\"font-size: 14pt; font-family: georgia, palatino, serif;\">Josef Byrtus<\/span><strong><span style=\"font-size: 14pt; font-family: georgia, palatino, serif;\"><br \/>\n<\/span><\/strong><span style=\"font-size: 14pt; font-family: georgia, palatino, serif;\">tel.: 739\u00a0469\u00a0585,<br \/>\n<\/span><span style=\"font-size: 14pt; font-family: georgia, palatino, serif;\">mail: <a href=\"mailto:josefbyrtus@seznam.cz\">josefbyrtus@seznam.cz<\/a><\/span><\/p>\n<p><\/p>","protected":false},"excerpt":{"rendered":"<p>Prezentujemy:\u00a0\u00a0\u00a0\u00a0\u00a0\u00a0\u00a0 \u00a0\u00a0\u00a0\u00a0\u00a0\u00a0\u00a0\u00a0\u00a0 Ruch: W KIERUNKU DRUGIEGO SOBORU JEROZOLIMSKIEGO Czym si\u0119 zajmujemy:\u00a0\u00a0\u00a0\u00a0\u00a0\u00a0\u00a0 Nasz ruch ma trzy g\u0142\u00f3wne cele: 1\/ pojednanie mi\u0119dzy sob\u0105 wszystkich chrze\u015bcija\u0144skich ko\u015bcio\u0142\u00f3w i wyzna\u0144, 2\/ pojednanie i wsp\u00f3\u0142prac\u0119 chrze\u015bcijan i \u017cyd\u00f3w mesjanistycznych (tzn. \u017cyd\u00f3w wierz\u0105cych w Jezusa jako w swego Mesjasza), 3\/ uskutecznienie tak zwanego Drugiego Soboru Jerozolimskiego (angielski skr\u00f3t TJCII), kt\u00f3ry nawi\u0105za\u0142by [&hellip;]<\/p>\n","protected":false},"author":1,"featured_media":0,"parent":0,"menu_order":0,"comment_status":"closed","ping_status":"closed","template":"","meta":{"_exactmetrics_skip_tracking":false,"_exactmetrics_sitenote_active":false,"_exactmetrics_sitenote_note":"","_exactmetrics_sitenote_category":0,"_monsterinsights_skip_tracking":false,"_monsterinsights_sitenote_active":false,"_monsterinsights_sitenote_note":"","_monsterinsights_sitenote_category":0,"footnotes":""},"class_list":["post-6665","page","type-page","status-publish","hentry"],"aioseo_notices":[],"_links":{"self":[{"href":"https:\/\/www.farnost-jablunkov.cz\/pl\/wp-json\/wp\/v2\/pages\/6665"}],"collection":[{"href":"https:\/\/www.farnost-jablunkov.cz\/pl\/wp-json\/wp\/v2\/pages"}],"about":[{"href":"https:\/\/www.farnost-jablunkov.cz\/pl\/wp-json\/wp\/v2\/types\/page"}],"author":[{"embeddable":true,"href":"https:\/\/www.farnost-jablunkov.cz\/pl\/wp-json\/wp\/v2\/users\/1"}],"replies":[{"embeddable":true,"href":"https:\/\/www.farnost-jablunkov.cz\/pl\/wp-json\/wp\/v2\/comments?post=6665"}],"version-history":[{"count":19,"href":"https:\/\/www.farnost-jablunkov.cz\/pl\/wp-json\/wp\/v2\/pages\/6665\/revisions"}],"predecessor-version":[{"id":7326,"href":"https:\/\/www.farnost-jablunkov.cz\/pl\/wp-json\/wp\/v2\/pages\/6665\/revisions\/7326"}],"wp:attachment":[{"href":"https:\/\/www.farnost-jablunkov.cz\/pl\/wp-json\/wp\/v2\/media?parent=6665"}],"curies":[{"name":"wp","href":"https:\/\/api.w.org\/{rel}","templated":true}]}}