{"id":6661,"date":"2022-04-07T20:32:26","date_gmt":"2022-04-07T18:32:26","guid":{"rendered":"http:\/\/www.farnost-jablunkov.cz\/?page_id=6661"},"modified":"2024-04-13T17:55:05","modified_gmt":"2024-04-13T15:55:05","slug":"ministranti-scholy-sbory","status":"publish","type":"page","link":"https:\/\/www.farnost-jablunkov.cz\/pl\/ministranti-scholy-sbory","title":{"rendered":"MINISTRANTI, SCHOLY, SBORY"},"content":{"rendered":"<p style=\"text-align: justify;\"><span style=\"font-family: georgia, palatino, serif; font-size: 14pt;\"><\/p>\n<p><span style=\"font-size: 14pt; font-family: georgia, palatino, serif;\">Prezentujemy:\u00a0\u00a0\u00a0\u00a0\u00a0\u00a0\u00a0\u00a0\u00a0\u00a0\u00a0\u00a0\u00a0\u00a0\u00a0\u00a0\u00a0 <strong>MINISTRANCI JAB\u0141ONK\u00d3W<\/strong><\/span><\/p>\n<p><span style=\"font-size: 14pt; font-family: georgia, palatino, serif;\"><strong>Czym si\u0119 zajmujemy:\u00a0\u00a0\u00a0<\/strong>\u00a0\u00a0\u00a0\u00a0 <\/span><\/p>\n<p><span style=\"font-size: 14pt; font-family: georgia, palatino, serif;\">Wsp\u00f3lnota ministrant\u00f3w to wsp\u00f3lnota s\u0142u\u017cebnik\u00f3w Pana Jezusa, jak wskazuje sama nazwa ministrant (\u0142aci\u0144skie <em>ministrare<\/em>\u00a0oznacza bowiem s\u0142u\u017cy\u0107). Ministranci s\u0142u\u017c\u0105 przede wszystkim przy o\u0142tarzu podczas mszy \u015bwi\u0119tej i pomagaj\u0105 ksi\u0119dzowi podczas udzielania sakrament\u00f3w i sakramentali\u00f3w (chrzest, \u015blub, pogrzeb\u2026). Wa\u017cnym elementem s\u0142u\u017cby ministrant\u00f3w s\u0105 spotkania, podczas kt\u00f3rych buduj\u0105 oni wsp\u00f3lnot\u0119, pog\u0142\u0119biaj\u0105 swoj\u0105 znajomo\u015b\u0107 liturgii i swoj\u0105 relacj\u0119 z Jezusem Chrystusem. A opr\u00f3cz tego prze\u017cywaj\u0105 wsp\u00f3lnie niez\u0142\u0105 hec\u0119.<\/span><\/p>\n<p><span style=\"font-size: 14pt; font-family: georgia, palatino, serif;\"><strong>Kiedy si\u0119 spotykamy:\u00a0\u00a0\u00a0\u00a0<\/strong>\u00a0\u00a0\u00a0 <\/span><\/p>\n<p><span style=\"font-size: 14pt; font-family: georgia, palatino, serif;\">Spotkania ministrant\u00f3w odbywaj\u0105 si\u0119 nieregularnie w \u015brody, o\u00a016:30, w ko\u015bciele parafialnym. Kilka dni przed ka\u017cdym spotkaniem wysy\u0142amy do rodzic\u00f3w wiadomo\u015bci SMS o jej terminie.<em>\u00a0 <\/em><\/span><\/p>\n<p><span style=\"font-size: 14pt; font-family: georgia, palatino, serif;\"><strong>Inne przes\u0142anie:\u00a0\u00a0<\/strong><br \/>\n<em>Chcesz zosta\u0107 ministrantem? Skontaktuj si\u0119 z nami. <\/em><\/span><\/p>\n<p><span style=\"font-size: 14pt; font-family: georgia, palatino, serif;\"><strong>Osoba kontaktowa:\u00a0\u00a0\u00a0\u00a0\u00a0\u00a0<\/strong><br \/>\nDavid Byrtus, David Stonawski, \u0160imon Mucha<\/span><\/p>\n<p><span style=\"font-size: 14pt; font-family: georgia, palatino, serif;\">tel.: 731\u00a0340 280<br \/>\n<\/span><span style=\"font-size: 14pt; font-family: georgia, palatino, serif;\">mail: <span style=\"color: #008000;\">davebyrtus@seznam.cz<\/span><\/span><\/p>\n<p>&nbsp;<\/p>\n<p><span style=\"font-size: 14pt; font-family: georgia, palatino, serif;\">Prezentujemy:\u00a0\u00a0\u00a0\u00a0\u00a0\u00a0\u00a0\u00a0\u00a0\u00a0\u00a0\u00a0\u00a0\u00a0\u00a0\u00a0\u00a0 <strong>MINISTRANCI OD SIOSTRZYCZEK<\/strong><\/span><\/p>\n<p><span style=\"font-size: 14pt; font-family: georgia, palatino, serif;\"><strong>Czym si\u0119 zajmujemy:\u00a0\u00a0\u00a0<\/strong>\u00a0\u00a0\u00a0\u00a0 <\/span><\/p>\n<p><span style=\"font-size: 14pt; font-family: georgia, palatino, serif;\">Jeste\u015bmy wsp\u00f3lnot\u0105 ministrant\u00f3w bez ogranicze\u0144 wiekowych. S\u0142u\u017cymy Bogu, wzajemnie si\u0119 wspieramy, tworzymy grup\u0119, w kt\u00f3rej d\u0105\u017cymy do w\u0142asnego i wzajemnego rozwoju duchowego.<\/span><\/p>\n<p><span style=\"font-size: 14pt; font-family: georgia, palatino, serif;\"><strong>Kiedy si\u0119 spotykamy:\u00a0<\/strong><br \/>\nW czasie ka\u017cdej mszy \u015bw. w ko\u015bciele u si\u00f3str el\u017cbietanek (ko\u015bci\u00f3\u0142 \u015bw. J\u00f3zefa w\u00a0Jab\u0142onkowie).<\/span><br \/>\n<span style=\"font-size: 14pt; font-family: georgia, palatino, serif;\">Opr\u00f3cz tego organizujemy 3 razy w roku spotkania weekendowe, gdzie sp\u0119dzamy wsp\u00f3lnie czas na zabawie i modlitwie. <\/span><br \/>\n<span style=\"font-size: 14pt; font-family: georgia, palatino, serif;\">Latem je\u017adzimy na tygodniowy ob\u00f3z.<\/span><br \/>\n<span style=\"font-size: 14pt; font-family: georgia, palatino, serif;\">Zim\u0105 gramy co tydzie\u0144 pi\u0142k\u0119 no\u017cn\u0105, o godz.16:00 w Sali gimnastycznej jab\u0142onkowskiej czeskiej szko\u0142y podstawowej.<\/span><\/p>\n<p><span style=\"font-size: 14pt; font-family: georgia, palatino, serif;\"><strong>Inne przes\u0142anie:\u00a0\u00a0<\/strong><br \/>\n<em>Ch\u0119tnie przyjmujemy ka\u017cdego, kto pragnie s\u0142u\u017cy\u0107 Bogu i chce sta\u0107 si\u0119 cz\u0142onkiem naszej \u015bwietnej wsp\u00f3lnoty.<\/em><\/span><\/p>\n<p><span style=\"font-size: 14pt; font-family: georgia, palatino, serif;\"><strong>Osoba kontaktowa:\u00a0\u00a0\u00a0\u00a0<\/strong><br \/>\nMaximilian Szotkowski<br \/>\n<\/span><span style=\"font-size: 14pt; font-family: georgia, palatino, serif;\">tel.: +420 731 793 348<br \/>\n<\/span><span style=\"font-size: 14pt; font-family: georgia, palatino, serif;\">mail:<span style=\"color: #008000;\"> max.1szot@gmail.com<\/span><\/span><\/p>\n<p>&nbsp;<\/p>\n<p><span style=\"font-size: 14pt; font-family: georgia, palatino, serif;\">Prezentujemy:\u00a0\u00a0\u00a0\u00a0\u00a0\u00a0\u00a0\u00a0\u00a0\u00a0\u00a0\u00a0\u00a0\u00a0\u00a0\u00a0\u00a0 <strong>SCHOLA BUKOWIEC<\/strong><\/span><\/p>\n<p><span style=\"font-size: 14pt; font-family: georgia, palatino, serif;\"><strong>Czym si\u0119 zajmujemy:\u00a0\u00a0\u00a0<\/strong><br \/>\nJeste\u015bmy schol\u0105 ko\u015bcio\u0142a filialnego w Bukowcu. Tworzymy otwart\u0105 wsp\u00f3lnot\u0119 (bez wiekowych lub innych ogranicze\u0144), kt\u00f3ra \u015bpiewa na chwa\u0142\u0119 naszego Pana!<\/span><\/p>\n<p><span style=\"font-size: 14pt; font-family: georgia, palatino, serif;\"><strong>Kiedy si\u0119 spotykamy:\u00a0\u00a0<\/strong><br \/>\nSchodzimy si\u0119 w salce pr\u00f3b, kt\u00f3ra znajduje si\u0119 nad zakrysti\u0105 ko\u015bcio\u0142a w Bukowcu, w ka\u017cd\u0105 niedziel\u0119 o godz. 10:00, w poniedzia\u0142ki i czwartki o 17:30 w okresie letnim i o 16:30 w okresie zimowym. Przed \u015bwi\u0119tami lub innymi wydarzeniami schodzimy si\u0119 jeszcze cz\u0119\u015bciej.<\/span><\/p>\n<p><span style=\"font-size: 14pt; font-family: georgia, palatino, serif;\"><strong>Inne przes\u0142anie:\u00a0\u00a0<\/strong><br \/>\n<em>Je\u015bli lubisz \u015bpiewa\u0107 i pragniesz \u015bpiewem s\u0142u\u017cy\u0107 Panu, schola w Bukowcu to miejsce jak stworzone dla Ciebie! Niczego si\u0119 nie obawiaj i do\u0142\u0105cz do nas \ud83d\ude42<\/em><\/span><\/p>\n<p><span style=\"font-size: 14pt; font-family: georgia, palatino, serif;\">Osoba kontaktowa:<br \/>\n<\/span><\/p>\n<p><span style=\"font-size: 14pt; font-family: georgia, palatino, serif;\">\u00a0\u00a0\u00a0\u00a0\u00a0\u00a0\u00a0\u00a0\u00a0\u00a0\u00a0\u00a0\u00a0\u00a0\u00a0\u00a0\u00a0\u00a0\u00a0<\/span><\/p>\n<p>&nbsp;<\/p>\n<p><span style=\"font-size: 14pt; font-family: georgia, palatino, serif;\">Prezentujemy:\u00a0\u00a0\u00a0\u00a0\u00a0\u00a0\u00a0\u00a0\u00a0\u00a0\u00a0\u00a0\u00a0\u00a0\u00a0\u00a0\u00a0<strong> SCHOLA PRZYKLASZTORNA JAB\u0141ONK\u00d3W<\/strong><\/span><\/p>\n<p><span style=\"font-size: 14pt; font-family: georgia, palatino, serif;\">Czym si\u0119 zajmujemy:<br \/>\nJeste\u015bmy schol\u0105 \u015bpiewaj\u0105c\u0105 po polsku i dzia\u0142amy przy ko\u015bciele \u015bw. J\u00f3zefa w Jab\u0142onkowie. Nasz\u0105 schol\u0119 tworzy grupa dziewcz\u0105t od wieku przedszkolnego a\u017c po studentki. Na spotkaniach \u0107wiczymy \u015bpiew i gr\u0119 na instrumentach muzycznych, uczymy si\u0119 nowych piosenek i ka\u017cdej niedzieli oraz przy okazji \u015bwi\u0105t \u015bpiewamy podczas mszy \u015bw.<\/span><\/p>\n<p><span style=\"font-size: 14pt; font-family: georgia, palatino, serif;\">Kiedy si\u0119 spotykamy:<br \/>\nSalka (drzwi obok klasztornego gara\u017cu) przy Domu \u015bw. El\u017cbiety w Jab\u0142onkowie. Ma\u0142a schola: czwartek 16:15 \u2013 17:00 (przedszkolaki i 1. klasa) <\/span><br \/>\n<span style=\"font-size: 14pt; font-family: georgia, palatino, serif;\">Schola: pi\u0105tek 16:00 \u2013 17:00<\/span><br \/>\n<span style=\"font-size: 14pt; font-family: georgia, palatino, serif;\">Wsp\u00f3lnie spotykamy si\u0119 ka\u017cdej niedzieli przed msz\u0105 \u015bw. o 8:15.<\/span><\/p>\n<p><span style=\"font-size: 14pt; font-family: georgia, palatino, serif;\">Inne przes\u0142anie:<br \/>\n<em>Corocznie je\u017adzimy na letnie obozy, organizujemy wsp\u00f3lne weekendy, bierzemy udzia\u0142 w Kwe\u015bcie Trzech Kr\u00f3li i budujemy przyjazne relacje w naszej grupie \ud83d\ude42<\/em><\/span><\/p>\n<p><span style=\"font-size: 14pt; font-family: georgia, palatino, serif;\"><strong>Osoba kontaktowa:<\/strong><br \/>\nG\u0142\u00f3wna prowadz\u0105ca: <\/span><span style=\"font-size: 14pt; font-family: georgia, palatino, serif;\">Mark\u00e9ta Lipowsk\u00e1<\/span><\/p>\n<p><span style=\"font-size: 14pt; font-family: georgia, palatino, serif;\">tel.: 725 495 265<\/span><\/p>\n<p><span style=\"font-size: 14pt; font-family: georgia, palatino, serif;\">e-mail: <span style=\"color: #008000;\">marketa.lipowska.work@gmail.com<\/span><\/span><\/p>\n<p><span style=\"font-size: 14pt; font-family: georgia, palatino, serif;\">Prowadz\u0105ca ma\u0142ej scholi:<\/span><br \/>\n<span style=\"font-size: 14pt; font-family: georgia, palatino, serif;\">Izabela Jachnicka<\/span><br \/>\n<span style=\"font-size: 14pt; font-family: georgia, palatino, serif;\">tel.: 604148328<\/span><br \/>\n<span style=\"font-size: 14pt; font-family: georgia, palatino, serif;\">e-mail:<span style=\"color: #008000;\"> izajachnicka@gmail.com<\/span><\/span><\/p>\n<p><span style=\"font-size: 14pt; font-family: georgia, palatino, serif;\">\u00a0\u00a0\u00a0\u00a0\u00a0\u00a0\u00a0\u00a0\u00a0\u00a0\u00a0\u00a0\u00a0\u00a0\u00a0\u00a0\u00a0\u00a0\u00a0\u00a0\u00a0\u00a0\u00a0\u00a0\u00a0\u00a0\u00a0\u00a0\u00a0\u00a0\u00a0\u00a0\u00a0\u00a0\u00a0\u00a0\u00a0\u00a0\u00a0\u00a0\u00a0\u00a0\u00a0\u00a0\u00a0\u00a0\u00a0\u00a0\u00a0\u00a0\u00a0\u00a0\u00a0\u00a0\u00a0\u00a0\u00a0\u00a0\u00a0\u00a0\u00a0\u00a0\u00a0\u00a0\u00a0\u00a0\u00a0\u00a0\u00a0\u00a0\u00a0\u00a0\u00a0\u00a0\u00a0\u00a0\u00a0\u00a0\u00a0\u00a0\u00a0\u00a0\u00a0\u00a0\u00a0\u00a0\u00a0\u00a0\u00a0\u00a0\u00a0<\/span><\/p>\n<p><span style=\"font-size: 14pt; font-family: georgia, palatino, serif;\">Prezentujemy:\u00a0\u00a0\u00a0\u00a0\u00a0\u00a0\u00a0\u00a0\u00a0\u00a0\u00a0\u00a0\u00a0\u00a0\u00a0\u00a0\u00a0 <strong>CZESKI CH\u00d3R KO\u015aCIELNY<\/strong><\/span><\/p>\n<p><span style=\"font-size: 14pt; font-family: georgia, palatino, serif;\"><strong>Czym si\u0119 zajmujemy:<\/strong><br \/>\nZajmujemy si\u0119 przede wszystkim ch\u00f3ralnym \u015bpiewem sakralnym. Cz\u0142onkiem naszej wsp\u00f3lnoty mo\u017ce sta\u0107 si\u0119 ka\u017cdy, kto chce wielbi\u0107 Boga i radowa\u0107 ko\u015bci\u00f3\u0142 pie\u015bniami w aran\u017cacji na ch\u00f3ry mieszane. \u015apiewamy na ch\u00f3rze ko\u015bcio\u0142a w podczas wa\u017cnych uroczysto\u015bci, na przyk\u0142ad w Bo\u017ce Narodzenie, na Wielkanoc, Bo\u017ce Cia\u0142o itp. Nasze drzwi s\u0105 otwarte dla ka\u017cdego, kto obdarzony zosta\u0142 s\u0142uchem muzycznym i dobrym g\u0142osem. Nie musisz zna\u0107 nut ani teorii muzyki. Wystarczy zebra\u0107 si\u0119 na odwag\u0119 i zaoferowa\u0107 to, czym jeste\u015b obdarzony, by pomno\u017cy\u0107 w ten spos\u00f3b talenty dane przez Pana.<\/span><\/p>\n<p><span style=\"font-size: 14pt; font-family: georgia, palatino, serif;\"><strong>Kiedy si\u0119 spotykamy:<\/strong><br \/>\nNasze spotkania odbywaj\u0105 si\u0119 zawsze w poniedzia\u0142ki od godz. 18:00 w gara\u017cu parafialnym na farze w Jab\u0142onkowie.<\/span><\/p>\n<p><span style=\"font-size: 14pt; font-family: georgia, palatino, serif;\"><strong>Inne przes\u0142anie:\u00a0\u00a0<\/strong><br \/>\n<em>Z nami zapomnisz o wszystkich troskach, zajmujemy si\u0119 \u015bpiewem, a ten pozwala wznosi\u0107 si\u0119 ludzkiej duszy.<\/em><\/span><\/p>\n<p><span style=\"font-size: 14pt; font-family: georgia, palatino, serif;\">Osoba kontaktowa:<br \/>\nJolana Ruck\u00e1<br \/>\n<\/span><span style=\"font-size: 14pt; font-family: georgia, palatino, serif;\">tel.: 736 265 582<br \/>\n<\/span><span style=\"font-size: 14pt; font-family: georgia, palatino, serif;\">mail: <span style=\"color: #008000;\">jolaruc@seznam.cz<\/span><\/span><\/p>\n<p>&nbsp;<\/p>\n<p><span style=\"font-size: 14pt; font-family: georgia, palatino, serif;\">Prezentujemy:\u00a0\u00a0\u00a0\u00a0\u00a0\u00a0\u00a0\u00a0\u00a0\u00a0\u00a0\u00a0\u00a0\u00a0\u00a0\u00a0\u00a0 <strong>GAUDI<\/strong><\/span><\/p>\n<p><span style=\"font-size: 14pt; font-family: georgia, palatino, serif;\"><strong>Czym si\u0119 zajmujemy:<\/strong><br \/>\nCh\u00f3r ko\u015bcielny Gaudeamus spotyka\u0142 si\u0119 pod przewodnictwem s. Judyty na wsp\u00f3lnym \u015bpiewie ju\u017c w latach 80. XX wieku. W roku 2023 zmieni\u0142 nazw\u0119 na Gaud\u00ed, kt\u00f3ra funkcjonuje do dzi\u015b. Ch\u00f3r liczy obecnie 9 cz\u0142onk\u00f3w oraz kilku go\u015bcinie wyst\u0119puj\u0105cych wokalist\u00f3w i muzyk\u00f3w. Zr\u00f3\u017cnicowany i starannie wyszukany repertuar tworz\u0105 zar\u00f3wno kompozycje wsp\u00f3\u0142czesne, jak i klasyczne, muzyka gospel, chora\u0142y i inne. Dob\u00f3r utwor\u00f3w uzale\u017cniony jest od aktualnego sk\u0142adu grupy. Opr\u00f3cz tradycyjnych wyst\u0119p\u00f3w podczas \u015bwi\u0105tecznych mszy i nabo\u017ce\u0144stw wielkopostnych ch\u00f3r Gaud\u00ed bierze udzia\u0142 w r\u00f3\u017cnych uroczysto\u015bciach (\u015bluby, pogrzeby, adoracje &#8230;), a tak\u017ce organizuje w\u0142asne koncerty.<br \/>\n<\/span><\/p>\n<p><span style=\"font-size: 14pt; font-family: georgia, palatino, serif;\"><strong>Kiedy si\u0119 spotykamy:<\/strong><br \/>\nW ka\u017cdy poniedzia\u0142ek o godz. 18.00 w sali pr\u00f3b Klara na terenie klasztoru Si\u00f3str El\u017cbietanek.<br \/>\n<\/span><\/p>\n<p><span style=\"font-size: 14pt; font-family: georgia, palatino, serif;\"><strong>Inne przes\u0142anie:\u00a0\u00a0<\/strong><br \/>\nWa\u017cna informacja: Opr\u00f3cz regularnych pr\u00f3b spotykamy si\u0119 r\u00f3wnie\u017c na warsztatach \u015bpiewaczych po\u0142\u0105czonych z rekolekcjami i wsp\u00f3ln\u0105 integracj\u0105 cz\u0142onk\u00f3w grupy. Serdecznie zapraszamy do naszego ch\u00f3ru wszystkich zainteresowanych nieco odmiennym sposobem \u015bpiewu ch\u00f3ralnego!<br \/>\n<\/span><\/p>\n<p><span style=\"font-size: 14pt; font-family: georgia, palatino, serif;\">Osoba kontaktowa: S. Judyta, E-mail: s.judyta.ose@gmail.cz, Telefon: 606 643 674 nebo Lenka Czepczor E-mail: lenka.czepczor@gmail.com, Telefon: 773 464 801.<br \/>\n<\/span><span style=\"font-size: 14pt; font-family: georgia, palatino, serif;\"><br \/>\n<\/span><\/p>","protected":false},"excerpt":{"rendered":"<p>Prezentujemy:\u00a0\u00a0\u00a0\u00a0\u00a0\u00a0\u00a0\u00a0\u00a0\u00a0\u00a0\u00a0\u00a0\u00a0\u00a0\u00a0\u00a0 MINISTRANCI JAB\u0141ONK\u00d3W Czym si\u0119 zajmujemy:\u00a0\u00a0\u00a0\u00a0\u00a0\u00a0\u00a0 Wsp\u00f3lnota ministrant\u00f3w to wsp\u00f3lnota s\u0142u\u017cebnik\u00f3w Pana Jezusa, jak wskazuje sama nazwa ministrant (\u0142aci\u0144skie ministrare\u00a0oznacza bowiem s\u0142u\u017cy\u0107). Ministranci s\u0142u\u017c\u0105 przede wszystkim przy o\u0142tarzu podczas mszy \u015bwi\u0119tej i pomagaj\u0105 ksi\u0119dzowi podczas udzielania sakrament\u00f3w i sakramentali\u00f3w (chrzest, \u015blub, pogrzeb\u2026). Wa\u017cnym elementem s\u0142u\u017cby ministrant\u00f3w s\u0105 spotkania, podczas kt\u00f3rych buduj\u0105 oni wsp\u00f3lnot\u0119, pog\u0142\u0119biaj\u0105 swoj\u0105 [&hellip;]<\/p>\n","protected":false},"author":1,"featured_media":0,"parent":0,"menu_order":0,"comment_status":"closed","ping_status":"closed","template":"","meta":{"_exactmetrics_skip_tracking":false,"_exactmetrics_sitenote_active":false,"_exactmetrics_sitenote_note":"","_exactmetrics_sitenote_category":0,"_monsterinsights_skip_tracking":false,"_monsterinsights_sitenote_active":false,"_monsterinsights_sitenote_note":"","_monsterinsights_sitenote_category":0,"footnotes":""},"class_list":["post-6661","page","type-page","status-publish","hentry"],"aioseo_notices":[],"_links":{"self":[{"href":"https:\/\/www.farnost-jablunkov.cz\/pl\/wp-json\/wp\/v2\/pages\/6661"}],"collection":[{"href":"https:\/\/www.farnost-jablunkov.cz\/pl\/wp-json\/wp\/v2\/pages"}],"about":[{"href":"https:\/\/www.farnost-jablunkov.cz\/pl\/wp-json\/wp\/v2\/types\/page"}],"author":[{"embeddable":true,"href":"https:\/\/www.farnost-jablunkov.cz\/pl\/wp-json\/wp\/v2\/users\/1"}],"replies":[{"embeddable":true,"href":"https:\/\/www.farnost-jablunkov.cz\/pl\/wp-json\/wp\/v2\/comments?post=6661"}],"version-history":[{"count":13,"href":"https:\/\/www.farnost-jablunkov.cz\/pl\/wp-json\/wp\/v2\/pages\/6661\/revisions"}],"predecessor-version":[{"id":8051,"href":"https:\/\/www.farnost-jablunkov.cz\/pl\/wp-json\/wp\/v2\/pages\/6661\/revisions\/8051"}],"wp:attachment":[{"href":"https:\/\/www.farnost-jablunkov.cz\/pl\/wp-json\/wp\/v2\/media?parent=6661"}],"curies":[{"name":"wp","href":"https:\/\/api.w.org\/{rel}","templated":true}]}}