{"id":3988,"date":"2019-01-20T13:12:25","date_gmt":"2019-01-20T12:12:25","guid":{"rendered":"http:\/\/www.farnost-jablunkov.cz\/?page_id=3988"},"modified":"2020-12-18T22:32:26","modified_gmt":"2020-12-18T21:32:26","slug":"nejnovejsi-videa-ze-ziveho-vysilani","status":"publish","type":"page","link":"https:\/\/www.farnost-jablunkov.cz\/pl\/nejnovejsi-videa-ze-ziveho-vysilani","title":{"rendered":"Najnowsze filmy z transmisji na \u017cywo"},"content":{"rendered":"<p style=\"text-align: center;\"><strong><span style=\"font-size: 14pt; font-family: georgia, palatino, serif;\">Pro arch\u00edvn\u00ed videa klikn\u011bte v p\u0159ehr\u00e1va\u010di na ikonu vpravo naho\u0159e. Kompletn\u00ed videoarch\u00edv <a href=\"http:\/\/www.farnost-jablunkov.cz\/archiv-z-ziveho-vysilani\">TADY<\/a><\/span><\/strong><\/p>\n<p style=\"text-align: center;\"><strong><span style=\"font-size: 14pt;\">Z\u00e1lo\u017en\u00ed link na vys\u00edl\u00e1n\u00ed:<\/span><\/strong> <a href=\"https:\/\/www.twitch.tv\/farnostjablunkov\"><strong><span style=\"font-size: 14pt;\">https:\/\/www.twitch.tv\/farnostjablunkov<\/span><\/strong><\/a><\/p>\n<p><iframe loading=\"lazy\" src=\"https:\/\/www.youtube.com\/embed?listType=playlist&amp;list=PLT4rVjpNiNSfnLpz7FWVO60LivwgT70oJ\" width=\"1080\" height=\"600\" frameborder=\"0\" allowfullscreen=\"allowfullscreen\"><\/iframe><\/p>\n","protected":false},"excerpt":{"rendered":"<p>Pro arch\u00edvn\u00ed videa klikn\u011bte v p\u0159ehr\u00e1va\u010di na ikonu vpravo naho\u0159e. Kompletn\u00ed videoarch\u00edv TADY Z\u00e1lo\u017en\u00ed link na vys\u00edl\u00e1n\u00ed: https:\/\/www.twitch.tv\/farnostjablunkov<\/p>\n","protected":false},"author":1,"featured_media":0,"parent":0,"menu_order":0,"comment_status":"closed","ping_status":"closed","template":"","meta":{"_exactmetrics_skip_tracking":false,"_exactmetrics_sitenote_active":false,"_exactmetrics_sitenote_note":"","_exactmetrics_sitenote_category":0,"_monsterinsights_skip_tracking":false,"_monsterinsights_sitenote_active":false,"_monsterinsights_sitenote_note":"","_monsterinsights_sitenote_category":0,"footnotes":""},"class_list":["post-3988","page","type-page","status-publish","hentry"],"aioseo_notices":[],"_links":{"self":[{"href":"https:\/\/www.farnost-jablunkov.cz\/pl\/wp-json\/wp\/v2\/pages\/3988"}],"collection":[{"href":"https:\/\/www.farnost-jablunkov.cz\/pl\/wp-json\/wp\/v2\/pages"}],"about":[{"href":"https:\/\/www.farnost-jablunkov.cz\/pl\/wp-json\/wp\/v2\/types\/page"}],"author":[{"embeddable":true,"href":"https:\/\/www.farnost-jablunkov.cz\/pl\/wp-json\/wp\/v2\/users\/1"}],"replies":[{"embeddable":true,"href":"https:\/\/www.farnost-jablunkov.cz\/pl\/wp-json\/wp\/v2\/comments?post=3988"}],"version-history":[{"count":18,"href":"https:\/\/www.farnost-jablunkov.cz\/pl\/wp-json\/wp\/v2\/pages\/3988\/revisions"}],"predecessor-version":[{"id":5938,"href":"https:\/\/www.farnost-jablunkov.cz\/pl\/wp-json\/wp\/v2\/pages\/3988\/revisions\/5938"}],"wp:attachment":[{"href":"https:\/\/www.farnost-jablunkov.cz\/pl\/wp-json\/wp\/v2\/media?parent=3988"}],"curies":[{"name":"wp","href":"https:\/\/api.w.org\/{rel}","templated":true}]}}