{"id":3229,"date":"2018-06-18T17:34:14","date_gmt":"2018-06-18T15:34:14","guid":{"rendered":"http:\/\/www.farnost-jablunkov.cz\/?page_id=3229"},"modified":"2018-06-18T17:39:49","modified_gmt":"2018-06-18T15:39:49","slug":"spolecenstvi-manzelskych-paru","status":"publish","type":"page","link":"https:\/\/www.farnost-jablunkov.cz\/pl\/spolecenstvi-manzelskych-paru","title":{"rendered":"Wsp\u00f3lnota ma\u0142\u017ce\u0144stw"},"content":{"rendered":"<p style=\"text-align: justify;\"> Wsp\u00f3lnota ma\u0142\u017ce\u0144stw<\/p>\n<p>informacje b\u0119d\u0105 wkr\u00f3tce dodane<\/p>\n<p style=\"text-align: justify;\"><\/p>","protected":false},"excerpt":{"rendered":"<p>Wsp\u00f3lnota ma\u0142\u017ce\u0144stw informacje b\u0119d\u0105 wkr\u00f3tce dodane<\/p>\n","protected":false},"author":1,"featured_media":0,"parent":0,"menu_order":0,"comment_status":"closed","ping_status":"closed","template":"","meta":{"_exactmetrics_skip_tracking":false,"_exactmetrics_sitenote_active":false,"_exactmetrics_sitenote_note":"","_exactmetrics_sitenote_category":0,"_monsterinsights_skip_tracking":false,"_monsterinsights_sitenote_active":false,"_monsterinsights_sitenote_note":"","_monsterinsights_sitenote_category":0,"footnotes":""},"class_list":["post-3229","page","type-page","status-publish","hentry"],"aioseo_notices":[],"_links":{"self":[{"href":"https:\/\/www.farnost-jablunkov.cz\/pl\/wp-json\/wp\/v2\/pages\/3229"}],"collection":[{"href":"https:\/\/www.farnost-jablunkov.cz\/pl\/wp-json\/wp\/v2\/pages"}],"about":[{"href":"https:\/\/www.farnost-jablunkov.cz\/pl\/wp-json\/wp\/v2\/types\/page"}],"author":[{"embeddable":true,"href":"https:\/\/www.farnost-jablunkov.cz\/pl\/wp-json\/wp\/v2\/users\/1"}],"replies":[{"embeddable":true,"href":"https:\/\/www.farnost-jablunkov.cz\/pl\/wp-json\/wp\/v2\/comments?post=3229"}],"version-history":[{"count":3,"href":"https:\/\/www.farnost-jablunkov.cz\/pl\/wp-json\/wp\/v2\/pages\/3229\/revisions"}],"predecessor-version":[{"id":3234,"href":"https:\/\/www.farnost-jablunkov.cz\/pl\/wp-json\/wp\/v2\/pages\/3229\/revisions\/3234"}],"wp:attachment":[{"href":"https:\/\/www.farnost-jablunkov.cz\/pl\/wp-json\/wp\/v2\/media?parent=3229"}],"curies":[{"name":"wp","href":"https:\/\/api.w.org\/{rel}","templated":true}]}}