{"id":3044,"date":"2018-04-17T16:59:50","date_gmt":"2018-04-17T14:59:50","guid":{"rendered":"http:\/\/www.farnost-jablunkov.cz\/?page_id=3044"},"modified":"2020-11-21T10:35:22","modified_gmt":"2020-11-21T09:35:22","slug":"administrace-webstranek","status":"publish","type":"page","link":"https:\/\/www.farnost-jablunkov.cz\/pl\/administrace-webstranek","title":{"rendered":"Administrace webstr\u00e1nek"},"content":{"rendered":"<p><span style=\"font-size: 14pt; font-family: georgia, palatino, serif;\">Spr\u00e1vkyn\u011b internetov\u00fdch str\u00e1nek farnosti: <\/span><span style=\"font-size: 14pt; font-family: georgia, palatino, serif;\"><strong>\u00a0Zuzana Byrtusov\u00e1<\/strong><\/span><\/p>\n<p><span style=\"font-size: 14pt; font-family: georgia, palatino, serif;\">Telefonn\u00ed kontakt: <strong>+420 739 183 509<\/strong><\/span><\/p>\n<p><span style=\"font-size: 14pt; font-family: georgia, palatino, serif;\">Mail:\u00a0<strong>zuzana.tomasova01@seznam.cz<\/strong><\/span><\/p>\n<p>&nbsp;<\/p>\n<p>&nbsp;<\/p>\n<p><span style=\"font-family: georgia, palatino, serif; font-size: 14pt;\">Formul\u00e1\u0159 pro odesl\u00e1n\u00ed zpr\u00e1vy<\/span><\/p>\n\n<div class=\"wpcf7 no-js\" id=\"wpcf7-f6-o1\" lang=\"cs-CZ\" dir=\"ltr\">\n<div class=\"screen-reader-response\"><p role=\"status\" aria-live=\"polite\" aria-atomic=\"true\"><\/p> <ul><\/ul><\/div>\n<form action=\"\/pl\/wp-json\/wp\/v2\/pages\/3044#wpcf7-f6-o1\" method=\"post\" class=\"wpcf7-form init\" aria-label=\"Kontaktn\u00ed formul\u00e1\u0159\" novalidate=\"novalidate\" data-status=\"init\">\n<div style=\"display: none;\">\n<input type=\"hidden\" name=\"_wpcf7\" value=\"6\" \/>\n<input type=\"hidden\" name=\"_wpcf7_version\" value=\"5.9.8\" \/>\n<input type=\"hidden\" name=\"_wpcf7_locale\" value=\"cs_CZ\" \/>\n<input type=\"hidden\" name=\"_wpcf7_unit_tag\" value=\"wpcf7-f6-o1\" \/>\n<input type=\"hidden\" name=\"_wpcf7_container_post\" value=\"0\" \/>\n<input type=\"hidden\" name=\"_wpcf7_posted_data_hash\" value=\"\" \/>\n<\/div>\n<p><label> Jm\u00e9no a p\u0159\u00edjmen\u00ed<br \/>\n<span class=\"wpcf7-form-control-wrap\" data-name=\"your-name\"><input size=\"40\" maxlength=\"400\" class=\"wpcf7-form-control wpcf7-text wpcf7-validates-as-required\" aria-required=\"true\" aria-invalid=\"false\" value=\"\" type=\"text\" name=\"your-name\" \/><\/span> <\/label>\n<\/p>\n<p><label> Email<br \/>\n<span class=\"wpcf7-form-control-wrap\" data-name=\"your-email\"><input size=\"40\" maxlength=\"400\" class=\"wpcf7-form-control wpcf7-email wpcf7-validates-as-required wpcf7-text wpcf7-validates-as-email\" aria-required=\"true\" aria-invalid=\"false\" value=\"\" type=\"email\" name=\"your-email\" \/><\/span> <\/label>\n<\/p>\n<p><label> Zpr\u00e1va<br \/>\n<span class=\"wpcf7-form-control-wrap\" data-name=\"your-message\"><textarea cols=\"40\" rows=\"10\" maxlength=\"2000\" class=\"wpcf7-form-control wpcf7-textarea\" aria-invalid=\"false\" name=\"your-message\"><\/textarea><\/span> <\/label>\n<\/p>\n<p><input class=\"wpcf7-form-control wpcf7-submit has-spinner\" type=\"submit\" value=\"Odeslat\" \/>\n<\/p><div class=\"wpcf7-response-output\" aria-hidden=\"true\"><\/div>\n<\/form>\n<\/div>\n\n","protected":false},"excerpt":{"rendered":"<p>Spr\u00e1vkyn\u011b internetov\u00fdch str\u00e1nek farnosti: \u00a0Zuzana Byrtusov\u00e1 Telefonn\u00ed kontakt: +420 739 183 509 Mail:\u00a0zuzana.tomasova01@seznam.cz &nbsp; &nbsp; Formul\u00e1\u0159 pro odesl\u00e1n\u00ed zpr\u00e1vy<\/p>\n","protected":false},"author":1,"featured_media":0,"parent":0,"menu_order":0,"comment_status":"closed","ping_status":"closed","template":"","meta":{"_exactmetrics_skip_tracking":false,"_exactmetrics_sitenote_active":false,"_exactmetrics_sitenote_note":"","_exactmetrics_sitenote_category":0,"_monsterinsights_skip_tracking":false,"_monsterinsights_sitenote_active":false,"_monsterinsights_sitenote_note":"","_monsterinsights_sitenote_category":0,"footnotes":""},"class_list":["post-3044","page","type-page","status-publish","hentry"],"aioseo_notices":[],"_links":{"self":[{"href":"https:\/\/www.farnost-jablunkov.cz\/pl\/wp-json\/wp\/v2\/pages\/3044"}],"collection":[{"href":"https:\/\/www.farnost-jablunkov.cz\/pl\/wp-json\/wp\/v2\/pages"}],"about":[{"href":"https:\/\/www.farnost-jablunkov.cz\/pl\/wp-json\/wp\/v2\/types\/page"}],"author":[{"embeddable":true,"href":"https:\/\/www.farnost-jablunkov.cz\/pl\/wp-json\/wp\/v2\/users\/1"}],"replies":[{"embeddable":true,"href":"https:\/\/www.farnost-jablunkov.cz\/pl\/wp-json\/wp\/v2\/comments?post=3044"}],"version-history":[{"count":12,"href":"https:\/\/www.farnost-jablunkov.cz\/pl\/wp-json\/wp\/v2\/pages\/3044\/revisions"}],"predecessor-version":[{"id":5867,"href":"https:\/\/www.farnost-jablunkov.cz\/pl\/wp-json\/wp\/v2\/pages\/3044\/revisions\/5867"}],"wp:attachment":[{"href":"https:\/\/www.farnost-jablunkov.cz\/pl\/wp-json\/wp\/v2\/media?parent=3044"}],"curies":[{"name":"wp","href":"https:\/\/api.w.org\/{rel}","templated":true}]}}