{"id":1919,"date":"2017-09-29T14:25:28","date_gmt":"2017-09-29T12:25:28","guid":{"rendered":"http:\/\/agathonet.com\/cs\/?page_id=1919"},"modified":"2017-09-29T14:25:28","modified_gmt":"2017-09-29T12:25:28","slug":"poute-3","status":"publish","type":"page","link":"https:\/\/www.farnost-jablunkov.cz\/pl\/poute-3","title":{"rendered":"Pielgrzymki"},"content":{"rendered":"<div class=\"pt-cv-wrapper\"><div class=\"pt-cv-view pt-cv-grid pt-cv-colsys\" id=\"pt-cv-view-3ad5854s2x\"><div data-id=\"pt-cv-page-1\" class=\"pt-cv-page\" data-cvc=\"2\"><div class=\"col-md-6 col-sm-4 col-xs-12 pt-cv-content-item pt-cv-2-col\" ><div class='pt-cv-ifield'><a href=\"https:\/\/www.farnost-jablunkov.cz\/pl\/archiv\/6567\" class=\"_self pt-cv-href-thumbnail pt-cv-thumb-left\" target=\"_self\" ><img loading=\"lazy\" decoding=\"async\" width=\"610\" height=\"300\" src=\"https:\/\/www.farnost-jablunkov.cz\/wp-content\/uploads\/2022\/01\/DSCN4157-610x300.jpg\" class=\"pt-cv-thumbnail pull-left\" alt=\"\" \/><\/a>\n<div class=\"pt-cv-title\"><a href=\"https:\/\/www.farnost-jablunkov.cz\/pl\/archiv\/6567\" class=\"_self\" target=\"_self\" >Tradi\u010dn\u00ed autobusov\u00e1 pou\u0165 2026<\/a><\/div>\n<div class=\"pt-cv-content\">pln\u011b obsazena!!! Chorvatsko \u2013 \u010cern\u00e1 Hora \u2013 Bosna a Hercegovina 2026\u00a0 Term\u00edn: 10. 9. \u2013 19. 9. 2026\u00a0 Poutn\u00ed a ...<br \/><div class=\"pt-cv-rmwrap\"><a href=\"https:\/\/www.farnost-jablunkov.cz\/pl\/archiv\/6567\" class=\"_self pt-cv-readmore btn btn-success\" target=\"_self\">Wi\u0119cej<\/a><\/div><\/div><\/div><\/div><\/div><\/div><\/div>\n","protected":false},"excerpt":{"rendered":"","protected":false},"author":1,"featured_media":0,"parent":0,"menu_order":0,"comment_status":"closed","ping_status":"closed","template":"","meta":{"_exactmetrics_skip_tracking":false,"_exactmetrics_sitenote_active":false,"_exactmetrics_sitenote_note":"","_exactmetrics_sitenote_category":0,"_monsterinsights_skip_tracking":false,"_monsterinsights_sitenote_active":false,"_monsterinsights_sitenote_note":"","_monsterinsights_sitenote_category":0,"footnotes":""},"class_list":["post-1919","page","type-page","status-publish","hentry"],"aioseo_notices":[],"_links":{"self":[{"href":"https:\/\/www.farnost-jablunkov.cz\/pl\/wp-json\/wp\/v2\/pages\/1919"}],"collection":[{"href":"https:\/\/www.farnost-jablunkov.cz\/pl\/wp-json\/wp\/v2\/pages"}],"about":[{"href":"https:\/\/www.farnost-jablunkov.cz\/pl\/wp-json\/wp\/v2\/types\/page"}],"author":[{"embeddable":true,"href":"https:\/\/www.farnost-jablunkov.cz\/pl\/wp-json\/wp\/v2\/users\/1"}],"replies":[{"embeddable":true,"href":"https:\/\/www.farnost-jablunkov.cz\/pl\/wp-json\/wp\/v2\/comments?post=1919"}],"version-history":[{"count":1,"href":"https:\/\/www.farnost-jablunkov.cz\/pl\/wp-json\/wp\/v2\/pages\/1919\/revisions"}],"predecessor-version":[{"id":1920,"href":"https:\/\/www.farnost-jablunkov.cz\/pl\/wp-json\/wp\/v2\/pages\/1919\/revisions\/1920"}],"wp:attachment":[{"href":"https:\/\/www.farnost-jablunkov.cz\/pl\/wp-json\/wp\/v2\/media?parent=1919"}],"curies":[{"name":"wp","href":"https:\/\/api.w.org\/{rel}","templated":true}]}}