{"id":1619,"date":"2017-09-28T10:19:45","date_gmt":"2017-09-28T08:19:45","guid":{"rendered":"http:\/\/agathonet.com\/cs\/?page_id=1619"},"modified":"2017-09-28T11:31:56","modified_gmt":"2017-09-28T09:31:56","slug":"galerie","status":"publish","type":"page","link":"https:\/\/www.farnost-jablunkov.cz\/pl\/galerie","title":{"rendered":"Galerie"},"content":{"rendered":"<div class=\"pt-cv-wrapper\"><div class=\"pt-cv-view pt-cv-grid pt-cv-colsys\" id=\"pt-cv-view-be5ff4419m\"><div data-id=\"pt-cv-page-1\" class=\"pt-cv-page\" data-cvc=\"3\"><div class=\"col-md-4 col-sm-4 col-xs-12 pt-cv-content-item pt-cv-1-col\" ><div class='pt-cv-ifield'><a href=\"https:\/\/www.farnost-jablunkov.cz\/pl\/archiv\/6461\" class=\"_self pt-cv-href-thumbnail pt-cv-thumb-default\" target=\"_self\" ><img loading=\"lazy\" decoding=\"async\" width=\"350\" height=\"200\" src=\"https:\/\/www.farnost-jablunkov.cz\/wp-content\/uploads\/2021\/10\/PHOTO-2021-10-10-09-51-59_1-350x200.jpg\" class=\"pt-cv-thumbnail\" alt=\"\" \/><\/a>\n<div class=\"pt-cv-title\"><a href=\"https:\/\/www.farnost-jablunkov.cz\/pl\/archiv\/6461\" class=\"_self\" target=\"_self\" >PIelgrzymka do Neratova<\/a><\/div><\/div><\/div>\n<div class=\"col-md-4 col-sm-4 col-xs-12 pt-cv-content-item pt-cv-1-col\" ><div class='pt-cv-ifield'><a href=\"https:\/\/www.farnost-jablunkov.cz\/pl\/archiv\/5407\" class=\"_self pt-cv-href-thumbnail pt-cv-thumb-default\" target=\"_self\" ><img loading=\"lazy\" decoding=\"async\" width=\"350\" height=\"200\" src=\"https:\/\/www.farnost-jablunkov.cz\/wp-content\/uploads\/2020\/03\/IMG_20200306_112039-350x200.jpg\" class=\"pt-cv-thumbnail\" alt=\"\" \/><\/a>\n<div class=\"pt-cv-title\"><a href=\"https:\/\/www.farnost-jablunkov.cz\/pl\/archiv\/5407\" class=\"_self\" target=\"_self\" >Nasza droga do Meksyku<\/a><\/div><\/div><\/div>\n<div class=\"col-md-4 col-sm-4 col-xs-12 pt-cv-content-item pt-cv-1-col\" ><div class='pt-cv-ifield'><a href=\"https:\/\/www.farnost-jablunkov.cz\/pl\/archiv\/5234\" class=\"_self pt-cv-href-thumbnail pt-cv-thumb-default\" target=\"_self\" ><img loading=\"lazy\" decoding=\"async\" width=\"350\" height=\"200\" src=\"https:\/\/www.farnost-jablunkov.cz\/wp-content\/uploads\/2019\/11\/IMG_20191113_1235161-350x200.jpg\" class=\"pt-cv-thumbnail\" alt=\"\" \/><\/a>\n<div class=\"pt-cv-title\"><a href=\"https:\/\/www.farnost-jablunkov.cz\/pl\/archiv\/5234\" class=\"_self\" target=\"_self\" >Parafianie na pielgrzymce narodowej w Rzymie<\/a><\/div><\/div><\/div>\n<div class=\"col-md-4 col-sm-4 col-xs-12 pt-cv-content-item pt-cv-1-col\" ><div class='pt-cv-ifield'><a href=\"https:\/\/www.farnost-jablunkov.cz\/pl\/archiv\/5165\" class=\"_self pt-cv-href-thumbnail pt-cv-thumb-default\" target=\"_self\" ><img loading=\"lazy\" decoding=\"async\" width=\"350\" height=\"200\" src=\"https:\/\/www.farnost-jablunkov.cz\/wp-content\/uploads\/2019\/09\/IMGP0719-350x200.jpg\" class=\"pt-cv-thumbnail\" alt=\"\" \/><\/a>\n<div class=\"pt-cv-title\"><a href=\"https:\/\/www.farnost-jablunkov.cz\/pl\/archiv\/5165\" class=\"_self\" target=\"_self\" >Koncert w ramach SHF<\/a><\/div><\/div><\/div>\n<div class=\"col-md-4 col-sm-4 col-xs-12 pt-cv-content-item pt-cv-1-col\" ><div class='pt-cv-ifield'><a href=\"https:\/\/www.farnost-jablunkov.cz\/pl\/archiv\/4822\" class=\"_self pt-cv-href-thumbnail pt-cv-thumb-default\" target=\"_self\" ><img loading=\"lazy\" decoding=\"async\" width=\"350\" height=\"200\" src=\"https:\/\/www.farnost-jablunkov.cz\/wp-content\/uploads\/2019\/07\/IMG_20190723_141448-350x200.jpg\" class=\"pt-cv-thumbnail\" alt=\"\" \/><\/a>\n<div class=\"pt-cv-title\"><a href=\"https:\/\/www.farnost-jablunkov.cz\/pl\/archiv\/4822\" class=\"_self\" target=\"_self\" >Pielgrzymi w Szwajcarii<\/a><\/div><\/div><\/div>\n<div class=\"col-md-4 col-sm-4 col-xs-12 pt-cv-content-item pt-cv-1-col\" ><div class='pt-cv-ifield'><a href=\"https:\/\/www.farnost-jablunkov.cz\/pl\/archiv\/4716\" class=\"_self pt-cv-href-thumbnail pt-cv-thumb-default\" target=\"_self\" ><img loading=\"lazy\" decoding=\"async\" width=\"350\" height=\"200\" src=\"https:\/\/www.farnost-jablunkov.cz\/wp-content\/uploads\/2019\/07\/IMG_4617-350x200.jpg\" class=\"pt-cv-thumbnail\" alt=\"\" \/><\/a>\n<div class=\"pt-cv-title\"><a href=\"https:\/\/www.farnost-jablunkov.cz\/pl\/archiv\/4716\" class=\"_self\" target=\"_self\" >Uroczysto\u015b\u0107 odpustowa<\/a><\/div><\/div><\/div>\n<div class=\"col-md-4 col-sm-4 col-xs-12 pt-cv-content-item pt-cv-1-col\" ><div class='pt-cv-ifield'><a href=\"https:\/\/www.farnost-jablunkov.cz\/pl\/archiv\/4605\" class=\"_self pt-cv-href-thumbnail pt-cv-thumb-default\" target=\"_self\" ><img loading=\"lazy\" decoding=\"async\" width=\"350\" height=\"200\" src=\"https:\/\/www.farnost-jablunkov.cz\/wp-content\/uploads\/2019\/05\/IMG_20190502_080119-350x200.jpg\" class=\"pt-cv-thumbnail\" alt=\"\" \/><\/a>\n<div class=\"pt-cv-title\"><a href=\"https:\/\/www.farnost-jablunkov.cz\/pl\/archiv\/4605\" class=\"_self\" target=\"_self\" >Holandia w naszym ogrodzie parafialnym<\/a><\/div><\/div><\/div>\n<div class=\"col-md-4 col-sm-4 col-xs-12 pt-cv-content-item pt-cv-1-col\" ><div class='pt-cv-ifield'><a href=\"https:\/\/www.farnost-jablunkov.cz\/pl\/archiv\/4547\" class=\"_self pt-cv-href-thumbnail pt-cv-thumb-default\" target=\"_self\" ><img loading=\"lazy\" decoding=\"async\" width=\"350\" height=\"200\" src=\"https:\/\/www.farnost-jablunkov.cz\/wp-content\/uploads\/2019\/04\/IMG_20190410_181633-350x200.jpg\" class=\"pt-cv-thumbnail\" alt=\"\" \/><\/a>\n<div class=\"pt-cv-title\"><a href=\"https:\/\/www.farnost-jablunkov.cz\/pl\/archiv\/4547\" class=\"_self\" target=\"_self\" >Via Dolorosa \u00a0\u00a0\u00a0<\/a><\/div><\/div><\/div>\n<div class=\"col-md-4 col-sm-4 col-xs-12 pt-cv-content-item pt-cv-1-col\" ><div class='pt-cv-ifield'><a href=\"https:\/\/www.farnost-jablunkov.cz\/pl\/archiv\/4218\" class=\"_self pt-cv-href-thumbnail pt-cv-thumb-default\" target=\"_self\" ><img loading=\"lazy\" decoding=\"async\" width=\"350\" height=\"200\" src=\"https:\/\/www.farnost-jablunkov.cz\/wp-content\/uploads\/2019\/03\/DSC02643-350x200.jpg\" class=\"pt-cv-thumbnail\" alt=\"\" \/><\/a>\n<div class=\"pt-cv-title\"><a href=\"https:\/\/www.farnost-jablunkov.cz\/pl\/archiv\/4218\" class=\"_self\" target=\"_self\" >Prze\u017cycia z Ziemi \u015awi\u0119tej<\/a><\/div><\/div><\/div>\n<div class=\"col-md-4 col-sm-4 col-xs-12 pt-cv-content-item pt-cv-1-col\" ><div class='pt-cv-ifield'><a href=\"https:\/\/www.farnost-jablunkov.cz\/pl\/archiv\/3926\" class=\"_self pt-cv-href-thumbnail pt-cv-thumb-default\" target=\"_self\" ><img loading=\"lazy\" decoding=\"async\" width=\"350\" height=\"200\" src=\"https:\/\/www.farnost-jablunkov.cz\/wp-content\/uploads\/2019\/01\/IMG_20190105_201902-350x200.jpg\" class=\"pt-cv-thumbnail\" alt=\"\" \/><\/a>\n<div class=\"pt-cv-title\"><a href=\"https:\/\/www.farnost-jablunkov.cz\/pl\/archiv\/3926\" class=\"_self\" target=\"_self\" >Bal parafialny<\/a><\/div><\/div><\/div>\n<div class=\"col-md-4 col-sm-4 col-xs-12 pt-cv-content-item pt-cv-1-col\" ><div class='pt-cv-ifield'><a href=\"https:\/\/www.farnost-jablunkov.cz\/pl\/archiv\/3940\" class=\"_self pt-cv-href-thumbnail pt-cv-thumb-default\" target=\"_self\" ><img loading=\"lazy\" decoding=\"async\" width=\"350\" height=\"200\" src=\"https:\/\/www.farnost-jablunkov.cz\/wp-content\/uploads\/2019\/01\/DSC_0302-631x420-350x200.jpg\" class=\"pt-cv-thumbnail\" alt=\"\" \/><\/a>\n<div class=\"pt-cv-title\"><a href=\"https:\/\/www.farnost-jablunkov.cz\/pl\/archiv\/3940\" class=\"_self\" target=\"_self\" >Koncert \u015awi\u0105teczny<\/a><\/div><\/div><\/div>\n<div class=\"col-md-4 col-sm-4 col-xs-12 pt-cv-content-item pt-cv-1-col\" ><div class='pt-cv-ifield'><a href=\"https:\/\/www.farnost-jablunkov.cz\/pl\/archiv\/3884\" class=\"_self pt-cv-href-thumbnail pt-cv-thumb-default\" target=\"_self\" ><img loading=\"lazy\" decoding=\"async\" width=\"350\" height=\"200\" src=\"https:\/\/www.farnost-jablunkov.cz\/wp-content\/uploads\/2018\/12\/KAW7801-350x200.jpg\" class=\"pt-cv-thumbnail\" alt=\"\" \/><\/a>\n<div class=\"pt-cv-title\"><a href=\"https:\/\/www.farnost-jablunkov.cz\/pl\/archiv\/3884\" class=\"_self\" target=\"_self\" >Koniec Rorat<\/a><\/div><\/div><\/div>\n<div class=\"col-md-4 col-sm-4 col-xs-12 pt-cv-content-item pt-cv-1-col\" ><div class='pt-cv-ifield'><a href=\"https:\/\/www.farnost-jablunkov.cz\/pl\/archiv\/3790\" class=\"_self pt-cv-href-thumbnail pt-cv-thumb-default\" target=\"_self\" ><img loading=\"lazy\" decoding=\"async\" width=\"350\" height=\"200\" src=\"https:\/\/www.farnost-jablunkov.cz\/wp-content\/uploads\/2018\/12\/DSC_0350-350x200.jpg\" class=\"pt-cv-thumbnail\" alt=\"\" \/><\/a>\n<div class=\"pt-cv-title\"><a href=\"https:\/\/www.farnost-jablunkov.cz\/pl\/archiv\/3790\" class=\"_self\" target=\"_self\" >Relikwie \u015bw. dzieci fatimskich<\/a><\/div><\/div><\/div>\n<div class=\"col-md-4 col-sm-4 col-xs-12 pt-cv-content-item pt-cv-1-col\" ><div class='pt-cv-ifield'><a href=\"https:\/\/www.farnost-jablunkov.cz\/pl\/archiv\/3664\" class=\"_self pt-cv-href-thumbnail pt-cv-thumb-default\" target=\"_self\" ><img loading=\"lazy\" decoding=\"async\" width=\"350\" height=\"200\" src=\"https:\/\/www.farnost-jablunkov.cz\/wp-content\/uploads\/2018\/09\/IMG_20180910_173734-350x200.jpg\" class=\"pt-cv-thumbnail\" alt=\"\" \/><\/a>\n<div class=\"pt-cv-title\"><a href=\"https:\/\/www.farnost-jablunkov.cz\/pl\/archiv\/3664\" class=\"_self\" target=\"_self\" >Msza przy kapliczce<\/a><\/div><\/div><\/div>\n<div class=\"col-md-4 col-sm-4 col-xs-12 pt-cv-content-item pt-cv-1-col\" ><div class='pt-cv-ifield'><a href=\"https:\/\/www.farnost-jablunkov.cz\/pl\/archiv\/3414\" class=\"_self pt-cv-href-thumbnail pt-cv-thumb-default\" target=\"_self\" ><img loading=\"lazy\" decoding=\"async\" width=\"350\" height=\"200\" src=\"https:\/\/www.farnost-jablunkov.cz\/wp-content\/uploads\/2018\/09\/IMG_20180829_101957-350x200.jpg\" class=\"pt-cv-thumbnail\" alt=\"\" \/><\/a>\n<div class=\"pt-cv-title\"><a href=\"https:\/\/www.farnost-jablunkov.cz\/pl\/archiv\/3414\" class=\"_self\" target=\"_self\" >Pielgrzymka na Ba\u0142kany<\/a><\/div><\/div><\/div>\n<div class=\"col-md-4 col-sm-4 col-xs-12 pt-cv-content-item pt-cv-1-col\" ><div class='pt-cv-ifield'><a href=\"https:\/\/www.farnost-jablunkov.cz\/pl\/archiv\/3356\" class=\"_self pt-cv-href-thumbnail pt-cv-thumb-default\" target=\"_self\" ><img loading=\"lazy\" decoding=\"async\" width=\"350\" height=\"200\" src=\"https:\/\/www.farnost-jablunkov.cz\/wp-content\/uploads\/2018\/08\/40046282_277811883046880_3767808172639649792_n-350x200.jpg\" class=\"pt-cv-thumbnail\" alt=\"\" \/><\/a>\n<div class=\"pt-cv-title\"><a href=\"https:\/\/www.farnost-jablunkov.cz\/pl\/archiv\/3356\" class=\"_self\" target=\"_self\" >10. spotkanie na Tr\u00f3jstyku<\/a><\/div><\/div><\/div>\n<div class=\"col-md-4 col-sm-4 col-xs-12 pt-cv-content-item pt-cv-1-col\" ><div class='pt-cv-ifield'><a href=\"https:\/\/www.farnost-jablunkov.cz\/pl\/archiv\/3298\" class=\"_self pt-cv-href-thumbnail pt-cv-thumb-default\" target=\"_self\" ><img loading=\"lazy\" decoding=\"async\" width=\"350\" height=\"200\" src=\"https:\/\/www.farnost-jablunkov.cz\/wp-content\/uploads\/2018\/07\/IMG_20180729_113132-350x200.jpg\" class=\"pt-cv-thumbnail\" alt=\"\" \/><\/a>\n<div class=\"pt-cv-title\"><a href=\"https:\/\/www.farnost-jablunkov.cz\/pl\/archiv\/3298\" class=\"_self\" target=\"_self\" >\u015bw. Anna<\/a><\/div><\/div><\/div>\n<div class=\"col-md-4 col-sm-4 col-xs-12 pt-cv-content-item pt-cv-1-col\" ><div class='pt-cv-ifield'><a href=\"https:\/\/www.farnost-jablunkov.cz\/pl\/archiv\/3159\" class=\"_self pt-cv-href-thumbnail pt-cv-thumb-default\" target=\"_self\" ><img loading=\"lazy\" decoding=\"async\" width=\"350\" height=\"200\" src=\"https:\/\/www.farnost-jablunkov.cz\/wp-content\/uploads\/2018\/06\/IMG_20180603_170150-350x200.jpg\" class=\"pt-cv-thumbnail\" alt=\"\" \/><\/a>\n<div class=\"pt-cv-title\"><a href=\"https:\/\/www.farnost-jablunkov.cz\/pl\/archiv\/3159\" class=\"_self\" target=\"_self\" >Odpust parafialny<\/a><\/div><\/div><\/div>\n<div class=\"col-md-4 col-sm-4 col-xs-12 pt-cv-content-item pt-cv-1-col\" ><div class='pt-cv-ifield'><a href=\"https:\/\/www.farnost-jablunkov.cz\/pl\/archiv\/3085\" class=\"_self pt-cv-href-thumbnail pt-cv-thumb-default\" target=\"_self\" ><img loading=\"lazy\" decoding=\"async\" width=\"350\" height=\"200\" src=\"https:\/\/www.farnost-jablunkov.cz\/wp-content\/uploads\/2018\/03\/holy-communion-bread-wine_soudwvbn__F0000-350x200.png\" class=\"pt-cv-thumbnail\" alt=\"\" \/><\/a>\n<div class=\"pt-cv-title\"><a href=\"https:\/\/www.farnost-jablunkov.cz\/pl\/archiv\/3085\" class=\"_self\" target=\"_self\" >VIDEO: Prvn\u00ed sv. p\u0159ij\u00edm\u00e1n\u00ed 2018<\/a><\/div><\/div><\/div>\n<div class=\"col-md-4 col-sm-4 col-xs-12 pt-cv-content-item pt-cv-1-col\" ><div class='pt-cv-ifield'><a href=\"https:\/\/www.farnost-jablunkov.cz\/pl\/archiv\/3091\" class=\"_self pt-cv-href-thumbnail pt-cv-thumb-default\" target=\"_self\" ><img loading=\"lazy\" decoding=\"async\" width=\"350\" height=\"200\" src=\"https:\/\/www.farnost-jablunkov.cz\/wp-content\/uploads\/2018\/05\/IMG_20180508_113744-350x200.jpg\" class=\"pt-cv-thumbnail\" alt=\"\" \/><\/a>\n<div class=\"pt-cv-title\"><a href=\"https:\/\/www.farnost-jablunkov.cz\/pl\/archiv\/3091\" class=\"_self\" target=\"_self\" >Setk\u00e1n\u00ed d\u011bt\u00ed na Kozubov\u00e9<\/a><\/div><\/div><\/div>\n<div class=\"col-md-4 col-sm-4 col-xs-12 pt-cv-content-item pt-cv-1-col\" ><div class='pt-cv-ifield'><a href=\"https:\/\/www.farnost-jablunkov.cz\/pl\/archiv\/2997\" class=\"_self pt-cv-href-thumbnail pt-cv-thumb-default\" target=\"_self\" ><img loading=\"lazy\" decoding=\"async\" width=\"350\" height=\"200\" src=\"https:\/\/www.farnost-jablunkov.cz\/wp-content\/uploads\/2018\/03\/IMG_20180325_103737-350x200.jpg\" class=\"pt-cv-thumbnail\" alt=\"\" \/><\/a>\n<div class=\"pt-cv-title\"><a href=\"https:\/\/www.farnost-jablunkov.cz\/pl\/archiv\/2997\" class=\"_self\" target=\"_self\" >Niedziela Palmowa<\/a><\/div><\/div><\/div>\n<div class=\"col-md-4 col-sm-4 col-xs-12 pt-cv-content-item pt-cv-1-col\" ><div class='pt-cv-ifield'><a href=\"https:\/\/www.farnost-jablunkov.cz\/pl\/archiv\/2951\" class=\"_self pt-cv-href-thumbnail pt-cv-thumb-default\" target=\"_self\" ><img loading=\"lazy\" decoding=\"async\" width=\"350\" height=\"200\" src=\"https:\/\/www.farnost-jablunkov.cz\/wp-content\/uploads\/2018\/03\/IMG_20180316_175127-350x200.jpg\" class=\"pt-cv-thumbnail\" alt=\"\" \/><\/a>\n<div class=\"pt-cv-title\"><a href=\"https:\/\/www.farnost-jablunkov.cz\/pl\/archiv\/2951\" class=\"_self\" target=\"_self\" >Droga Krzy\u017cowa<\/a><\/div><\/div><\/div>\n<div class=\"col-md-4 col-sm-4 col-xs-12 pt-cv-content-item pt-cv-1-col\" ><div class='pt-cv-ifield'><a href=\"https:\/\/www.farnost-jablunkov.cz\/pl\/archiv\/2784\" class=\"_self pt-cv-href-thumbnail pt-cv-thumb-default\" target=\"_self\" ><img loading=\"lazy\" decoding=\"async\" width=\"350\" height=\"200\" src=\"https:\/\/www.farnost-jablunkov.cz\/wp-content\/uploads\/2017\/12\/IMG_20171230_103033-350x200.jpg\" class=\"pt-cv-thumbnail\" alt=\"\" \/><\/a>\n<div class=\"pt-cv-title\"><a href=\"https:\/\/www.farnost-jablunkov.cz\/pl\/archiv\/2784\" class=\"_self\" target=\"_self\" >Msza \u015bw. na Kozubowej<\/a><\/div><\/div><\/div>\n<div class=\"col-md-4 col-sm-4 col-xs-12 pt-cv-content-item pt-cv-1-col\" ><div class='pt-cv-ifield'><a href=\"https:\/\/www.farnost-jablunkov.cz\/pl\/archiv\/2794\" class=\"_self pt-cv-href-thumbnail pt-cv-thumb-default\" target=\"_self\" ><img loading=\"lazy\" decoding=\"async\" width=\"350\" height=\"200\" src=\"https:\/\/www.farnost-jablunkov.cz\/wp-content\/uploads\/2017\/12\/s4_straznik_skarbow_-_roraty_2017_87-350x200.jpg\" class=\"pt-cv-thumbnail\" alt=\"\" \/><\/a>\n<div class=\"pt-cv-title\"><a href=\"https:\/\/www.farnost-jablunkov.cz\/pl\/archiv\/2794\" class=\"_self\" target=\"_self\" >Roraty w naszej parafii<\/a><\/div><\/div><\/div>\n<div class=\"col-md-4 col-sm-4 col-xs-12 pt-cv-content-item pt-cv-1-col\" ><div class='pt-cv-ifield'><a href=\"https:\/\/www.farnost-jablunkov.cz\/pl\/archiv\/2540\" class=\"_self pt-cv-href-thumbnail pt-cv-thumb-default\" target=\"_self\" ><img loading=\"lazy\" decoding=\"async\" width=\"350\" height=\"200\" src=\"https:\/\/www.farnost-jablunkov.cz\/wp-content\/uploads\/2017\/11\/20171028_114732-1-350x200.jpg\" class=\"pt-cv-thumbnail\" alt=\"\" \/><\/a>\n<div class=\"pt-cv-title\"><a href=\"https:\/\/www.farnost-jablunkov.cz\/pl\/archiv\/2540\" class=\"_self\" target=\"_self\" >Pielgrzymka do Trzebnicy<\/a><\/div><\/div><\/div>\n<div class=\"col-md-4 col-sm-4 col-xs-12 pt-cv-content-item pt-cv-1-col\" ><div class='pt-cv-ifield'><a href=\"https:\/\/www.farnost-jablunkov.cz\/pl\/archiv\/2354\" class=\"_self pt-cv-href-thumbnail pt-cv-thumb-default\" target=\"_self\" ><img loading=\"lazy\" decoding=\"async\" width=\"350\" height=\"200\" src=\"https:\/\/www.farnost-jablunkov.cz\/wp-content\/uploads\/2017\/10\/22345253_1992082651078686_1433725774_o-350x200.jpg\" class=\"pt-cv-thumbnail\" alt=\"\" \/><\/a>\n<div class=\"pt-cv-title\"><a href=\"https:\/\/www.farnost-jablunkov.cz\/pl\/archiv\/2354\" class=\"_self\" target=\"_self\" >Pielgrzymka do Koclirzowa<\/a><\/div><\/div><\/div>\n<div class=\"col-md-4 col-sm-4 col-xs-12 pt-cv-content-item pt-cv-1-col\" ><div class='pt-cv-ifield'><a href=\"https:\/\/www.farnost-jablunkov.cz\/pl\/archiv\/2037\" class=\"_self pt-cv-href-thumbnail pt-cv-thumb-default\" target=\"_self\" ><img loading=\"lazy\" decoding=\"async\" width=\"350\" height=\"200\" src=\"https:\/\/www.farnost-jablunkov.cz\/wp-content\/uploads\/2017\/09\/DSC01380-350x200.jpg\" class=\"pt-cv-thumbnail\" alt=\"\" \/><\/a>\n<div class=\"pt-cv-title\"><a href=\"https:\/\/www.farnost-jablunkov.cz\/pl\/archiv\/2037\" class=\"_self\" target=\"_self\" >Nasza parafia w Fatimie<\/a><\/div><\/div><\/div>\n<div class=\"col-md-4 col-sm-4 col-xs-12 pt-cv-content-item pt-cv-1-col\" ><div class='pt-cv-ifield'><a href=\"https:\/\/www.farnost-jablunkov.cz\/pl\/archiv\/1930\" class=\"_self pt-cv-href-thumbnail pt-cv-thumb-default\" target=\"_self\" ><img loading=\"lazy\" decoding=\"async\" width=\"350\" height=\"200\" src=\"https:\/\/www.farnost-jablunkov.cz\/wp-content\/uploads\/2017\/09\/IMG_20170423_184858-350x200.jpg\" class=\"pt-cv-thumbnail\" alt=\"\" \/><\/a>\n<div class=\"pt-cv-title\"><a href=\"https:\/\/www.farnost-jablunkov.cz\/pl\/archiv\/1930\" class=\"_self\" target=\"_self\" >Koncert ministra rolnictwa <br>Mariana Jure\u010dky<\/a><\/div><\/div><\/div>\n<div class=\"col-md-4 col-sm-4 col-xs-12 pt-cv-content-item pt-cv-1-col\" ><div class='pt-cv-ifield'><a href=\"https:\/\/www.farnost-jablunkov.cz\/pl\/archiv\/1415\" class=\"_self pt-cv-href-thumbnail pt-cv-thumb-default\" target=\"_self\" ><img loading=\"lazy\" decoding=\"async\" width=\"350\" height=\"200\" src=\"https:\/\/www.farnost-jablunkov.cz\/wp-content\/uploads\/2017\/09\/22050660_1757898090888006_273089673_o-350x200.jpg\" class=\"pt-cv-thumbnail\" alt=\"\" \/><\/a>\n<div class=\"pt-cv-title\"><a href=\"https:\/\/www.farnost-jablunkov.cz\/pl\/archiv\/1415\" class=\"_self\" target=\"_self\" >8 p\u00f3r roku w ko\u015bciele parafialnym<\/a><\/div><\/div><\/div>\n<div class=\"col-md-4 col-sm-4 col-xs-12 pt-cv-content-item pt-cv-1-col\" ><div class='pt-cv-ifield'><a href=\"https:\/\/www.farnost-jablunkov.cz\/pl\/archiv\/1171\" class=\"_self pt-cv-href-thumbnail pt-cv-thumb-default\" target=\"_self\" ><img loading=\"lazy\" decoding=\"async\" width=\"350\" height=\"200\" src=\"https:\/\/www.farnost-jablunkov.cz\/wp-content\/uploads\/2017\/08\/02-z\u00e1kladn\u00ed-350x200.jpg\" class=\"pt-cv-thumbnail\" alt=\"\" \/><\/a>\n<div class=\"pt-cv-title\"><a href=\"https:\/\/www.farnost-jablunkov.cz\/pl\/archiv\/1171\" class=\"_self\" target=\"_self\" >CSM O\u0142omuniec<\/a><\/div><\/div><\/div>\n<div class=\"col-md-4 col-sm-4 col-xs-12 pt-cv-content-item pt-cv-1-col\" ><div class='pt-cv-ifield'><a href=\"https:\/\/www.farnost-jablunkov.cz\/pl\/archiv\/1158\" class=\"_self pt-cv-href-thumbnail pt-cv-thumb-default\" target=\"_self\" ><img loading=\"lazy\" decoding=\"async\" width=\"350\" height=\"200\" src=\"https:\/\/www.farnost-jablunkov.cz\/wp-content\/uploads\/2017\/08\/DSC01050-350x200.jpg\" class=\"pt-cv-thumbnail\" alt=\"\" \/><\/a>\n<div class=\"pt-cv-title\"><a href=\"https:\/\/www.farnost-jablunkov.cz\/pl\/archiv\/1158\" class=\"_self\" target=\"_self\" >Spotkanie na Tr\u00f3jstyku<\/a><\/div><\/div><\/div>\n<div class=\"col-md-4 col-sm-4 col-xs-12 pt-cv-content-item pt-cv-1-col\" ><div class='pt-cv-ifield'><a href=\"https:\/\/www.farnost-jablunkov.cz\/pl\/archiv\/1632\" class=\"_self pt-cv-href-thumbnail pt-cv-thumb-default\" target=\"_self\" ><img loading=\"lazy\" decoding=\"async\" width=\"350\" height=\"200\" src=\"https:\/\/www.farnost-jablunkov.cz\/wp-content\/uploads\/2017\/09\/IMG_20170618_154051-350x200.jpg\" class=\"pt-cv-thumbnail\" alt=\"\" \/><\/a>\n<div class=\"pt-cv-title\"><a href=\"https:\/\/www.farnost-jablunkov.cz\/pl\/archiv\/1632\" class=\"_self\" target=\"_self\" >Dzie\u0144 parafialny 2017<\/a><\/div><\/div><\/div>\n<div class=\"col-md-4 col-sm-4 col-xs-12 pt-cv-content-item pt-cv-1-col\" ><div class='pt-cv-ifield'><a href=\"https:\/\/www.farnost-jablunkov.cz\/pl\/archiv\/1912\" class=\"_self pt-cv-href-thumbnail pt-cv-thumb-default\" target=\"_self\" ><img loading=\"lazy\" decoding=\"async\" width=\"350\" height=\"200\" src=\"https:\/\/www.farnost-jablunkov.cz\/wp-content\/uploads\/2017\/09\/DSCN3908-350x200.png\" class=\"pt-cv-thumbnail\" alt=\"\" \/><\/a>\n<div class=\"pt-cv-title\"><a href=\"https:\/\/www.farnost-jablunkov.cz\/pl\/archiv\/1912\" class=\"_self\" target=\"_self\" >12. pielgrzymka parafialna do W\u0142och i Bawarii w Roku Bo\u017cego Mi\u0142osierdzia<\/a><\/div><\/div><\/div><\/div><\/div><\/div>\n","protected":false},"excerpt":{"rendered":"","protected":false},"author":1,"featured_media":0,"parent":0,"menu_order":0,"comment_status":"closed","ping_status":"closed","template":"","meta":{"_exactmetrics_skip_tracking":false,"_exactmetrics_sitenote_active":false,"_exactmetrics_sitenote_note":"","_exactmetrics_sitenote_category":0,"_monsterinsights_skip_tracking":false,"_monsterinsights_sitenote_active":false,"_monsterinsights_sitenote_note":"","_monsterinsights_sitenote_category":0,"footnotes":""},"class_list":["post-1619","page","type-page","status-publish","hentry"],"aioseo_notices":[],"_links":{"self":[{"href":"https:\/\/www.farnost-jablunkov.cz\/pl\/wp-json\/wp\/v2\/pages\/1619"}],"collection":[{"href":"https:\/\/www.farnost-jablunkov.cz\/pl\/wp-json\/wp\/v2\/pages"}],"about":[{"href":"https:\/\/www.farnost-jablunkov.cz\/pl\/wp-json\/wp\/v2\/types\/page"}],"author":[{"embeddable":true,"href":"https:\/\/www.farnost-jablunkov.cz\/pl\/wp-json\/wp\/v2\/users\/1"}],"replies":[{"embeddable":true,"href":"https:\/\/www.farnost-jablunkov.cz\/pl\/wp-json\/wp\/v2\/comments?post=1619"}],"version-history":[{"count":2,"href":"https:\/\/www.farnost-jablunkov.cz\/pl\/wp-json\/wp\/v2\/pages\/1619\/revisions"}],"predecessor-version":[{"id":1628,"href":"https:\/\/www.farnost-jablunkov.cz\/pl\/wp-json\/wp\/v2\/pages\/1619\/revisions\/1628"}],"wp:attachment":[{"href":"https:\/\/www.farnost-jablunkov.cz\/pl\/wp-json\/wp\/v2\/media?parent=1619"}],"curies":[{"name":"wp","href":"https:\/\/api.w.org\/{rel}","templated":true}]}}