{"id":1400,"date":"2020-02-19T11:00:53","date_gmt":"2020-02-19T10:00:53","guid":{"rendered":"http:\/\/agathonet.com\/cs\/?page_id=1400"},"modified":"2021-12-18T18:48:26","modified_gmt":"2021-12-18T17:48:26","slug":"apostolat-dobre-smrti","status":"publish","type":"page","link":"https:\/\/www.farnost-jablunkov.cz\/pl\/apostolat-dobre-smrti","title":{"rendered":"Apostolstwo dobrej \u015bmierci"},"content":{"rendered":"<p style=\"text-align: center;\"><\/p>\n<p style=\"text-align: center;\"><span style=\"color: #800000;\"><span style=\"font-family: georgia,palatino,serif; font-size: 14pt;\"><strong><em>Dobrze \u017cy\u0107 \u2013 to wiele, <\/em><\/strong><\/span><span style=\"font-family: georgia,palatino,serif; font-size: 14pt;\"><strong><em>dobrze umrze\u0107 \u2013 to wszystko&#8230;<\/em><\/strong><\/span><\/span><\/p>\n<p style=\"text-align: justify;\"><span style=\"font-family: georgia,palatino,serif; font-size: 14pt;\">Apostolstwo Dobrej \u015amierci jest zrzeszeniem modlitewnym, kt\u00f3re przypomina o pilnej konieczno\u015bci dobrego przygotowania si\u0119 do ostatecznego spotkania z Bogiem.<\/span><\/p>\n<p style=\"text-align: justify;\"><span style=\"font-family: georgia,palatino,serif; font-size: 14pt;\">Wst\u0119puj\u0105cy do Stowarzyszenia, poprzez swoje modlitwy i ofiary, pragn\u0105 wyjedna\u0107 \u2013 dla wiernych katolik\u00f3w \u2013 wytrwanie w \u0142asce u\u015bwi\u0119caj\u0105cej, dla oboj\u0119tnych religijnie i dla grzesznik\u00f3w \u2013 \u0142ask\u0119 nawr\u00f3cenia, oraz dla wszystkich \u2013 dobr\u0105 i \u015bwi\u0119t\u0105 \u015bmier\u0107.<\/span><\/p>\n<p style=\"text-align: justify;\"><span style=\"font-family: georgia,palatino,serif; font-size: 14pt;\">Realizuj\u0105c powy\u017csze cele, nale\u017c\u0105cy do Stowarzyszenia kieruj\u0105 cz\u0119sto swe my\u015bli ku wieczno\u015bci, staraj\u0105 si\u0119 wystrzega\u0107 grzechu by wzrasta\u0107 w dobru, by w ten spos\u00f3b by\u0107 gotowym na \u015bmier\u0107 w ka\u017cdej chwili \u017cycia.<\/span><\/p>\n<p style=\"text-align: justify;\"><span style=\"font-family: georgia,palatino,serif; font-size: 14pt;\">ADS jest stowarzyszeniem uniwersalnym. Wystarczy wyrazi\u0107 zgod\u0119 na wpisanie do Ksi\u0119gi, i tym samym powierzy\u0107 ostatni\u0105 chwil\u0119 \u017cycia opiece Maryi, Matki Bolesnej. Na potwierdzenie otrzymuje si\u0119 \u015bwiadectwo &#8211; ksi\u0105\u017ceczk\u0119.<\/span><\/p>\n<p style=\"text-align: justify;\"><span style=\"font-family: georgia,palatino,serif; font-size: 14pt;\">Nie ma \u017cadnych zobowi\u0105za\u0144 odno\u015bnie \u0107wicze\u0144, modlitw czy op\u0142at. Zach\u0119ca si\u0119 do codziennego rachunku sumienia, a tak\u017ce udzia\u0142u w dniach skupienia i rekolekcjach organizowanych w wielu regionach Polski.<\/span><\/p>\n<p style=\"text-align: justify;\"><span style=\"font-family: georgia,palatino,serif; font-size: 14pt;\">Grupy Apostolstwa \u017cywi\u0105 szczeg\u00f3lne nabo\u017ce\u0144stwo do Matki Bo\u017cej Bolesnej i \u015bw. J\u00f3zefa, maj\u0105 udzia\u0142 w zas\u0142ugach p\u0142yn\u0105cych ze wsp\u00f3lnych modlitw, uczestnicz\u0105 w przywilejach i \u0142askach, b\u0119d\u0105cych owocami odprawianych ka\u017cdego dnia Mszach \u015aw. w ich intencji.<\/span><\/p>\n<p style=\"text-align: justify;\"><span style=\"font-family: georgia,palatino,serif; font-size: 14pt;\">Stowarzyszenie propaguje odmawianie R\u00f3\u017ca\u0144ca do Siedmiu Bole\u015bci Matki Bo\u017cej.<\/span><\/p>\n<p style=\"text-align: justify;\"><span style=\"font-family: georgia,palatino,serif; font-size: 14pt;\">Cz\u0142onkowie zy ADS mog\u0105 korzysta\u0107 z odpust\u00f3w, po wype\u0142nieniu odpowiednich praktyk pobo\u017cnych.<\/span><\/p>\n<p style=\"text-align: justify;\"><span style=\"font-family: georgia,palatino,serif; font-size: 14pt;\"><strong><u>S\u0105 3 stopnie przynale\u017cno\u015bci do Stowarzyszenia<\/u>:<\/strong><\/span><br \/>\n<span style=\"font-family: georgia,palatino,serif; font-size: 14pt;\"> <strong>1. stopie\u0144<\/strong> \u2013 to wpisanie si\u0119 bez \u017cadnych dodatkowych zobowi\u0105za\u0144,<\/span><br \/>\n<span style=\"font-family: georgia,palatino,serif; font-size: 14pt;\"> <strong>2. stopie\u0144<\/strong> \u2013 zaleca si\u0119 odmawia\u0107 rano i wieczorem 3 x \u201eZdrowa\u015b Maryjo\u201d, oraz <u>doda\u0107 wezwanie<\/u>: \u201eMatko Bo\u017ca, Patronko Dobrej \u015amierci \u2013 m\u00f3dl si\u0119 za nami\u201d, \u201e\u015awiety J\u00f3zefie \u2013 m\u00f3dl si\u0119 za nami\u201d,<\/span><br \/>\n<span style=\"font-family: georgia,palatino,serif; font-size: 14pt;\"> <strong>3. stopie\u0144<\/strong> \u2013 opr\u00f3cz codziennej modlitwy, nale\u017cy wieczorem zrobi\u0107 kr\u00f3tkie podsumowanie dnia \u2013 <u>rachunek sumienia z prze\u017cytego dnia<\/u>, a tak\u017ce <u>raz w miesi\u0105cu przyst\u0105pi\u0107 do spowiedzi<\/u>.<\/span><\/p>\n<p><span style=\"font-family: georgia,palatino,serif; font-size: 14pt;\"> <strong>Mo\u017cna najpierw przyst\u0105pi\u0107 do 1. stopnia<\/strong>, a potem samemu ju\u017c \u2013 jako dodatkowe, duchowe zobowi\u0105zanie \u2013 przej\u015b\u0107 na stopie\u0144 2. lub 3.<\/span><\/p>\n<p style=\"text-align: justify;\"><span style=\"font-family: georgia,palatino,serif; font-size: 14pt;\"><strong>ODPUSTY ZUPE\u0141NE<\/strong><\/span><\/p>\n<p style=\"text-align: justify;\"><span style=\"font-family: georgia,palatino,serif; font-size: 14pt;\"><em>Zgodnie z Konstytucj\u0105 Apostolsk\u0105 Indulgentiarum Doctrina z dnia 1 stycznia 1967 roku, opublikowan\u0105 przez papie\u017ca Paw\u0142a VI, \u015awi\u0119ta Penitencjaria Apostolska udzieli\u0142a Stowarzyszeniu Matki Bo\u017cej Patronki Dobrej \u015amierci, dnia 11 czerwca 1987 roku, nast\u0119puj\u0105cych odpust\u00f3w zupe\u0142nych:<\/em><\/span><\/p>\n<ul style=\"text-align: justify;\">\n<li><span style=\"font-family: georgia,palatino,serif; font-size: 14pt;\">w dniu wst\u0105pienia do Stowarzyszenia,<\/span><\/li>\n<li><span style=\"font-family: georgia,palatino,serif; font-size: 14pt;\">w \u015awi\u0119to Nawiedzenia NMP (31.05.),<\/span><\/li>\n<li><span style=\"font-family: georgia,palatino,serif; font-size: 14pt;\">w \u015awi\u0119to M. B. Bolesnej (15.09.),<\/span><\/li>\n<li><span style=\"font-family: georgia,palatino,serif; font-size: 14pt;\">w Uroczysto\u015b\u0107 \u015aw. J\u00f3zefa (19.03.),<\/span><\/li>\n<li><span style=\"font-family: georgia,palatino,serif; font-size: 14pt;\">w \u015awi\u0119to \u015aw. Micha\u0142a Archanio\u0142a (29.09.),<\/span><\/li>\n<li><span style=\"font-family: georgia,palatino,serif; font-size: 14pt;\">w \u015awi\u0119to \u015aw. Teresy od Dzieci\u0105tka Jezus (01.10.)<\/span><\/li>\n<\/ul>\n<p style=\"text-align: justify;\"><span style=\"font-family: georgia,palatino,serif; font-size: 14pt;\">W ko\u015bciele parafialnym s\u0105 ka\u017cdy miesi\u0105c odprawiane Msze \u015bw. w intencjach tej wsp\u00f3lnoty a to zawsze w nast\u0119pym tygodniu po 1.pi\u0105tku miesi\u0105ca nazmian\u0119: w \u015brod\u0119 w j\u0119zyku czeskim, dalszy miesi\u0105c\u00a0 pi\u0105tek w j\u0119zyku polskim o godz. 18.00. O godz. 17.20 jest wp\u00f3lna modlitwa R\u00f3\u017ca\u0144ca do siedmiu Bole\u015bci Matki Bo\u017cej.<\/span><\/p>\n<p>&nbsp;<\/p>\n<p style=\"text-align: center;\"><span style=\"font-size: 14pt;\"><strong><span style=\"font-family: georgia, palatino, serif;\">W ko\u015bciele parafialnym s\u0105 ka\u017cdy miesi\u0105c slu\u017cone Msze \u015bw. w intencji Apostolstwa Dobrej \u015bmierci.<br \/>\nW roku <span style=\"color: #800000;\">2022<\/span>\u00a0b\u0119d\u0105 zawsze w drugim tygodniu po pierwszym pi\u0105tku miesi\u0105ca, na zmian\u0119: jeden miesi\u0105c w \u015brod\u0119 po czesku, drugi miesi\u0105c w pi\u0105tek po polsku, a zawsze o godz. 18.00. O 17.30 modlimy si\u0119 R\u00f3\u017caniec do Siedmiu Bole\u015bci Matki Bo\u017cej.\u00a0<\/span><\/strong><\/span><br \/>\n<span style=\"font-size: 14pt;\"><strong><span style=\"font-family: georgia, palatino, serif;\">19. 01.\u00a0\u00a0st\u0159eda\u00a0 \u00a0 \u00a0 \u00a0 \u00a0 \u00a0<\/span><\/strong><\/span><br \/>\n<span style=\"font-size: 14pt;\"><strong><span style=\"font-family: georgia, palatino, serif;\">18. 02.\u00a0 pi\u0105tek\u00a0 \u00a0 \u00a0 \u00a0 \u00a0 \u00a0\u00a0<\/span><\/strong><\/span><br \/>\n<span style=\"font-size: 14pt;\"><strong><span style=\"font-family: georgia, palatino, serif;\">16. 03.\u00a0\u00a0st\u0159eda\u00a0 \u00a0 \u00a0 \u00a0 \u00a0 \u00a0\u00a0<\/span><\/strong><\/span><br \/>\n<span style=\"font-size: 14pt;\"><strong><span style=\"font-family: georgia, palatino, serif;\">15. 04.\u00a0\u00a0 pi\u0105tek\u00a0 \u00a0 \u00a0 \u00a0 \u00a0 \u00a0<\/span><\/strong><\/span><br \/>\n<span style=\"font-size: 14pt;\"><strong><span style=\"font-family: georgia, palatino, serif;\">18. 05.\u00a0 st\u0159eda\u00a0 \u00a0 \u00a0 \u00a0 \u00a0 \u00a0\u00a0<\/span><\/strong><\/span><br \/>\n<span style=\"font-size: 14pt;\"><strong><span style=\"font-family: georgia, palatino, serif;\">17. 06.\u00a0 pi\u0105tek\u00a0 \u00a0 \u00a0 \u00a0 \u00a0 \u00a0\u00a0<\/span><\/strong><\/span><br \/>\n<span style=\"font-size: 14pt;\"><strong><span style=\"font-family: georgia, palatino, serif;\">13. 07.\u00a0 st\u0159eda\u00a0 \u00a0 \u00a0 \u00a0 \u00a0 \u00a0\u00a0<\/span><\/strong><\/span><br \/>\n<span style=\"font-size: 14pt;\"><strong><span style=\"font-family: georgia, palatino, serif;\">19. 08.\u00a0 pi\u0105tek\u00a0 \u00a0 \u00a0 \u00a0 \u00a0 \u00a0<\/span><\/strong><\/span><br \/>\n<span style=\"font-size: 14pt;\"><strong><span style=\"font-family: georgia, palatino, serif;\">14. 09.\u00a0 st\u0159eda\u00a0 \u00a0 \u00a0 \u00a0 \u00a0 \u00a0<\/span><\/strong><\/span><br \/>\n<span style=\"font-size: 14pt;\"><strong><span style=\"font-family: georgia, palatino, serif;\">21. 10.\u00a0 pi\u0105tek\u00a0 \u00a0 \u00a0 \u00a0 \u00a0 \u00a0\u00a0<\/span><\/strong><\/span><br \/>\n<span style=\"font-size: 14pt;\"><strong><span style=\"font-family: georgia, palatino, serif;\">16. 11.\u00a0\u00a0st\u0159eda\u00a0 \u00a0 \u00a0 \u00a0\u00a0<\/span><\/strong><\/span><br \/>\n<span style=\"font-size: 14pt;\"><strong><span style=\"font-family: georgia, palatino, serif;\">16. 12.\u00a0 pi\u0105tek\u00a0 \u00a0 \u00a0 \u00a0 \u00a0<\/span><\/strong><\/span><\/p>\n<p><\/p>","protected":false},"excerpt":{"rendered":"<p>Dobrze \u017cy\u0107 \u2013 to wiele, dobrze umrze\u0107 \u2013 to wszystko&#8230; Apostolstwo Dobrej \u015amierci jest zrzeszeniem modlitewnym, kt\u00f3re przypomina o pilnej konieczno\u015bci dobrego przygotowania si\u0119 do ostatecznego spotkania z Bogiem. Wst\u0119puj\u0105cy do Stowarzyszenia, poprzez swoje modlitwy i ofiary, pragn\u0105 wyjedna\u0107 \u2013 dla wiernych katolik\u00f3w \u2013 wytrwanie w \u0142asce u\u015bwi\u0119caj\u0105cej, dla oboj\u0119tnych religijnie i dla grzesznik\u00f3w \u2013 [&hellip;]<\/p>\n","protected":false},"author":1,"featured_media":0,"parent":0,"menu_order":0,"comment_status":"closed","ping_status":"closed","template":"","meta":{"_exactmetrics_skip_tracking":false,"_exactmetrics_sitenote_active":false,"_exactmetrics_sitenote_note":"","_exactmetrics_sitenote_category":0,"_monsterinsights_skip_tracking":false,"_monsterinsights_sitenote_active":false,"_monsterinsights_sitenote_note":"","_monsterinsights_sitenote_category":0,"footnotes":""},"class_list":["post-1400","page","type-page","status-publish","hentry"],"aioseo_notices":[],"_links":{"self":[{"href":"https:\/\/www.farnost-jablunkov.cz\/pl\/wp-json\/wp\/v2\/pages\/1400"}],"collection":[{"href":"https:\/\/www.farnost-jablunkov.cz\/pl\/wp-json\/wp\/v2\/pages"}],"about":[{"href":"https:\/\/www.farnost-jablunkov.cz\/pl\/wp-json\/wp\/v2\/types\/page"}],"author":[{"embeddable":true,"href":"https:\/\/www.farnost-jablunkov.cz\/pl\/wp-json\/wp\/v2\/users\/1"}],"replies":[{"embeddable":true,"href":"https:\/\/www.farnost-jablunkov.cz\/pl\/wp-json\/wp\/v2\/comments?post=1400"}],"version-history":[{"count":10,"href":"https:\/\/www.farnost-jablunkov.cz\/pl\/wp-json\/wp\/v2\/pages\/1400\/revisions"}],"predecessor-version":[{"id":6534,"href":"https:\/\/www.farnost-jablunkov.cz\/pl\/wp-json\/wp\/v2\/pages\/1400\/revisions\/6534"}],"wp:attachment":[{"href":"https:\/\/www.farnost-jablunkov.cz\/pl\/wp-json\/wp\/v2\/media?parent=1400"}],"curies":[{"name":"wp","href":"https:\/\/api.w.org\/{rel}","templated":true}]}}