{"id":1081,"date":"2022-01-27T13:39:19","date_gmt":"2022-01-27T12:39:19","guid":{"rendered":"http:\/\/agathonet.com\/cs\/?page_id=1081"},"modified":"2025-05-25T09:54:03","modified_gmt":"2025-05-25T07:54:03","slug":"manzelstvi","status":"publish","type":"page","link":"https:\/\/www.farnost-jablunkov.cz\/pl\/manzelstvi","title":{"rendered":"Man\u017eelstv\u00ed"},"content":{"rendered":"<p><\/p>\n<p style=\"text-align: justify;\"><span style=\"font-family: georgia,palatino,serif; font-size: large;\"><strong>Ma\u0142\u017ce\u0144stwo jest wa\u017cnym zwi\u0105zkiem kobiety i m\u0119\u017cczyzny.<\/strong> To jest nie tylko umowa prawna jak to si\u0119 dokonuje na urz\u0119dzie. Sakrament ma\u0142\u017ce\u0144stwa przyjmuj\u0105 \u00a0tylko ci, kt\u00f3rzy chc\u0105, aby B\u00f3g b\u0142ogos\u0142awi\u0142 ich ma\u0142\u017ce\u0144stwo i kierowa\u0142 nim.<\/span><\/p>\n<p style=\"text-align: justify;\"><span style=\"font-family: georgia,palatino,serif; font-size: large;\">\u015alub w ko\u015bciele, to nie tylko formalny akt, ale oznacza co\u015b znacznie wi\u0119cej. Jest sakramentem. Przez sakrament ma\u0142\u017ce\u0144stwa B\u00f3g wchodzi mi\u0119dzy kochaj\u0105c\u0105 si\u0119 par\u0119, u\u015bwi\u0119ca j\u0105 i pomaga jej we wsp\u00f3lnym \u017cyciu. Ma\u0142\u017ce\u0144stwo chcia\u0142, zaplanowa\u0142\u00a0 i da\u0142 impuls do niego sam B\u00f3g. Wi\u0119c je\u015bli kto\u015b chce ma\u0142\u017ce\u0144stwo lepiej zrozumie\u0107 i prze\u017cy\u0107, musi si\u0119 z tym Bo\u017cym projektem dobrze zapozna\u0107.<\/span><\/p>\n<p style=\"text-align: justify;\"><span style=\"font-family: georgia,palatino,serif; font-size: large;\">\u00a0<\/span><\/p>\n<p style=\"text-align: justify;\"><span style=\"font-family: georgia,palatino,serif;\"><strong><span style=\"font-size: large;\">M\u0142odzi przyjaciele \u2013 narzeczoni!<\/span><\/strong><img loading=\"lazy\" decoding=\"async\" class=\"alignright\" src=\"http:\/\/www.farnost-jablunkov.cz\/images\/sakramenty\/malzenstwo2.jpg\" alt=\"\" width=\"400\" height=\"265\" align=\"right\" \/><\/span><\/p>\n<p style=\"text-align: justify;\"><span style=\"font-family: georgia,palatino,serif; font-size: large;\">Je\u015bli macie zamiar zawrze\u0107 \u015blub ko\u015bcielny, prosz\u0119 dom\u00f3wi\u0107 sobie, co najmniej na trzy miesi\u0105ce przed planowanym \u015blubem, spotkanie z\u00a0proboszczem parafii, w kt\u00f3rej jeden z was \u017cyje. <\/span><\/p>\n<p style=\"text-align: justify;\"><span style=\"font-family: georgia,palatino,serif;\">\u00a0<u><\/u><\/span><\/p>\n<p><span style=\"font-size: 14pt;\"><strong><span style=\"font-family: georgia,palatino,serif;\">Dyspozycje do przyj\u0119cia sakramentu ma\u0142\u017ce\u0144stwa:<\/span><\/strong><\/span><\/p>\n<ul style=\"text-align: justify;\">\n<li><span style=\"font-family: georgia,palatino,serif; font-size: large;\"><span style=\"font-family: georgia,palatino,serif; font-size: large;\">by\u0107 ochrzczonym w Ko\u015bciele rzymskokatolickim, niezam\u0119\u017cny i pe\u0142noletnim<\/span><\/span><\/li>\n<\/ul>\n<ul style=\"text-align: justify;\">\n<li><span style=\"font-family: georgia,palatino,serif; font-size: large;\"><span style=\"font-family: georgia,palatino,serif; font-size: large;\">\u00a0w ma\u0142\u017ce\u0144stwie z osob\u0105 nale\u017c\u0105c\u0105 do innego Ko\u015bcio\u0142a lub spo\u0142eczno\u015bci religijnej, \u00a0strona katolicka \u00a0obiecuje zachowa\u0107 wiar\u0119 i wychowa\u0107 wszystkie dzieci w Ko\u015bciele katolickim, to samo p\u0142aci w ma\u0142\u017ce\u0144stwie z\u00a0osob\u0105 nieochrzczon\u0105 (por. KPK kan. 1086 i 1124\/25)<\/span><\/span><\/li>\n<\/ul>\n<ul style=\"text-align: justify;\">\n<li><span style=\"font-family: georgia,palatino,serif; font-size: large;\">\u00a0Katolik jest zobowi\u0105zany do zawarcia ma\u0142\u017ce\u0144stwa\u00a0w ko\u015bciele, je\u015bli zawar\u0142 tylko \u00a0\u015blub cywilny, pozostaje cz\u0142onkiem Ko\u015bcio\u0142a, ale nie mo\u017ce przyjmowa\u0107 sakrament\u00f3w, mo\u017ce dodatkowo prosi\u0107 o \u015blub ko\u015bcielny, o swej\u00a0 sytuacji mo\u017cna konsultowa\u0107 si\u0119 z\u00a0ksi\u0119dzem.<\/span><\/li>\n<\/ul>\n<p style=\"text-align: justify;\"><span style=\"font-family: georgia,palatino,serif; font-size: large;\">\u00a0<\/span><\/p>\n<p style=\"text-align: justify;\"><span style=\"font-size: x-large; font-family: georgia,palatino,serif;\"><u><em><strong>Miejsce \u015blubu<\/strong><\/em><\/u><\/span><\/p>\n<p style=\"text-align: justify;\"><span style=\"font-family: georgia,palatino,serif; font-size: large;\">Sakrament ma\u0142\u017ce\u0144stwa przyjmuj\u0105 m\u0142odzi w ko\u015bciele parafialnym albo w ko\u015bcio\u0142ach filialnych (po uzgodnieniu), w miejscu trwa\u0142ego zamieszkania panny m\u0142odej albo w miejscu trwa\u0142ego zamieszkania pana m\u0142odego.\u00a0 W pewnych okoliczno\u015bciach mo\u017ce by\u0107 sakrament zawarty w innej parafii, np w miejscu, gdzie si\u0119 pielgrzymuje. <\/span><\/p>\n<p style=\"text-align: justify;\"><span style=\"font-family: georgia,palatino,serif; font-size: large;\">\u00a0<\/span><\/p>\n<p style=\"text-align: justify;\"><span style=\"font-size: x-large; font-family: georgia,palatino,serif;\"><u><em><strong>Termin \u015blubu<\/strong><\/em><\/u><\/span><\/p>\n<p style=\"text-align: justify;\"><span style=\"font-family: georgia,palatino,serif; font-size: large;\">Typowym dniem \u015blubu jest sobota. Niekt\u00f3re okresy roku liturgicznego (adwent i post) nie s\u0105 wed\u0142ug prawa ko\u015bcielnego i liturgicznych przepis\u00f3w stosowne aby przyj\u0105\u0107 ten sakrament, dlatego trzeba poradzi\u0107 si\u0119 z\u00a0kap\u0142anem o terminie zawarcia tego sakramentu. <\/span><\/p>\n<p style=\"text-align: justify;\"><span style=\"font-family: georgia,palatino,serif; font-size: large;\">\u00a0<\/span><\/p>\n<p style=\"text-align: justify;\"><span style=\"font-size: x-large; font-family: georgia,palatino,serif;\"><u><em><strong>Zawarli\u015bcie w przesz\u0142o\u015bci tylko \u015blub cywilny?<\/strong><\/em><\/u><\/span><\/p>\n<p style=\"text-align: justify;\"><span style=\"font-family: georgia,palatino,serif; font-size: large;\">To ma\u0142\u017ce\u0144stwo mo\u017cna dodatkowo wed\u0142ug przepis\u00f3w prawa ko\u015bcielnego da\u0107 do porz\u0105dku. Ch\u0119tnie wam poradzimy \u00a0jak post\u0119powa\u0107.<\/span><\/p>\n<p style=\"text-align: justify;\"><span style=\"font-family: georgia,palatino,serif; font-size: large;\">\u00a0<\/span><\/p>\n<p style=\"text-align: justify;\"><strong><span style=\"font-family: book antiqua,palatino; font-size: large;\"><span style=\"font-family: georgia,palatino,serif;\">Podstawowe przygotowanie do ma\u0142\u017ce\u0144stwa ma miejsce na farze. B\u0119dzie wam przydzielony kap\u0142an, kt\u00f3ry was przygotuje i odda. Dom\u00f3wcie sw\u00f3j \u015blub na farze wcze\u015bniej, doko\u0144ca ju\u017c wtedy, gdy jeszcze nie znacie dok\u0142adny termin waszego \u015blubu. Najlepiej p\u00f3\u0142 roku wcze\u015bniej. <\/span><u><span style=\"font-family: georgia,palatino,serif;\">Najp\u00f3\u017aniej jednak trzy miesi\u0105ce wcze\u015bniej.<\/span><\/u><\/span><\/strong><\/p>\n<p>&nbsp;<\/p>\n<p style=\"text-align: center;\"><span lang=\"pl\" style=\"font-family: georgia, palatino, serif; font-size: 14pt;\">Wszystkie terminy w sobot\u0119 o 15.00 !!!<br \/>\nMiejsce: Fara Jablunkov<br \/>\n<em>Tel. kontakt: P. Alfred Voln\u00fd\u00a0 721 017 110 <\/em><\/span><\/p>\n<p style=\"text-align: center;\"><span lang=\"pl\" style=\"font-family: georgia, palatino, serif; font-size: 14pt;\">Ka\u017cda para musi uczestniczy\u0107 w jednym spotkaniu dotycz\u0105cym ka\u017cdego z czterech temat\u00f3w.<br \/>\n<\/span><span lang=\"pl\" style=\"font-family: georgia, palatino, serif; font-size: 14pt;\">Mo\u017cliwe jest r\u00f3wnie\u017c indywidualne przygotowanie po uzgodnieniu.<\/span><\/p>\n<p style=\"text-align: center;\"><span lang=\"pl\" style=\"font-family: georgia, palatino, serif; font-size: 14pt;\"><img loading=\"lazy\" decoding=\"async\" class=\"aligncenter wp-image-12322 size-large\" src=\"http:\/\/www.farnost-jablunkov.cz\/wp-content\/uploads\/2024\/02\/Manzelstvi_priprava-page-002-724x1024.jpg\" alt=\"\" width=\"724\" height=\"1024\" srcset=\"https:\/\/www.farnost-jablunkov.cz\/wp-content\/uploads\/2024\/02\/Manzelstvi_priprava-page-002-724x1024.jpg 724w, https:\/\/www.farnost-jablunkov.cz\/wp-content\/uploads\/2024\/02\/Manzelstvi_priprava-page-002-353x500.jpg 353w, https:\/\/www.farnost-jablunkov.cz\/wp-content\/uploads\/2024\/02\/Manzelstvi_priprava-page-002-768x1086.jpg 768w, https:\/\/www.farnost-jablunkov.cz\/wp-content\/uploads\/2024\/02\/Manzelstvi_priprava-page-002-1086x1536.jpg 1086w, https:\/\/www.farnost-jablunkov.cz\/wp-content\/uploads\/2024\/02\/Manzelstvi_priprava-page-002.jpg 1240w\" sizes=\"(max-width: 724px) 100vw, 724px\" \/><\/span><\/p>\n<p><span style=\"font-family: georgia, palatino, serif; font-size: 14pt;\"><\/span><\/p>\n<p>&nbsp;<\/p>\n<p><span style=\"font-size: 24pt; font-family: georgia, palatino, serif;\"> <a href=\"http:\/\/www.farnost-jablunkov.cz\/wp-content\/uploads\/2017\/08\/P\u0159irozen\u00e9-pl\u00e1nov\u00e1n\u00ed-rodi\u010dovstv\u00ed.doc\">P\u0159irozen\u00e9 pl\u00e1nov\u00e1n\u00ed rodi\u010dovstv\u00ed.doc<\/a><\/span><\/p>\n\n\t\t<style type=\"text\/css\">\n\t\t\t#gallery-1 {\n\t\t\t\tmargin: auto;\n\t\t\t}\n\t\t\t#gallery-1 .gallery-item {\n\t\t\t\tfloat: left;\n\t\t\t\tmargin-top: 10px;\n\t\t\t\ttext-align: center;\n\t\t\t\twidth: 33%;\n\t\t\t}\n\t\t\t#gallery-1 img {\n\t\t\t\tborder: 2px solid #cfcfcf;\n\t\t\t}\n\t\t\t#gallery-1 .gallery-caption {\n\t\t\t\tmargin-left: 0;\n\t\t\t}\n\t\t\t\/* see gallery_shortcode() in wp-includes\/media.php *\/\n\t\t<\/style>\n\t\t<div id='gallery-1' class='gallery galleryid-1081 gallery-columns-3 gallery-size-thumbnail'><dl class='gallery-item'>\n\t\t\t<dt class='gallery-icon landscape'>\n\t\t\t\t<a href='https:\/\/www.farnost-jablunkov.cz\/wp-content\/uploads\/2017\/08\/skenov\u00e1n\u00ed0006.jpg' title=\"\" data-rl_title=\"\" class=\"rl-gallery-link\" data-rl_caption=\"\" data-rel=\"lightbox-gallery-1\"><img loading=\"lazy\" decoding=\"async\" width=\"150\" height=\"150\" src=\"https:\/\/www.farnost-jablunkov.cz\/wp-content\/uploads\/2017\/08\/skenov\u00e1n\u00ed0006-150x150.jpg\" class=\"attachment-thumbnail size-thumbnail\" alt=\"\" srcset=\"https:\/\/www.farnost-jablunkov.cz\/wp-content\/uploads\/2017\/08\/skenov\u00e1n\u00ed0006-150x150.jpg 150w, https:\/\/www.farnost-jablunkov.cz\/wp-content\/uploads\/2017\/08\/skenov\u00e1n\u00ed0006-92x92.jpg 92w, https:\/\/www.farnost-jablunkov.cz\/wp-content\/uploads\/2017\/08\/skenov\u00e1n\u00ed0006-300x300.jpg 300w\" sizes=\"(max-width: 150px) 100vw, 150px\" \/><\/a>\n\t\t\t<\/dt><\/dl><dl class='gallery-item'>\n\t\t\t<dt class='gallery-icon portrait'>\n\t\t\t\t<a href='https:\/\/www.farnost-jablunkov.cz\/wp-content\/uploads\/2017\/08\/skenov\u00e1n\u00ed0005.jpg' title=\"\" data-rl_title=\"\" class=\"rl-gallery-link\" data-rl_caption=\"\" data-rel=\"lightbox-gallery-1\"><img loading=\"lazy\" decoding=\"async\" width=\"150\" height=\"150\" src=\"https:\/\/www.farnost-jablunkov.cz\/wp-content\/uploads\/2017\/08\/skenov\u00e1n\u00ed0005-150x150.jpg\" class=\"attachment-thumbnail size-thumbnail\" alt=\"\" srcset=\"https:\/\/www.farnost-jablunkov.cz\/wp-content\/uploads\/2017\/08\/skenov\u00e1n\u00ed0005-150x150.jpg 150w, https:\/\/www.farnost-jablunkov.cz\/wp-content\/uploads\/2017\/08\/skenov\u00e1n\u00ed0005-92x92.jpg 92w, https:\/\/www.farnost-jablunkov.cz\/wp-content\/uploads\/2017\/08\/skenov\u00e1n\u00ed0005-300x300.jpg 300w\" sizes=\"(max-width: 150px) 100vw, 150px\" \/><\/a>\n\t\t\t<\/dt><\/dl><dl class='gallery-item'>\n\t\t\t<dt class='gallery-icon portrait'>\n\t\t\t\t<a href='https:\/\/www.farnost-jablunkov.cz\/wp-content\/uploads\/2017\/08\/skenov\u00e1n\u00ed0004.jpg' title=\"\" data-rl_title=\"\" class=\"rl-gallery-link\" data-rl_caption=\"\" data-rel=\"lightbox-gallery-1\"><img loading=\"lazy\" decoding=\"async\" width=\"150\" height=\"150\" src=\"https:\/\/www.farnost-jablunkov.cz\/wp-content\/uploads\/2017\/08\/skenov\u00e1n\u00ed0004-150x150.jpg\" class=\"attachment-thumbnail size-thumbnail\" alt=\"\" srcset=\"https:\/\/www.farnost-jablunkov.cz\/wp-content\/uploads\/2017\/08\/skenov\u00e1n\u00ed0004-150x150.jpg 150w, https:\/\/www.farnost-jablunkov.cz\/wp-content\/uploads\/2017\/08\/skenov\u00e1n\u00ed0004-92x92.jpg 92w, https:\/\/www.farnost-jablunkov.cz\/wp-content\/uploads\/2017\/08\/skenov\u00e1n\u00ed0004-300x300.jpg 300w\" sizes=\"(max-width: 150px) 100vw, 150px\" \/><\/a>\n\t\t\t<\/dt><\/dl><br style=\"clear: both\" \/>\n\t\t<\/div>\n\n<p style=\"text-align: center;\"><span style=\"font-size: 14pt; font-family: georgia, palatino, serif;\"><strong>Podrobnosti konzultujte s na\u0161\u00ed vy\u0161kolenou instruktorkou (Cenap) p. Lyskovou: 732\u00a0627 783.<\/strong><\/span><\/p>","protected":false},"excerpt":{"rendered":"<p>Ma\u0142\u017ce\u0144stwo jest wa\u017cnym zwi\u0105zkiem kobiety i m\u0119\u017cczyzny. To jest nie tylko umowa prawna jak to si\u0119 dokonuje na urz\u0119dzie. Sakrament ma\u0142\u017ce\u0144stwa przyjmuj\u0105 \u00a0tylko ci, kt\u00f3rzy chc\u0105, aby B\u00f3g b\u0142ogos\u0142awi\u0142 ich ma\u0142\u017ce\u0144stwo i kierowa\u0142 nim. \u015alub w ko\u015bciele, to nie tylko formalny akt, ale oznacza co\u015b znacznie wi\u0119cej. Jest sakramentem. Przez sakrament ma\u0142\u017ce\u0144stwa B\u00f3g wchodzi mi\u0119dzy [&hellip;]<\/p>\n","protected":false},"author":1,"featured_media":0,"parent":0,"menu_order":0,"comment_status":"closed","ping_status":"closed","template":"","meta":{"_exactmetrics_skip_tracking":false,"_exactmetrics_sitenote_active":false,"_exactmetrics_sitenote_note":"","_exactmetrics_sitenote_category":0,"_monsterinsights_skip_tracking":false,"_monsterinsights_sitenote_active":false,"_monsterinsights_sitenote_note":"","_monsterinsights_sitenote_category":0,"footnotes":""},"class_list":["post-1081","page","type-page","status-publish","hentry"],"aioseo_notices":[],"_links":{"self":[{"href":"https:\/\/www.farnost-jablunkov.cz\/pl\/wp-json\/wp\/v2\/pages\/1081"}],"collection":[{"href":"https:\/\/www.farnost-jablunkov.cz\/pl\/wp-json\/wp\/v2\/pages"}],"about":[{"href":"https:\/\/www.farnost-jablunkov.cz\/pl\/wp-json\/wp\/v2\/types\/page"}],"author":[{"embeddable":true,"href":"https:\/\/www.farnost-jablunkov.cz\/pl\/wp-json\/wp\/v2\/users\/1"}],"replies":[{"embeddable":true,"href":"https:\/\/www.farnost-jablunkov.cz\/pl\/wp-json\/wp\/v2\/comments?post=1081"}],"version-history":[{"count":17,"href":"https:\/\/www.farnost-jablunkov.cz\/pl\/wp-json\/wp\/v2\/pages\/1081\/revisions"}],"predecessor-version":[{"id":12324,"href":"https:\/\/www.farnost-jablunkov.cz\/pl\/wp-json\/wp\/v2\/pages\/1081\/revisions\/12324"}],"wp:attachment":[{"href":"https:\/\/www.farnost-jablunkov.cz\/pl\/wp-json\/wp\/v2\/media?parent=1081"}],"curies":[{"name":"wp","href":"https:\/\/api.w.org\/{rel}","templated":true}]}}