{"id":1070,"date":"2017-08-30T13:17:58","date_gmt":"2017-08-30T11:17:58","guid":{"rendered":"http:\/\/agathonet.com\/cs\/?page_id=1070"},"modified":"2017-09-19T08:47:00","modified_gmt":"2017-09-19T06:47:00","slug":"knezstvi","status":"publish","type":"page","link":"https:\/\/www.farnost-jablunkov.cz\/pl\/knezstvi","title":{"rendered":"Kap\u0142a\u0144stwo"},"content":{"rendered":"<p style=\"text-align: justify;\"><span style=\"font-family: georgia,palatino,serif; font-size: 14pt; color: #000000;\">\u00a0<\/p>\n<p style=\"text-align: justify;\"><span style=\"font-family: georgia,palatino,serif; font-size: large;\">Ustanowi\u0142 go Jezus w Jerozolimie, w Wieczerniku, w przededniu swojej m\u0119ki i \u015bmierci na krzy\u017cu. Sakrament ten powsta\u0142 w zwi\u0105zku z Eucharysti\u0105 i dla jej sprawowania (por. \u0141k 22, 19; 1 Kor 11, 24-26). Jednak ma du\u017co szersze znaczenie.<\/span><\/p>\n<p>&nbsp;<\/p>\n<p style=\"text-align: justify;\"><span style=\"font-family: georgia,palatino,serif; font-size: large;\">Ka\u017cdy ochrzczony ma udzia\u0142 w jedynym skutecznym Kap\u0142a\u0144stwie Chrystusa, kt\u00f3re istnieje w dw\u00f3ch odmianach: jako powszechne kap\u0142a\u0144stwo wszystkich wiernych i kap\u0142a\u0144stwo hierarchiczne, czyli s\u0142u\u017cebne. Przez sakrament \u015bwi\u0119ce\u0144 jest udzielane kap\u0142a\u0144stwo urz\u0119dowe, dla s\u0142u\u017cby wsp\u00f3lnocie.<br \/>\n<\/span><br \/>\n<span style=\"font-family: georgia,palatino,serif; font-size: large;\"> <strong>Biblia uczy, \u017ce kap\u0142a\u0144stwa nikt nie mo\u017ce sam sobie wybra\u0107<\/strong> (Hbr 5, 1-4). <strong>Jest ono niezale\u017cnym darem Bo\u017cym<\/strong>, konsekwencj\u0105 us\u0142yszanego g\u0142osu powo\u0142ania i pozytywnej odpowiedzi cz\u0142owieka na wol\u0119 Boga. Szczeg\u00f3lny okres rozeznawania powo\u0142ania to pobyt kandydata w seminarium.<\/span><br \/>\n<span style=\"font-family: georgia,palatino,serif;\"> <span style=\"font-size: large;\"><br \/>\nSakrament kap\u0142a\u0144stwa wewn\u0119trznie upodabnia do Chrystusa w wype\u0142nianiu trzech g\u0142\u00f3wnych zada\u0144: <strong>nauczania, u\u015bwi\u0119cania i rz\u0105dzenia<\/strong>. Przez otrzymane \u015bwi\u0119cenia kap\u0142an dzia\u0142a w osobie samego Chrystusa, kt\u00f3ry uobecnia swoje dzia\u0142anie przez niego, zw\u0142aszcza wtedy, gdy kap\u0142an dokonuje akt\u00f3w sakramentalnych, np. chrztu, rozgrzeszenia lub <\/span><span style=\"font-size: large;\">konsekracji chleba i wina. Kap\u0142an uczy w imieniu Chrystusa. Proponuje prawd\u0119, kt\u00f3r\u0105 s\u0105 Jego s\u0142owa i spos\u00f3b post\u0119powania. Ma za zadanie ukazywa\u0107 jedyn\u0105 Moc zdoln\u0105 dokona\u0107 trwa\u0142ej odnowy cz\u0142owieka. G\u0142osem i sercem, dotykiem i decyzjami kap\u0142an uobecnia jedyn\u0105 i powszechn\u0105 nauk\u0119, kt\u00f3ra stworzy\u0142a Ko\u015bci\u00f3\u0142 i gwarantuje szcz\u0119\u015bliwe \u017cycie wieczne.<\/span><\/span><\/p>\n<p><span style=\"font-size: x-large; font-family: georgia,palatino,serif;\"><u><em><strong>Kto czuje g\u0142os powo\u0142ania do kap\u0142a\u0144stwa musi:<\/strong><\/em><\/u><\/span><\/p>\n<ul style=\"text-align: justify;\">\n<li><span style=\"font-family: georgia,palatino,serif; font-size: large;\">mie\u0107 g\u0142\u0119bok\u0105 wiar\u0119 <img loading=\"lazy\" decoding=\"async\" class=\"wp-image-1079 alignright\" src=\"www.farnost-jablunkov.cz\/wp-content\/uploads\/2017\/08\/SAM_8629-300x201.jpg\" alt=\"\" width=\"366\" height=\"245\" srcset=\"https:\/\/www.farnost-jablunkov.cz\/wp-content\/uploads\/2017\/08\/SAM_8629-300x201.jpg 300w, https:\/\/www.farnost-jablunkov.cz\/wp-content\/uploads\/2017\/08\/SAM_8629-768x514.jpg 768w, https:\/\/www.farnost-jablunkov.cz\/wp-content\/uploads\/2017\/08\/SAM_8629-1024x685.jpg 1024w, https:\/\/www.farnost-jablunkov.cz\/wp-content\/uploads\/2017\/08\/SAM_8629.jpg 1200w\" sizes=\"(max-width: 366px) 100vw, 366px\" \/><br \/>\n<\/span><\/li>\n<li><span style=\"font-family: georgia,palatino,serif; font-size: large;\">przyj\u0119te sakramenty: chrzest, bierzmowanie, eucharysti\u0119 i pokut\u0119<br \/>\n<\/span><\/li>\n<li><span style=\"font-family: georgia,palatino,serif; font-size: large;\">z\u0142o\u017cy\u0107 egzamin maturalny<br \/>\n<\/span><\/li>\n<li><span style=\"font-family: georgia,palatino,serif; font-size: large;\">po przyj\u0119ciu do seminarium uko\u0144czy\u0107 sze\u015bcioletnie studia filozoficzno-teologiczne<br \/>\n<\/span><\/li>\n<li><span style=\"font-family: georgia,palatino,serif; font-size: large;\">otrzymna\u0107 pozytywn\u0105 opini\u0119 prze\u0142o\u017conych<br \/>\n<\/span><\/li>\n<li><span style=\"font-family: georgia,palatino,serif; font-size: large;\">zgod\u0119 miejscowego biskupa na \u015bwi\u0119cenia<br \/>\n<\/span><\/li>\n<\/ul>\n<p style=\"text-align: justify;\"><span style=\"font-family: georgia,palatino,serif;\"><strong>\u00a0<\/strong><\/span><\/p>\n<p style=\"text-align: justify;\"><strong><span style=\"font-family: book antiqua,palatino; font-size: large;\"><span style=\"font-family: georgia,palatino,serif;\">\u00a0Je\u015bli chcesz dowiedzie\u0107 si\u0119 wi\u0119cej, kontaktuj naszych ksi\u0119\u017cy.<\/span> <\/span><\/strong><\/p>","protected":false},"excerpt":{"rendered":"<p>\u00a0 Ustanowi\u0142 go Jezus w Jerozolimie, w Wieczerniku, w przededniu swojej m\u0119ki i \u015bmierci na krzy\u017cu. Sakrament ten powsta\u0142 w zwi\u0105zku z Eucharysti\u0105 i dla jej sprawowania (por. \u0141k 22, 19; 1 Kor 11, 24-26). Jednak ma du\u017co szersze znaczenie. &nbsp; Ka\u017cdy ochrzczony ma udzia\u0142 w jedynym skutecznym Kap\u0142a\u0144stwie Chrystusa, kt\u00f3re istnieje w dw\u00f3ch odmianach: [&hellip;]<\/p>\n","protected":false},"author":1,"featured_media":0,"parent":0,"menu_order":0,"comment_status":"closed","ping_status":"closed","template":"","meta":{"_exactmetrics_skip_tracking":false,"_exactmetrics_sitenote_active":false,"_exactmetrics_sitenote_note":"","_exactmetrics_sitenote_category":0,"_monsterinsights_skip_tracking":false,"_monsterinsights_sitenote_active":false,"_monsterinsights_sitenote_note":"","_monsterinsights_sitenote_category":0,"footnotes":""},"class_list":["post-1070","page","type-page","status-publish","hentry"],"aioseo_notices":[],"_links":{"self":[{"href":"https:\/\/www.farnost-jablunkov.cz\/pl\/wp-json\/wp\/v2\/pages\/1070"}],"collection":[{"href":"https:\/\/www.farnost-jablunkov.cz\/pl\/wp-json\/wp\/v2\/pages"}],"about":[{"href":"https:\/\/www.farnost-jablunkov.cz\/pl\/wp-json\/wp\/v2\/types\/page"}],"author":[{"embeddable":true,"href":"https:\/\/www.farnost-jablunkov.cz\/pl\/wp-json\/wp\/v2\/users\/1"}],"replies":[{"embeddable":true,"href":"https:\/\/www.farnost-jablunkov.cz\/pl\/wp-json\/wp\/v2\/comments?post=1070"}],"version-history":[{"count":6,"href":"https:\/\/www.farnost-jablunkov.cz\/pl\/wp-json\/wp\/v2\/pages\/1070\/revisions"}],"predecessor-version":[{"id":1336,"href":"https:\/\/www.farnost-jablunkov.cz\/pl\/wp-json\/wp\/v2\/pages\/1070\/revisions\/1336"}],"wp:attachment":[{"href":"https:\/\/www.farnost-jablunkov.cz\/pl\/wp-json\/wp\/v2\/media?parent=1070"}],"curies":[{"name":"wp","href":"https:\/\/api.w.org\/{rel}","templated":true}]}}