{"id":1065,"date":"2017-08-30T13:14:11","date_gmt":"2017-08-30T11:14:11","guid":{"rendered":"http:\/\/agathonet.com\/cs\/?page_id=1065"},"modified":"2017-09-19T09:23:21","modified_gmt":"2017-09-19T07:23:21","slug":"pomazani-nemocnych","status":"publish","type":"page","link":"https:\/\/www.farnost-jablunkov.cz\/pl\/pomazani-nemocnych","title":{"rendered":"Namaszczenie chorych"},"content":{"rendered":"<p style=\"text-align: justify;\"><span style=\"font-family: georgia,palatino,serif; font-size: 14pt; color: #000000;\"><\/p>\n<p style=\"text-align: justify;\"><span style=\"font-family: georgia,palatino,serif; font-size: large;\">Ci, kt\u00f3rym si\u0119 pogorszy\u0142 stan zdrowia, albo Ci, kt\u00f3rzy s\u0105 prze operacj\u0105, albo znale\u017ali si\u0119 w niebezpiecze\u0144stwie \u015bmierci, mog\u0105 opr\u00f3cz pomocy s\u0142u\u017cby zdrowia otrzyma\u0107 pomoc od Pana Boga dla duszy i cia\u0142a. Jest to dla cz\u0142owieka wierz\u0105cego bardzo wa\u017cny sakrament. <\/span><\/p>\n<p style=\"text-align: justify;\"><span style=\"font-family: georgia,palatino,serif; font-size: large;\"><strong>Kto by nie chcia\u0142 otrzyma\u0107 w chorobie, cierpieniu tak\u0105 pomoc jak\u0105 jest obecno\u015b\u0107 i pomoc samego Boga, kt\u00f3ry daje \u017cycie wieczne. <\/strong><img loading=\"lazy\" decoding=\"async\" class=\"size-medium wp-image-1066 alignright\" src=\"www.farnost-jablunkov.cz\/wp-content\/uploads\/2017\/08\/SPN-2013c-200x300.jpg\" alt=\"\" width=\"200\" height=\"300\" srcset=\"https:\/\/www.farnost-jablunkov.cz\/wp-content\/uploads\/2017\/08\/SPN-2013c-200x300.jpg 200w, https:\/\/www.farnost-jablunkov.cz\/wp-content\/uploads\/2017\/08\/SPN-2013c.jpg 450w\" sizes=\"(max-width: 200px) 100vw, 200px\" \/><br \/>\nSakramnet chorych nie zast\u0119puje pomocy lekarskiej, ale j\u0105 dope\u0142nia i przekracza. Tak jak si\u0119 o cia\u0142o troszczy lekarz, o duchow\u0105 pomoc troszczy si\u0119 sam Jezus Chrystus przez ten sakrament. Przy udzielaniu tego sakramentu kap\u0142an namaszcza chorego olejem na czole i r\u0119kach, prosi o jego uzdrowienie i wyprasza dla niego pomoc i ulg\u0119 w cierpieniu. <\/span><br \/>\n<span style=\"font-family: georgia,palatino,serif; font-size: large;\"> Je\u015bli chory, kt\u00f3ry przyj\u0105\u0142 namaszczenie, powr\u00f3ci do zdrowia, mo\u017ce w przypadku dalszej ci\u0119\u017ckiej choroby ten sakrament znowu przyj\u0105\u0107. Podczas trwania ci\u0119\u017ckiej choroby nale\u017cy sakramnet wi\u0119cej razy przj\u0105\u0107 je\u015bli stan zdrowia si\u0119 pogarsza.<\/span><\/p>\n<p style=\"text-align: justify;\"><span style=\"font-family: georgia,palatino,serif;\"><span style=\"font-size: 14pt;\">Sakramentu chorych udziela si\u0119 kiedykolwiek wci\u0105gu roku na pro\u015bb\u0119 chorego, rodziny albo innej osoby. Istenieje r\u00f3wnie\u017c regularne udzielanie tego sakramnetu co roku oko\u0142o 11 lutego, gdy prze\u017cywamy wspomnienie Matki Bo\u017cej z Lourdes a jednocze\u015bnie jst to \u015aWIATOWY DZIE\u0143 CHORYC<\/span><span style=\"font-size: 14pt;\">H.<\/span><strong><br \/>\n<\/strong><\/span><\/p>\n<p style=\"text-align: justify;\"><span style=\"font-family: georgia,palatino,serif; font-size: large;\"><span style=\"color: #ff0000;\"><strong><span style=\"color: #800000;\">W nag\u0142ych wypadkach telefonujcie na far\u0119 natychmiast i kiedykolwiek ( nawet w nocy), tel. 558 357 698, aby ustali\u0107 termin odwiedzenia chorego przez kap\u0142ana w domu albo w szpitalu.<\/span><br \/>\n<\/strong><\/span><br \/>\n<\/span><\/p>\n<p style=\"text-align: justify;\"><strong><span style=\"font-family: book antiqua,palatino; font-size: large;\"><span style=\"font-family: georgia,palatino,serif;\"> Nie wolno odk\u0142ada\u0107 przyj\u0119cia tego sakramentu aby nie by\u0142o za p\u00f3\u017ano. Ka\u017cdy cz\u0142owiek wierz\u0105cy mia\u0142by odchodzi\u0107 z tego \u015bwiata po przyj\u0119ciu tego sakramentu.<\/span> <\/span><\/strong><\/p>\n<p><\/p>","protected":false},"excerpt":{"rendered":"<p>Ci, kt\u00f3rym si\u0119 pogorszy\u0142 stan zdrowia, albo Ci, kt\u00f3rzy s\u0105 prze operacj\u0105, albo znale\u017ali si\u0119 w niebezpiecze\u0144stwie \u015bmierci, mog\u0105 opr\u00f3cz pomocy s\u0142u\u017cby zdrowia otrzyma\u0107 pomoc od Pana Boga dla duszy i cia\u0142a. Jest to dla cz\u0142owieka wierz\u0105cego bardzo wa\u017cny sakrament. Kto by nie chcia\u0142 otrzyma\u0107 w chorobie, cierpieniu tak\u0105 pomoc jak\u0105 jest obecno\u015b\u0107 i pomoc [&hellip;]<\/p>\n","protected":false},"author":1,"featured_media":0,"parent":0,"menu_order":0,"comment_status":"closed","ping_status":"closed","template":"","meta":{"_exactmetrics_skip_tracking":false,"_exactmetrics_sitenote_active":false,"_exactmetrics_sitenote_note":"","_exactmetrics_sitenote_category":0,"_monsterinsights_skip_tracking":false,"_monsterinsights_sitenote_active":false,"_monsterinsights_sitenote_note":"","_monsterinsights_sitenote_category":0,"footnotes":""},"class_list":["post-1065","page","type-page","status-publish","hentry"],"aioseo_notices":[],"_links":{"self":[{"href":"https:\/\/www.farnost-jablunkov.cz\/pl\/wp-json\/wp\/v2\/pages\/1065"}],"collection":[{"href":"https:\/\/www.farnost-jablunkov.cz\/pl\/wp-json\/wp\/v2\/pages"}],"about":[{"href":"https:\/\/www.farnost-jablunkov.cz\/pl\/wp-json\/wp\/v2\/types\/page"}],"author":[{"embeddable":true,"href":"https:\/\/www.farnost-jablunkov.cz\/pl\/wp-json\/wp\/v2\/users\/1"}],"replies":[{"embeddable":true,"href":"https:\/\/www.farnost-jablunkov.cz\/pl\/wp-json\/wp\/v2\/comments?post=1065"}],"version-history":[{"count":8,"href":"https:\/\/www.farnost-jablunkov.cz\/pl\/wp-json\/wp\/v2\/pages\/1065\/revisions"}],"predecessor-version":[{"id":1353,"href":"https:\/\/www.farnost-jablunkov.cz\/pl\/wp-json\/wp\/v2\/pages\/1065\/revisions\/1353"}],"wp:attachment":[{"href":"https:\/\/www.farnost-jablunkov.cz\/pl\/wp-json\/wp\/v2\/media?parent=1065"}],"curies":[{"name":"wp","href":"https:\/\/api.w.org\/{rel}","templated":true}]}}