{"id":1055,"date":"2024-06-13T13:09:34","date_gmt":"2024-06-13T11:09:34","guid":{"rendered":"http:\/\/agathonet.com\/cs\/?page_id=1055"},"modified":"2025-01-20T21:29:09","modified_gmt":"2025-01-20T20:29:09","slug":"smireni","status":"publish","type":"page","link":"https:\/\/www.farnost-jablunkov.cz\/pl\/smireni","title":{"rendered":"Sm\u00ed\u0159en\u00ed"},"content":{"rendered":"<p style=\"text-align: center;\"><span style=\"font-family: georgia,palatino,serif; font-size: 14pt; color: #000000;\"><img loading=\"lazy\" decoding=\"async\" class=\" wp-image-1059 alignleft\" src=\"www.farnost-jablunkov.cz\/wp-content\/uploads\/2017\/08\/pok2-204x300.jpg\" alt=\"\" width=\"252\" height=\"371\" \/><\/span><span style=\"font-family: georgia,palatino,serif; font-size: 14pt; color: #000000;\"><\/p>\n<p style=\"text-align: justify;\"><span style=\"font-family: book antiqua,palatino; font-size: large;\"><span style=\"font-family: georgia,palatino,serif;\">W dzie\u0144 zmartwychwstania Pan Jezus ukaza\u0142 si\u0119 aposto\u0142om i powiedzia\u0142 im: <strong>\u201ePrzyjmijcie Ducha \u015bw. Kt\u00f3rym odpu\u015bcicie grzechy, s\u0105 im odpuszczone, a kt\u00f3rym zatrzymacie b\u0119d\u0105 zatrzymane \u00a0 \u00a0 \u00a0 \u00a0 \u00a0 \u00a0\u00a0 ( J 20, 22-23).&#8221; <\/strong><\/span><\/span><\/p>\n<p style=\"text-align: justify;\"><span style=\"font-family: georgia,palatino,serif;\"><span style=\"font-size: large;\">Odpuszczenie grzech\u00f3w pope\u0142nionych po chrzcie \u015bw. dokonuje si\u0119 przez sakrament nazywanym <strong>sakramentem pojednania albo pokuty czy spowiedzi.<br \/>\n<\/strong><br \/>\nAni wtedy kiedy odejdziemy z drogi na kt\u00f3r\u0105 nas B\u00f3g powo\u0142a\u0142 chrztem a wyznaczy\u0142 swoimi przykazaniami nie musi cz\u0142owiek traci\u0107 nadziei. Jezus wie o naszych s\u0142abo\u015bciach. Znalaz\u0142 spos\u00f3b, jak zyska\u0107 odpuszczenie naszych grzech\u00f3w i upadk\u00f3w je\u015bli je oczywi\u015bcie uznamy i staramy si\u0119 za nie \u017ca\u0142owa\u0107.<strong><br \/>\nPojednanie jest konieczne zawsze gdy Pana Boga zdradzimy z\u0142ym my\u015bleniem, s\u0142owami czy czynami, kt\u00f3re nazywamy grzechami.<\/strong><br \/>\nGrzech jest czym\u015b wi\u0119cej ni\u017c tylko zwyk\u0142ym b\u0142\u0119dem. Narusza stusu<span style=\"font-size: large;\">n<\/span>ek cz\u0142owieka do Boga, bli\u017aniego i samego siebie. Wszystkie grzechy nie s\u0105 ci\u0119\u017ckie. Istniej\u0105 my\u015bli, s\u0142owa, czyny i zapomnienia, kt\u00f3re ci\u0105\u017c\u0105 na naszym<\/span><span style=\"font-size: large;\"> sumieniu, ale s\u0105 powszednie, dlatego \u017ce cz\u0142owiek jest s\u0142aby. M\u00f3wi si\u0119, \u017ce to s\u0105<strong> grzechy lekkie<\/strong>. <strong>Ci\u0119\u017cki<\/strong> albo<strong> \u015bmiertelny grzech<\/strong> jest oznaczeniem dla takiego stanu serca albo takiego jednania, kt\u00f3re ci\u0119\u017cko narusza stosunki z Bogiem, ko\u015bcio\u0142em i lud\u017ami. Je<\/span><span style=\"font-size: large;\">st to \u015bwiadome, dobrowolne a swobodne przekroczenie przykaza\u0144 Bo\u017cych w jakiej\u015b rzeczy wa\u017cnej. Aby chrze\u015bcijanin, kt\u00f3ry si\u0119 takich grzech\u00f3w dopu\u015bci\u0142 m\u00f3g\u0142 przyst\u0105pi\u0107 do komunii \u015bw. musi si\u0119 wyspowiada\u0107. Ci, kt\u00f3rzy przyjmuj\u0105 sakramnet pokuty prawdziwie i z pokornym sercem, dost\u0105pi\u0105 odpuszczenia wszystkich grzech\u00f3w jak r\u00f3wnie\u017c odnowi\u0105 przyja\u017a\u0144 z Bogiem, otrzymaj\u0105 pok\u00f3j i rado\u015b\u0107 serca. <\/span><\/span><br \/>\n<span style=\"font-family: georgia,palatino,serif; font-size: large;\"><br \/>\n<strong><em><u><span style=\"font-size: x-large;\"><br \/>\nPotrzebujesz pojedna\u0107 si\u0119 z Bogiem i znale\u015b\u0107 pok\u00f3j duszy?<\/span><\/u><\/em><\/strong><br \/>\nSakramnet pokuty mo\u017cna przyj\u0105\u0107 po rozmowie z kap\u0142anem na pro\u015bb\u0119 kiedykolwiek.<br \/>\n<span style=\"color: #800000;\"><em><strong>Regularnie jest okazja: <\/strong><\/em><\/span><\/span><\/p>\n<ul style=\"text-align: justify;\">\n<li><span style=\"color: #800000; font-family: georgia,palatino,serif; font-size: large;\"><strong>ko\u015bci\u00f3\u0142 parafialny: <\/strong>ka\u017cdy dzie\u0144 od godz. 6.00, \u015broda, pi\u0105tek i sobota od godz. 17.15, niedziela od 6.40 godz. i przed ka\u017cd\u0105 msz\u0105 \u015bw. i wieczorem od godz. 17.00<br \/>\n<\/span><\/li>\n<li><span style=\"color: #800000; font-family: georgia,palatino,serif; font-size: large;\"><span style=\"color: #800000; font-family: georgia,palatino,serif; font-size: large;\"><strong>ko\u015bcio\u0142y filialne:<\/strong> p\u00f3\u0142 godziny przed ka\u017cd\u0105 msz\u0105 \u015bw.<\/span><\/span><\/li>\n<\/ul>\n<div style=\"text-align: justify;\" align=\"center\"><span style=\"color: #800000; font-family: georgia,palatino,serif; font-size: large;\"><strong>Ponadto w ko\u015bciele parafialnym w\u00a0 czwartek przed pierwszym pi\u0105tkiem miesi\u0105ca od godz. 6.00 \u2013 10.00 i od godz. 15.00 \u2013 18.00. <\/strong><\/span><\/div>\n<div align=\"center\"><\/div>\n<p><span style=\"font-size: x-large;\"><u><em><strong><span style=\"font-family: georgia,palatino,serif;\">Warunki dobrej spowiedzi, kt\u00f3re ka\u017cdy musi spe\u0142ni\u0107<\/span>:<\/strong><\/em><\/u><\/span><\/p>\n<ul style=\"text-align: justify;\">\n<li><span style=\"font-family: georgia,palatino,serif; font-size: large;\">rachunek sumienia<br \/>\n<\/span><\/li>\n<li><span style=\"font-family: georgia,palatino,serif; font-size: large;\">\u017cal za grzechy<br \/>\n<\/span><\/li>\n<li><span style=\"font-family: georgia,palatino,serif; font-size: large;\">mocne postanowienie poprawy<br \/>\n<\/span><\/li>\n<li><span style=\"font-family: georgia,palatino,serif; font-size: large;\">spowied\u017a \u015bw.<br \/>\n<\/span><\/li>\n<li><span style=\"font-family: georgia,palatino,serif; font-size: large;\">pokuta (zado\u015b\u0107uczynienie)\u00a0<\/span><\/li>\n<\/ul>\n<p style=\"text-align: justify;\"><span style=\"font-family: book antiqua,palatino; font-size: large;\"><br \/>\n<span style=\"font-size: x-large; font-family: georgia,palatino,serif;\"> <u><em><strong>Nie by\u0142e\u015b ju\u017c d\u0142ugie lata przy spowiedzi \u015bw. i nie wiesz jak to zrobi\u0107?<\/strong><\/em><\/u><\/span><br \/>\n<span style=\"font-family: georgia,palatino,serif;\"> Nie b\u00f3j si\u0119 przyj\u015b\u0107. Ka\u017cdy kap\u0142an \u2013 spowiednik, z ochot\u0105 pomo\u017ce aby\u015b przyj\u0105\u0142 ten sakrament dla dobra swojej duszy. <\/span><\/span><\/p>\n<p><span style=\"font-family: georgia,palatino,serif; font-size: x-large;\"> <strong><em><u>Jeste\u015b ochrzczony, ale nigdy nie spowiada\u0142e\u015b si\u0119 i nie by\u0142e\u015b u komunii \u015bw.?<\/u><\/em><\/strong> <\/span><br \/>\n<span style=\"font-family: georgia,palatino,serif;\"><span style=\"font-size: 14pt;\"> Szukaj\u0105cych jako ty, jest wi\u0119cej ni\u017c by\u015b my\u015bla\u0142, tak\u017ce nie b\u00f3j si\u0119 skontaktowa\u0107 z kap\u0142anem. Przygotowanie doros\u0142ych do przyj\u0119cia tych sakrament\u00f3w przebiega po uzgodnieniu na farze.<\/span><\/span><\/p>\n<p style=\"text-align: center;\"><span style=\"font-family: georgia, palatino, serif; font-size: 18pt;\"><strong>Videonahr\u00e1vky z duchovn\u00ed obnovy v adventu 2017 na t\u00e9mu sv. zpov\u011b\u010f:<\/strong><\/span><\/p>\n<p style=\"text-align: center;\">(nepodpo\u0159uje mobiln\u00ed za\u0159\u00edzen\u00ed)<\/p>\n\n<div id=\"rev_slider_3_1_wrapper\" class=\"rev_slider_wrapper fullwidthbanner-container\" data-source=\"gallery\" style=\"margin:0px auto;background-color:transparent;padding:0px;margin-top:0px;margin-bottom:0px;\">\n<!-- START REVOLUTION SLIDER 5.3.1.5 auto mode -->\n\t<div id=\"rev_slider_3_1\" class=\"rev_slider fullwidthabanner\" style=\"display:none;\" data-version=\"5.3.1.5\">\n<ul>\t<!-- SLIDE  -->\n\t<li data-index=\"rs-17\" data-transition=\"fade\" data-slotamount=\"default\" data-hideafterloop=\"0\" data-hideslideonmobile=\"off\"  data-easein=\"default\" data-easeout=\"default\" data-masterspeed=\"300\"  data-thumb=\"https:\/\/www.farnost-jablunkov.cz\/wp-content\/uploads\/2017\/11\/spowiedz-swieta-300x225-333x100.jpg\"  data-rotate=\"0\"  data-saveperformance=\"off\"  data-title=\"O sv. zpov\u011bdi 1. \u010d\u00e1st\" data-param1=\"\" data-param2=\"\" data-param3=\"\" data-param4=\"\" data-param5=\"\" data-param6=\"\" data-param7=\"\" data-param8=\"\" data-param9=\"\" data-param10=\"\" data-description=\"\">\n\t\t<!-- MAIN IMAGE -->\n\t\t<img loading=\"lazy\" decoding=\"async\" src=\"https:\/\/www.farnost-jablunkov.cz\/wp-content\/uploads\/2017\/11\/spowiedz-swieta-300x225.jpg\"  alt=\"\" title=\"spowiedz-swieta-300&#215;225\"  width=\"300\" height=\"225\" data-bgposition=\"center center\" data-bgfit=\"cover\" data-bgparallax=\"off\" class=\"rev-slidebg\" data-no-retina>\n\t\t<!-- LAYERS -->\n\n\t\t<!-- BACKGROUND VIDEO LAYER -->\n\t\t<div class=\"rs-background-video-layer\" \n\t\t\tdata-volume=\"0\" \n\t\t\tdata-ytid=\"Pl3-G3gpics\" \n\t\t\tdata-videoattributes=\"version=3&amp;enablejsapi=1&amp;html5=1&amp;volume=0&amp;hd=1&wmode=window&showinfo=1&rel=1&menu=1;;origin=https:\/\/www.farnost-jablunkov.cz;\" \n\t\t\tdata-videorate=\"1\" \n\t\t\tdata-videowidth=\"100%\" \n\t\t\tdata-videoheight=\"100%\" \n\t\t\tdata-videocontrols=\"none\" \n\t\t\tdata-videostartat=\"216:40\" \n\t\t\tdata-videoendat=\"239:50\" \n\t\t\tdata-videoloop=\"none\" \n\t\t\tdata-aspectratio=\"16:9\" \n\t\t\tdata-autoplay=\"true\" \n\t\t\tdata-autoplayonlyfirsttime=\"false\" \n\t\t\tdata-nextslideatend=\"true\" \n><\/div>\t<\/li>\n\t<!-- SLIDE  -->\n\t<li data-index=\"rs-18\" data-transition=\"fade\" data-slotamount=\"default\" data-hideafterloop=\"0\" data-hideslideonmobile=\"off\"  data-easein=\"default\" data-easeout=\"default\" data-masterspeed=\"300\"  data-thumb=\"https:\/\/www.farnost-jablunkov.cz\/wp-content\/uploads\/2017\/11\/spowiedz-swieta-300x225-333x100.jpg\"  data-rotate=\"0\"  data-saveperformance=\"off\"  data-title=\"O sv. zpov\u011bdi 2. \u010d\u00e1st\" data-param1=\"\" data-param2=\"\" data-param3=\"\" data-param4=\"\" data-param5=\"\" data-param6=\"\" data-param7=\"\" data-param8=\"\" data-param9=\"\" data-param10=\"\" data-description=\"\">\n\t\t<!-- MAIN IMAGE -->\n\t\t<img loading=\"lazy\" decoding=\"async\" src=\"https:\/\/www.farnost-jablunkov.cz\/wp-content\/uploads\/2017\/11\/spowiedz-swieta-300x225.jpg\"  alt=\"\" title=\"spowiedz-swieta-300&#215;225\"  width=\"300\" height=\"225\" data-bgposition=\"center center\" data-bgfit=\"cover\" data-bgparallax=\"off\" class=\"rev-slidebg\" data-no-retina>\n\t\t<!-- LAYERS -->\n\n\t\t<!-- BACKGROUND VIDEO LAYER -->\n\t\t<div class=\"rs-background-video-layer\" \n\t\t\tdata-volume=\"0\" \n\t\t\tdata-ytid=\"8457gdfQrBI\" \n\t\t\tdata-videoattributes=\"version=3&amp;enablejsapi=1&amp;html5=1&amp;volume=0&amp;hd=1&wmode=opaque&showinfo=0&rel=0;;origin=https:\/\/www.farnost-jablunkov.cz;\" \n\t\t\tdata-videorate=\"1\" \n\t\t\tdata-videowidth=\"100%\" \n\t\t\tdata-videoheight=\"100%\" \n\t\t\tdata-videocontrols=\"none\" \n\t\t\tdata-videostartat=\"545:20\" \n\t\t\tdata-videoendat=\"564:15\" \n\t\t\tdata-videoloop=\"none\" \n\t\t\tdata-aspectratio=\"16:9\" \n\t\t\tdata-autoplay=\"true\" \n\t\t\tdata-autoplayonlyfirsttime=\"false\" \n\t\t\tdata-nextslideatend=\"true\" \n><\/div>\t<\/li>\n\t<!-- SLIDE  -->\n\t<li data-index=\"rs-19\" data-transition=\"fade\" data-slotamount=\"default\" data-hideafterloop=\"0\" data-hideslideonmobile=\"off\"  data-easein=\"default\" data-easeout=\"default\" data-masterspeed=\"300\"  data-thumb=\"https:\/\/www.farnost-jablunkov.cz\/wp-content\/uploads\/2017\/11\/spowiedz-swieta-300x225-333x100.jpg\"  data-rotate=\"0\"  data-saveperformance=\"off\"  data-title=\"O sv. zpov\u011bdi 3. \u010d\u00e1st\" data-param1=\"\" data-param2=\"\" data-param3=\"\" data-param4=\"\" data-param5=\"\" data-param6=\"\" data-param7=\"\" data-param8=\"\" data-param9=\"\" data-param10=\"\" data-description=\"\">\n\t\t<!-- MAIN IMAGE -->\n\t\t<img loading=\"lazy\" decoding=\"async\" src=\"https:\/\/www.farnost-jablunkov.cz\/wp-content\/uploads\/2017\/11\/spowiedz-swieta-300x225.jpg\"  alt=\"\" title=\"spowiedz-swieta-300&#215;225\"  width=\"300\" height=\"225\" data-bgposition=\"center center\" data-bgfit=\"cover\" data-bgparallax=\"off\" class=\"rev-slidebg\" data-no-retina>\n\t\t<!-- LAYERS -->\n\n\t\t<!-- BACKGROUND VIDEO LAYER -->\n\t\t<div class=\"rs-background-video-layer\" \n\t\t\tdata-volume=\"0\" \n\t\t\tdata-ytid=\"rh7uCCiGUQE\" \n\t\t\tdata-videoattributes=\"version=3&amp;enablejsapi=1&amp;html5=1&amp;volume=0&amp;hd=1&wmode=opaque&showinfo=0&rel=0;;origin=https:\/\/www.farnost-jablunkov.cz;\" \n\t\t\tdata-videorate=\"1\" \n\t\t\tdata-videowidth=\"100%\" \n\t\t\tdata-videoheight=\"100%\" \n\t\t\tdata-videocontrols=\"none\" \n\t\t\tdata-videostartat=\"217:40\" \n\t\t\tdata-videoendat=\"229:09\" \n\t\t\tdata-videoloop=\"none\" \n\t\t\tdata-aspectratio=\"16:9\" \n\t\t\tdata-autoplay=\"true\" \n\t\t\tdata-autoplayonlyfirsttime=\"false\" \n><\/div>\t<\/li>\n<\/ul>\n<script>var htmlDiv = document.getElementById(\"rs-plugin-settings-inline-css\"); var htmlDivCss=\"\";\n\t\t\t\t\t\tif(htmlDiv) {\n\t\t\t\t\t\t\thtmlDiv.innerHTML = htmlDiv.innerHTML + htmlDivCss;\n\t\t\t\t\t\t}else{\n\t\t\t\t\t\t\tvar htmlDiv = document.createElement(\"div\");\n\t\t\t\t\t\t\thtmlDiv.innerHTML = \"<style>\" + htmlDivCss + \"<\/style>\";\n\t\t\t\t\t\t\tdocument.getElementsByTagName(\"head\")[0].appendChild(htmlDiv.childNodes[0]);\n\t\t\t\t\t\t}\n\t\t\t\t\t<\/script>\n<div class=\"tp-bannertimer\" style=\"height: 5px; background-color: rgba(0, 0, 0, 0.15);\"><\/div>\t<\/div>\n<script>var htmlDiv = document.getElementById(\"rs-plugin-settings-inline-css\"); var htmlDivCss=\"\";\n\t\t\t\tif(htmlDiv) {\n\t\t\t\t\thtmlDiv.innerHTML = htmlDiv.innerHTML + htmlDivCss;\n\t\t\t\t}else{\n\t\t\t\t\tvar htmlDiv = document.createElement(\"div\");\n\t\t\t\t\thtmlDiv.innerHTML = \"<style>\" + htmlDivCss + \"<\/style>\";\n\t\t\t\t\tdocument.getElementsByTagName(\"head\")[0].appendChild(htmlDiv.childNodes[0]);\n\t\t\t\t}\n\t\t\t<\/script>\n\t\t<script type=\"text\/javascript\">\n\t\t\t\t\t\t\/******************************************\n\t\t\t\t-\tPREPARE PLACEHOLDER FOR SLIDER\t-\n\t\t\t******************************************\/\n\n\t\t\tvar setREVStartSize=function(){\n\t\t\t\ttry{var e=new Object,i=jQuery(window).width(),t=9999,r=0,n=0,l=0,f=0,s=0,h=0;\n\t\t\t\t\te.c = jQuery('#rev_slider_3_1');\n\t\t\t\t\te.responsiveLevels = [1240,1024,778,480];\n\t\t\t\t\te.gridwidth = [1240,1024,778,480];\n\t\t\t\t\te.gridheight = [600,768,960,720];\n\t\t\t\t\t\t\t\n\t\t\t\t\te.sliderLayout = \"auto\";\n\t\t\t\t\te.minHeight = \"570\";\n\t\t\t\t\tif(e.responsiveLevels&&(jQuery.each(e.responsiveLevels,function(e,f){f>i&&(t=r=f,l=e),i>f&&f>r&&(r=f,n=e)}),t>r&&(l=n)),f=e.gridheight[l]||e.gridheight[0]||e.gridheight,s=e.gridwidth[l]||e.gridwidth[0]||e.gridwidth,h=i\/s,h=h>1?1:h,f=Math.round(h*f),\"fullscreen\"==e.sliderLayout){var u=(e.c.width(),jQuery(window).height());if(void 0!=e.fullScreenOffsetContainer){var c=e.fullScreenOffsetContainer.split(\",\");if (c) jQuery.each(c,function(e,i){u=jQuery(i).length>0?u-jQuery(i).outerHeight(!0):u}),e.fullScreenOffset.split(\"%\").length>1&&void 0!=e.fullScreenOffset&&e.fullScreenOffset.length>0?u-=jQuery(window).height()*parseInt(e.fullScreenOffset,0)\/100:void 0!=e.fullScreenOffset&&e.fullScreenOffset.length>0&&(u-=parseInt(e.fullScreenOffset,0))}f=u}else void 0!=e.minHeight&&f<e.minHeight&&(f=e.minHeight);e.c.closest(\".rev_slider_wrapper\").css({height:f})\n\t\t\t\t\t\n\t\t\t\t}catch(d){console.log(\"Failure at Presize of Slider:\"+d)}\n\t\t\t};\n\t\t\t\n\t\t\tsetREVStartSize();\n\t\t\t\n\t\t\t\t\t\tvar tpj=jQuery;\n\t\t\t\n\t\t\tvar revapi3;\n\t\t\ttpj(document).ready(function() {\n\t\t\t\tif(tpj(\"#rev_slider_3_1\").revolution == undefined){\n\t\t\t\t\trevslider_showDoubleJqueryError(\"#rev_slider_3_1\");\n\t\t\t\t}else{\n\t\t\t\t\trevapi3 = tpj(\"#rev_slider_3_1\").show().revolution({\n\t\t\t\t\t\tsliderType:\"standard\",\njsFileLocation:\"\/\/www.farnost-jablunkov.cz\/wp-content\/plugins\/revslider\/public\/assets\/js\/\",\n\t\t\t\t\t\tsliderLayout:\"auto\",\n\t\t\t\t\t\tdottedOverlay:\"none\",\n\t\t\t\t\t\tdelay:9000,\n\t\t\t\t\t\tnavigation: {\n\t\t\t\t\t\t\tkeyboardNavigation:\"off\",\n\t\t\t\t\t\t\tkeyboard_direction: \"horizontal\",\n\t\t\t\t\t\t\tmouseScrollNavigation:\"off\",\n \t\t\t\t\t\t\tmouseScrollReverse:\"default\",\n\t\t\t\t\t\t\tonHoverStop:\"off\",\n\t\t\t\t\t\t\ttouch:{\n\t\t\t\t\t\t\t\ttouchenabled:\"on\",\n\t\t\t\t\t\t\t\tswipe_threshold: 75,\n\t\t\t\t\t\t\t\tswipe_min_touches: 50,\n\t\t\t\t\t\t\t\tswipe_direction: \"horizontal\",\n\t\t\t\t\t\t\t\tdrag_block_vertical: false\n\t\t\t\t\t\t\t}\n\t\t\t\t\t\t\t,\n\t\t\t\t\t\t\tarrows: {\n\t\t\t\t\t\t\t\tstyle:\"gyges\",\n\t\t\t\t\t\t\t\tenable:true,\n\t\t\t\t\t\t\t\thide_onmobile:true,\n\t\t\t\t\t\t\t\thide_under:600,\n\t\t\t\t\t\t\t\thide_onleave:false,\n\t\t\t\t\t\t\t\ttmp:'',\n\t\t\t\t\t\t\t\tleft: {\n\t\t\t\t\t\t\t\t\th_align:\"left\",\n\t\t\t\t\t\t\t\t\tv_align:\"center\",\n\t\t\t\t\t\t\t\t\th_offset:30,\n\t\t\t\t\t\t\t\t\tv_offset:0\n\t\t\t\t\t\t\t\t},\n\t\t\t\t\t\t\t\tright: {\n\t\t\t\t\t\t\t\t\th_align:\"right\",\n\t\t\t\t\t\t\t\t\tv_align:\"center\",\n\t\t\t\t\t\t\t\t\th_offset:30,\n\t\t\t\t\t\t\t\t\tv_offset:0\n\t\t\t\t\t\t\t\t}\n\t\t\t\t\t\t\t}\n\t\t\t\t\t\t\t,\n\t\t\t\t\t\t\ttabs: {\n\t\t\t\t\t\t\t\tstyle:\"hesperiden\",\n\t\t\t\t\t\t\t\tenable:true,\n\t\t\t\t\t\t\t\twidth:333,\n\t\t\t\t\t\t\t\theight:100,\n\t\t\t\t\t\t\t\tmin_width:200,\n\t\t\t\t\t\t\t\twrapper_padding:5,\n\t\t\t\t\t\t\t\twrapper_color:\"#000000\",\n\t\t\t\t\t\t\t\twrapper_opacity:\"0.05\",\n\t\t\t\t\t\t\t\ttmp:'<div class=\"tp-tab-content\">  <span class=\"tp-tab-date\">{{param1}}<\/span>  <span class=\"tp-tab-title\">{{title}}<\/span><\/div><div class=\"tp-tab-image\"><\/div>',\n\t\t\t\t\t\t\t\tvisibleAmount: 5,\n\t\t\t\t\t\t\t\thide_onmobile: false,\n\t\t\t\t\t\t\t\thide_onleave:false,\n\t\t\t\t\t\t\t\thide_delay:200,\n\t\t\t\t\t\t\t\tdirection:\"horizontal\",\n\t\t\t\t\t\t\t\tspan:false,\n\t\t\t\t\t\t\t\tposition:\"outer-bottom\",\n\t\t\t\t\t\t\t\tspace:5,\n\t\t\t\t\t\t\t\th_align:\"center\",\n\t\t\t\t\t\t\t\tv_align:\"bottom\",\n\t\t\t\t\t\t\t\th_offset:0,\n\t\t\t\t\t\t\t\tv_offset:20\n\t\t\t\t\t\t\t}\n\t\t\t\t\t\t},\n\t\t\t\t\t\tresponsiveLevels:[1240,1024,778,480],\n\t\t\t\t\t\tvisibilityLevels:[1240,1024,778,480],\n\t\t\t\t\t\tgridwidth:[1240,1024,778,480],\n\t\t\t\t\t\tgridheight:[600,768,960,720],\n\t\t\t\t\t\tlazyType:\"none\",\n\t\t\t\t\t\tminHeight:\"570\",\n\t\t\t\t\t\tparallax: {\n\t\t\t\t\t\t\ttype:\"mouse\",\n\t\t\t\t\t\t\torigo:\"slidercenter\",\n\t\t\t\t\t\t\tspeed:2000,\n\t\t\t\t\t\t\tlevels:[2,3,4,5,6,7,12,16,10,50,47,48,49,50,51,55],\n\t\t\t\t\t\t},\n\t\t\t\t\t\tshadow:0,\n\t\t\t\t\t\tspinner:\"off\",\n\t\t\t\t\t\tstopLoop:\"on\",\n\t\t\t\t\t\tstopAfterLoops:0,\n\t\t\t\t\t\tstopAtSlide:1,\n\t\t\t\t\t\tshuffle:\"off\",\n\t\t\t\t\t\tautoHeight:\"on\",\n\t\t\t\t\t\thideThumbsOnMobile:\"off\",\n\t\t\t\t\t\thideSliderAtLimit:0,\n\t\t\t\t\t\thideCaptionAtLimit:0,\n\t\t\t\t\t\thideAllCaptionAtLilmit:0,\n\t\t\t\t\t\tdebugMode:false,\n\t\t\t\t\t\tfallbacks: {\n\t\t\t\t\t\t\tsimplifyAll:\"off\",\n\t\t\t\t\t\t\tnextSlideOnWindowFocus:\"off\",\n\t\t\t\t\t\t\tdisableFocusListener:false,\n\t\t\t\t\t\t}\n\t\t\t\t\t});\n\t\t\t\t}\n\t\t\t});\t\/*ready*\/\n\t\t<\/script>\n\t\t<script>\n\t\t\t\t\tvar htmlDivCss = unescape(\"%0A.hesperiden%20.tp-tab%20%7B%20%0A%20%20opacity%3A1%3B%20%20%20%20%20%20%0A%20%20padding%3A10px%3B%0A%20%20box-sizing%3Aborder-box%3B%0A%20%20font-family%3A%20%22Roboto%22%2C%20sans-serif%3B%0A%20%20border-bottom%3A%201px%20solid%20rgba%28229%2C%20229%2C%20229%2C%201%29%3B%0A%20%7D%0A.hesperiden%20.tp-tab-image%20%0A%7B%20%0A%20%20width%3A60px%3B%0A%20%20height%3A60px%3B%20max-height%3A100%25%3B%20max-width%3A100%25%3B%0A%20%20position%3Arelative%3B%0A%20%20display%3Ainline-block%3B%0A%20%20float%3Aleft%3B%0A%0A%7D%0A.hesperiden%20.tp-tab-content%20%0A%7B%0A%20%20%20%20background%3Argba%280%2C0%2C0%2C0%29%3B%20%0A%20%20%20%20position%3Arelative%3B%0A%20%20%20%20padding%3A15px%2015px%2015px%2085px%3B%0A%20left%3A0px%3B%0A%20overflow%3Ahidden%3B%0A%20margin-top%3A-15px%3B%0A%20%20%20%20box-sizing%3Aborder-box%3B%0A%20%20%20%20color%3Argba%2851%2C%2051%2C%2051%2C%201%29%3B%0A%20%20%20%20display%3A%20inline-block%3B%0A%20%20%20%20width%3A100%25%3B%0A%20%20%20%20height%3A100%25%3B%0A%20position%3Aabsolute%3B%20%7D%0A.hesperiden%20.tp-tab-date%0A%20%20%7B%0A%20%20display%3Ablock%3B%0A%20%20color%3A%20rgba%2851%2C51%2C51%2C0.5%29%3B%0A%20%20font-weight%3A500%3B%0A%20%20font-size%3A12px%3B%0A%20%20margin-bottom%3A0px%3B%0A%20%20%7D%0A.hesperiden%20.tp-tab-title%20%0A%7B%0A%20%20%20%20display%3Ablock%3B%09%0A%20%20%20%20text-align%3Aleft%09%3B%0A%20%20%20%20color%3Argba%28252%2C%2010%2C%202%2C%201%29%3B%0A%20%20%20%20font-size%3A18px%3B%0A%20%20%20%20font-weight%3A500%3B%0A%20%20%20%20text-transform%3Anone%3B%0A%20%20%20%20line-height%3A17px%3B%0A%7D%0A.hesperiden%20.tp-tab%3Ahover%2C%0A.hesperiden%20.tp-tab.selected%20%7B%0A%09background%3Argba%28238%2C%20238%2C%20238%2C%201%29%3B%20%0A%7D%0A%0A.hesperiden%20.tp-tab-mask%20%7B%0A%7D%0A%0A%2F%2A%20media%20queries%20%2A%2F%0A%40media%20only%20screen%20and%20%28max-width%3A%20960px%29%20%7B%0A%0A%7D%0A%40media%20only%20screen%20and%20%28max-width%3A%20768px%29%20%7B%0A%0A%7D%0A\");\n\t\t\t\t\tvar htmlDiv = document.getElementById('rs-plugin-settings-inline-css');\n\t\t\t\t\tif(htmlDiv) {\n\t\t\t\t\t\thtmlDiv.innerHTML = htmlDiv.innerHTML + htmlDivCss;\n\t\t\t\t\t}\n\t\t\t\t\telse{\n\t\t\t\t\t\tvar htmlDiv = document.createElement('div');\n\t\t\t\t\t\thtmlDiv.innerHTML = '<style>' + htmlDivCss + '<\/style>';\n\t\t\t\t\t\tdocument.getElementsByTagName('head')[0].appendChild(htmlDiv.childNodes[0]);\n\t\t\t\t\t}\n\t\t\t\t  <\/script>\n\t\t\t\t<\/div><!-- END REVOLUTION SLIDER -->\n<p>&nbsp;<\/p>","protected":false},"excerpt":{"rendered":"<p>W dzie\u0144 zmartwychwstania Pan Jezus ukaza\u0142 si\u0119 aposto\u0142om i powiedzia\u0142 im: \u201ePrzyjmijcie Ducha \u015bw. Kt\u00f3rym odpu\u015bcicie grzechy, s\u0105 im odpuszczone, a kt\u00f3rym zatrzymacie b\u0119d\u0105 zatrzymane \u00a0 \u00a0 \u00a0 \u00a0 \u00a0 \u00a0\u00a0 ( J 20, 22-23).&#8221; Odpuszczenie grzech\u00f3w pope\u0142nionych po chrzcie \u015bw. dokonuje si\u0119 przez sakrament nazywanym sakramentem pojednania albo pokuty czy spowiedzi. Ani wtedy kiedy [&hellip;]<\/p>\n","protected":false},"author":1,"featured_media":0,"parent":0,"menu_order":0,"comment_status":"closed","ping_status":"closed","template":"","meta":{"_exactmetrics_skip_tracking":false,"_exactmetrics_sitenote_active":false,"_exactmetrics_sitenote_note":"","_exactmetrics_sitenote_category":0,"_monsterinsights_skip_tracking":false,"_monsterinsights_sitenote_active":false,"_monsterinsights_sitenote_note":"","_monsterinsights_sitenote_category":0,"footnotes":""},"class_list":["post-1055","page","type-page","status-publish","hentry"],"aioseo_notices":[],"_links":{"self":[{"href":"https:\/\/www.farnost-jablunkov.cz\/pl\/wp-json\/wp\/v2\/pages\/1055"}],"collection":[{"href":"https:\/\/www.farnost-jablunkov.cz\/pl\/wp-json\/wp\/v2\/pages"}],"about":[{"href":"https:\/\/www.farnost-jablunkov.cz\/pl\/wp-json\/wp\/v2\/types\/page"}],"author":[{"embeddable":true,"href":"https:\/\/www.farnost-jablunkov.cz\/pl\/wp-json\/wp\/v2\/users\/1"}],"replies":[{"embeddable":true,"href":"https:\/\/www.farnost-jablunkov.cz\/pl\/wp-json\/wp\/v2\/comments?post=1055"}],"version-history":[{"count":24,"href":"https:\/\/www.farnost-jablunkov.cz\/pl\/wp-json\/wp\/v2\/pages\/1055\/revisions"}],"predecessor-version":[{"id":12177,"href":"https:\/\/www.farnost-jablunkov.cz\/pl\/wp-json\/wp\/v2\/pages\/1055\/revisions\/12177"}],"wp:attachment":[{"href":"https:\/\/www.farnost-jablunkov.cz\/pl\/wp-json\/wp\/v2\/media?parent=1055"}],"curies":[{"name":"wp","href":"https:\/\/api.w.org\/{rel}","templated":true}]}}