{"id":1039,"date":"2019-09-11T11:48:15","date_gmt":"2019-09-11T09:48:15","guid":{"rendered":"http:\/\/agathonet.com\/cs\/?page_id=1039"},"modified":"2021-12-10T20:43:55","modified_gmt":"2021-12-10T19:43:55","slug":"krest","status":"publish","type":"page","link":"https:\/\/www.farnost-jablunkov.cz\/pl\/krest","title":{"rendered":"Chrzest"},"content":{"rendered":"<p style=\"text-align: center;\"><span style=\"font-family: georgia,palatino,serif; font-size: 14pt; color: #000000;\">\u00a0\u00a0\u00a0\u00a0\u00a0\u00a0\u00a0\u00a0\u00a0\u00a0\u00a0 <\/p>\n<p style=\"text-align: justify;\"><span style=\"font-family: georgia,palatino,serif; font-size: large;\"><strong>Chrzest jest pierwszym sakramentem.<\/strong> To najwi\u0119kszy dar w \u017cyciu cz\u0142owieka. Chrztem B\u00f3g przyjmuje cz\u0142owieka, jako swoje dziecko, daje mu swoje \u017cycie i w\u0142\u0105cza go do wsp\u00f3lnoty wierz\u0105cych &#8211; Ko\u015bcio\u0142a. <\/span><\/p>\n<p style=\"text-align: justify;\"><span style=\"font-family: georgia,palatino,serif; font-size: large;\">Odpuszczone zostaj\u0105 grzechy (u ma\u0142ych dzieci grzech pierworodny, u os\u00f3b doros\u0142ych wszystkie r\u00f3wnie\u017c grzechy osobiste), otrzymuje dary duchowe &#8211; cnoty wiary, nadziei i mi\u0142o\u015bci. Ochrzczony nast\u0119pnie ma prawo do innych sakrament\u00f3w.<\/span><\/p>\n<p><img loading=\"lazy\" decoding=\"async\" class=\"wp-image-1040 alignleft\" src=\"www.farnost-jablunkov.cz\/wp-content\/uploads\/2017\/08\/chrzest-300x211.jpg\" alt=\"\" width=\"392\" height=\"276\" srcset=\"https:\/\/www.farnost-jablunkov.cz\/wp-content\/uploads\/2017\/08\/chrzest-300x211.jpg 300w, https:\/\/www.farnost-jablunkov.cz\/wp-content\/uploads\/2017\/08\/chrzest.jpg 700w\" sizes=\"(max-width: 392px) 100vw, 392px\" \/><span style=\"font-family: georgia,palatino,serif; font-size: 14pt;\"><strong>Drodzy rodzice!<\/strong><\/span><br \/>\n<span style=\"font-family: georgia,palatino,serif; font-size: 14pt;\"> W pierwszych tygodniach po urodzeniu dziecka, nale\u017cy odwiedzi\u0107 proboszcza parafii, w kt\u00f3rej mieszkacie, i poprosi\u0107 o chrzest. W ka\u017cdej rodzinie wiara jest na innym poziomie i r\u00f3\u017cne s\u0105 stopnie zaanga\u017cowania w \u017cycie parafii. Wed\u0142ug tego r\u00f3wnie\u017c trzeba rodzic\u00f3w przygotowa\u0107 do chrztu dziecka.<\/span><\/p>\n<p>&nbsp;<\/p>\n<p style=\"text-align: justify;\"><span style=\"font-family: georgia,palatino,serif; font-size: large;\"><span style=\"font-size: x-large;\"><u><em><strong>Warunki chrztu ma\u0142ego dziecka od 0-6 lat:<\/strong><\/em><\/u><\/span> <\/span><\/p>\n<p style=\"text-align: justify;\"><span style=\"font-family: georgia,palatino,serif; font-size: large;\"><strong>1.<\/strong> O chrzest dziecka prosi co najmniej jeden z rodzic\u00f3w, a nie babcia lub dziadek. <\/span><\/p>\n<p style=\"text-align: justify;\"><span style=\"font-family: georgia,palatino,serif; font-size: large;\"><strong>2.<\/strong> Chrzest jest decyzj\u0105 do \u017cycia w wierze. Dlatego konieczne jest, aby co najmniej jeden z rodzic\u00f3w by\u0142 ochrzczony przyrzek\u0142, \u017ce b\u0119dzie prowadzi\u0142 dziecko do Boga s\u0142owem i \u017cyciem. Ma\u0142e dzieci s\u0105 chrzczone w wierze rodzic\u00f3w. <\/span><\/p>\n<p style=\"text-align: justify;\"><span style=\"font-family: georgia,palatino,serif; font-size: large;\"><strong>3.<\/strong> Przed chrztem trzeba uczestniczy\u0107 w przygotowaniu &#8211; rozmowa o chrzcie, o wierze i \u017cyciu wed\u0142ug wiary. Czas trwania przygotowania jest zale\u017cny od stanu wiary rodzic\u00f3w <\/span><\/p>\n<p style=\"text-align: justify;\"><span style=\"font-family: georgia,palatino,serif;\"><span style=\"font-size: large;\"><strong>4. <\/strong>Chrzestnym ma by\u0107 cz\u0142owiek praktykuj\u0105cy, wierz\u0105cy, \u017ceby m\u00f3g\u0142 prowadzi\u0107 dziecko przez \u017cycie \u015bcie\u017ckami wiary i pomaga\u0107 rodzicom w religijnym wychowaniu. Dlatego powinien on by\u0107 przede wszystkim ochrzczony, bierzmowany i posiadaj\u0105cy \u017cyw\u0105 wiar\u0119 . Wraz z rodzicami ponosi przed Bogiem odpowiedzialno\u015b\u0107 za religijne <\/span><span style=\"font-size: large;\">wychowanie i edukacj\u0119 dziecka.\u00a0<\/span><\/span><\/p>\n<p style=\"text-align: justify;\"><span style=\"font-family: georgia,palatino,serif; font-size: large;\"><strong>5<\/strong>. Chrzest powinien by\u0107 w parafii, w kt\u00f3rej rodzice \u017cyj\u0105. Chrztem ochrzczony przynale\u017cy do konkretnej wsp\u00f3lnoty parafialnej. Je\u015bli rodzice nale\u017c\u0105 do innej parafii, powinni donie\u015b\u0107 potwierdzenie ze zgod\u0105 swego proboszcza,\u017ce zgadza si\u0119 na chrzest w innej parafii.<br \/>\n<\/span><\/p>\n<p style=\"text-align: justify;\"><span style=\"font-family: georgia,palatino,serif; font-size: large;\"> <span style=\"font-size: x-large;\"><u><em><strong>Warunki chrztu dziecka od 7 do 14 lat: <\/strong><\/em><\/u><\/span><\/span><\/p>\n<ul style=\"text-align: justify;\">\n<li><span style=\"font-family: georgia,palatino,serif; font-size: large;\">patrz 1 &#8211; 5 powy\u017cej<br \/>\n<\/span><\/li>\n<li><span style=\"font-family: georgia,palatino,serif; font-size: large;\">dodatkowo: dziecko w tym wieku musi co\u015b wiedzie\u0107 o wierze. Dlatego musi ucz\u0119szcza\u0107 przynajmniej rok na lekcje religii z innymi dzie\u0107mi.<br \/>\n<\/span><\/li>\n<\/ul>\n<p style=\"text-align: justify;\"><span style=\"font-family: georgia,palatino,serif; font-size: large;\">Je\u017celi \u017cadny z rodzic\u00f3w nie jest ochrzczony, nie wszystko jest stracone. Mog\u0105, je\u015bli chc\u0105, przed chrztem dziecka i oni sami przygotowa\u0107 si\u0119 do przyj\u0119cia chrztu, a mog\u0105 by\u0107 ochrzczeni wsp\u00f3lnie jako jedna rodzina.<br \/>\n<\/span><\/p>\n<p style=\"text-align: justify;\"><span style=\"font-family: georgia,palatino,serif; font-size: large;\"><br \/>\n<strong><em><u><span style=\"font-size: x-large;\">Warunki chrztu powy\u017cej 15 lat:<\/span><\/u><\/em><\/strong> <\/span><\/p>\n<ul style=\"text-align: justify;\">\n<li><span style=\"font-family: georgia,palatino,serif; font-size: large;\">musi sam si\u0119 zdecydowa\u0107. Musi wierzy\u0107 w Boga Zbawiciela i \u017cy\u0107 wed\u0142ug wiary<br \/>\n<\/span><\/li>\n<li><span style=\"font-family: georgia,palatino,serif; font-size: large;\">roczne przygotowanie w formie spotka\u0144 osobistych i wsp\u00f3lnych. Chrzest jest zazwyczaj w Wielk\u0105 Sobot\u0119.\u00a0<\/span><\/li>\n<\/ul>\n<p style=\"text-align: justify;\"><span style=\"font-family: georgia,palatino,serif; font-size: large;\"><br \/>\n<u><em><strong><span style=\"font-size: x-large;\">Terminy chrztu w naszej parafii: wed\u0142ug umowy<\/span><\/strong><\/em><\/u><\/span><\/p>\n<p style=\"text-align: justify;\"><span style=\"font-family: georgia,palatino,serif; font-size: large;\"><br \/>\n<span style=\"color: #800000;\"><u><em><strong>Chrzest trzeba ustali\u0107 wcze\u015bniej w kancelarii parafialnej i przynie\u015b\u0107 dokumenty: <\/strong><\/em><\/u><\/span><\/span><\/p>\n<ul style=\"text-align: justify;\">\n<li><span style=\"font-family: georgia,palatino,serif; font-size: large;\">Metryka urodzenia dziecka (rodn\u00fd list)<br \/>\n<\/span><\/li>\n<li><span style=\"font-family: georgia,palatino,serif; font-size: large;\">Akt \u015blubu rodzic\u00f3w (oddac\u00ed list)<br \/>\n<\/span><\/li>\n<li><span style=\"font-family: georgia,palatino,serif; font-size: large;\">Dane chrzestnego (miejsce zamieszkania)<br \/>\n<\/span><\/li>\n<\/ul>\n<p style=\"text-align: justify;\"><span style=\"color: #800000; font-family: georgia,palatino,serif; font-size: large;\"><strong>Sakrament chrztu przyjmujemy tylko raz w \u017cyciu.<\/strong><\/span><\/p>\n<p><\/p>\n<p>&nbsp;<\/p>","protected":false},"excerpt":{"rendered":"<p>\u00a0\u00a0\u00a0\u00a0\u00a0\u00a0\u00a0\u00a0\u00a0\u00a0\u00a0 Chrzest jest pierwszym sakramentem. To najwi\u0119kszy dar w \u017cyciu cz\u0142owieka. Chrztem B\u00f3g przyjmuje cz\u0142owieka, jako swoje dziecko, daje mu swoje \u017cycie i w\u0142\u0105cza go do wsp\u00f3lnoty wierz\u0105cych &#8211; Ko\u015bcio\u0142a. Odpuszczone zostaj\u0105 grzechy (u ma\u0142ych dzieci grzech pierworodny, u os\u00f3b doros\u0142ych wszystkie r\u00f3wnie\u017c grzechy osobiste), otrzymuje dary duchowe &#8211; cnoty wiary, nadziei i mi\u0142o\u015bci. Ochrzczony [&hellip;]<\/p>\n","protected":false},"author":1,"featured_media":0,"parent":0,"menu_order":0,"comment_status":"closed","ping_status":"closed","template":"","meta":{"_exactmetrics_skip_tracking":false,"_exactmetrics_sitenote_active":false,"_exactmetrics_sitenote_note":"","_exactmetrics_sitenote_category":0,"_monsterinsights_skip_tracking":false,"_monsterinsights_sitenote_active":false,"_monsterinsights_sitenote_note":"","_monsterinsights_sitenote_category":0,"footnotes":""},"class_list":["post-1039","page","type-page","status-publish","hentry"],"aioseo_notices":[],"_links":{"self":[{"href":"https:\/\/www.farnost-jablunkov.cz\/pl\/wp-json\/wp\/v2\/pages\/1039"}],"collection":[{"href":"https:\/\/www.farnost-jablunkov.cz\/pl\/wp-json\/wp\/v2\/pages"}],"about":[{"href":"https:\/\/www.farnost-jablunkov.cz\/pl\/wp-json\/wp\/v2\/types\/page"}],"author":[{"embeddable":true,"href":"https:\/\/www.farnost-jablunkov.cz\/pl\/wp-json\/wp\/v2\/users\/1"}],"replies":[{"embeddable":true,"href":"https:\/\/www.farnost-jablunkov.cz\/pl\/wp-json\/wp\/v2\/comments?post=1039"}],"version-history":[{"count":8,"href":"https:\/\/www.farnost-jablunkov.cz\/pl\/wp-json\/wp\/v2\/pages\/1039\/revisions"}],"predecessor-version":[{"id":6515,"href":"https:\/\/www.farnost-jablunkov.cz\/pl\/wp-json\/wp\/v2\/pages\/1039\/revisions\/6515"}],"wp:attachment":[{"href":"https:\/\/www.farnost-jablunkov.cz\/pl\/wp-json\/wp\/v2\/media?parent=1039"}],"curies":[{"name":"wp","href":"https:\/\/api.w.org\/{rel}","templated":true}]}}