{"id":1032,"date":"2017-07-05T14:10:38","date_gmt":"2017-07-05T12:10:38","guid":{"rendered":"http:\/\/agathonet.com\/live\/?page_id=4"},"modified":"2017-11-03T08:33:46","modified_gmt":"2017-11-03T07:33:46","slug":"4-2","status":"publish","type":"page","link":"https:\/\/www.farnost-jablunkov.cz\/pl\/4-2","title":{"rendered":"Transmisja na \u017cywo <br>z ko\u015bcio\u0142a parafialnego"},"content":{"rendered":"<p style=\"text-align: center;\"><span style=\"font-family: georgia,palatino,serif; font-size: 14pt;\"><\/span><\/p>\n<p style=\"text-align: center;\"><span style=\"font-family: georgia, palatino, serif; font-size: 14pt;\">Drodzy bracia i sostry, proponujemy Wam transmisje na \u017cywo z\u00a0ko\u015bcio\u0142a parafialnego w Jab\u0142onkowie. Transmisje s\u0105 przeznaczone dla ludzi, kt\u00f3rzy nie maj\u0105 mo\u017cliwo\u015bci\u00a0 osobistego uczestniczenia w nabo\u017ce\u0144stwach w naszym ko\u015bciele parafialnym, \u017ceby przynajmniej w ten spos\u00f3b tworzyli z\u00a0nami wsp\u00f3lnot\u0119 przy Stole Pa\u0144skim. U\u015bwiadommy sobie, \u017ce osobiste, sakramenstalne spotkanie z\u00a0Bogiem nie mo\u017cemy zast\u0105pi\u0107 \u017cadnym \u015brodkiem spo\u0142ecznego komunikowania.<\/span><\/p>\n<p style=\"text-align: center;\"><span style=\"font-family: georgia,palatino,serif; font-size: 14pt;\">Transmisje\u00a0 obecnie przebiegaj\u0105\u00a0 w fazie oceny, dlatego prosimy o Wasz\u0105 cierpliwo\u015b\u0107. Je\u017celi transmisje na \u017cywo \u201ezatn\u0105 si\u0119\u201c to prosimy o wznowienie portalu przyciskiem F5, albo spr\u00f3bowa\u0107\u00a0 w\u0142\u0105czy\u0107 dan\u0105 trasmisj\u0119 p\u00f3\u017aniej. Dzi\u0119kujemy za wyrozumia\u0142o\u015b\u0107.<\/span><\/p>\n<p style=\"text-align: left;\"><div class=\"wp-youtube-live dead\"><span class=\"wp-youtube-live-error\" style=\"display: none;\"><\/span>\n        <\/div><\/p>\n<p><span style=\"font-size: 14pt;\">Vys\u00edl\u00e1n\u00ed prob\u00edh\u00e1 i na t\u00e9to adrese: https:\/\/www.youtube.com\/embed\/live_stream?channel=UCybgHPXd2rakD2OgGuYkCaA<\/span><\/p>\n<h3><span style=\"font-family: georgia,palatino,serif; font-size: 14pt;\"><strong>Program<\/span><\/h3>\n<p><span style=\"font-family: georgia,palatino,serif; font-size: 14pt;\"><div class='white' style='background:#fafafa; border:solid 1px #f0f0f0; border-radius:5px; padding:8px 8px 8px 8px;'>\n<div id='sample_slider' class='owl-carousel sa_owl_theme autohide-arrows' data-slider-id='sample_slider' style='visibility:hidden;'>\n<div id='sample_slider_slide01' class='sa_hover_container' style='padding:5% 5%; margin:0px 0%; background-color:rgb(207, 226, 243); '><h4 style=\"text-align: center;\"><strong>Pond\u011bl\u00ed<\/strong><\/h4>\r\n<h4 style=\"text-align: center;\"><strong>6:30 polsky<\/strong><\/h4>\r\n<h4 style=\"text-align: center;\">\u00a0<\/h4><\/div>\n<div id='sample_slider_slide02' class='sa_hover_container' style='padding:5% 5%; margin:0px 0%; background-color:rgb(244, 204, 204); '><h4 style=\"text-align: center;\"><strong>\u00dater\u00fd<\/strong><\/h4>\r\n<h4 style=\"text-align: center;\"><strong>6:30 \u010desky<\/strong><\/h4>\r\n<h4 style=\"text-align: center;\">\u00a0<\/h4><\/div>\n<div id='sample_slider_slide03' class='sa_hover_container' style='padding:5% 5%; margin:0px 0%; background-color:rgb(217, 234, 211); '><h4 style=\"text-align: center;\"><strong>St\u0159eda<\/strong><\/h4>\r\n<h4 style=\"text-align: center;\"><strong>6:30 polsky<\/strong><\/h4>\r\n<h4 style=\"text-align: center;\"><strong> 18:00 \u010desky<\/strong><\/h4><\/div>\n<div id='sample_slider_slide04' class='sa_hover_container' style='padding:5% 5%; margin:0px 0%; background-color:rgb(217, 210, 233); '><h4 style=\"text-align: center;\"><strong>\u010ctvrtek<\/strong><\/h4>\r\n<h4 style=\"text-align: center;\"><strong>6:30 polsky<\/strong><\/h4>\r\n<h4 style=\"text-align: center;\"><strong>\u00a0<\/strong><span style=\"font-size: 10pt;\">(1. \u010dtvrtek v m\u011bs\u00edci 18:00)<\/span><\/h4><\/div>\n<div id='sample_slider_slide05' class='sa_hover_container' style='padding:5% 5%; margin:0px 0%; background-color:rgb(244, 204, 204); '><div>\r\n<h4 style=\"text-align: center;\"><strong>P\u00e1tek<\/strong><\/h4>\r\n<h4 style=\"text-align: center;\"><strong>6:30 \u010desky<\/strong><\/h4>\r\n<h4 style=\"text-align: center;\"><strong>18:00 polsky<\/strong>. .<\/h4>\r\n<\/div><\/div>\n<div id='sample_slider_slide06' class='sa_hover_container' style='padding:5% 5%; margin:0px 0%; background-color:#cfe2f3; '><h4 style=\"text-align: center;\"><strong>Sobota<\/strong><\/h4>\r\n<h4 style=\"text-align: center;\"><strong>6:30 \u010desky<\/strong><\/h4>\r\n<h4 style=\"text-align: center;\"><strong>18:00 \u00a0 \u00a0 \u00a0 \u00a0 \u00a0 \u00a0 \u00a0 \u00a0 \u00a0 \u00a0 \u00a0\u00a0<\/strong><span style=\"font-size: 10pt;\">s ned\u011bln\u00ed platnost\u00ed (cz\/pl)<\/span><\/h4><\/div>\n<div id='sample_slider_slide07' class='sa_hover_container' style='padding:5% 5%; margin:0px 0%; background-color:rgb(255, 242, 204); '><h4 style=\"text-align: center;\"><strong>Ned\u011ble<\/strong><\/h4>\r\n<h4 style=\"text-align: center;\"><strong>07:10, 10:30 <\/strong><span style=\"font-size: 8pt;\">polsky<\/span><\/h4>\r\n<h4 style=\"text-align: center;\"><strong>09:00, 18:00 <span style=\"font-size: 8pt;\">\u010desky<\/span><\/strong><\/h4><\/div>\n<\/div>\n<\/div>\n<script type='text\/javascript'>\n\tjQuery(document).ready(function() {\n\t\tjQuery('#sample_slider').owlCarousel({\n\t\t\tresponsive:{\n\t\t\t\t0:{ items:4 },\n\t\t\t\t480:{ items:7 },\n\t\t\t\t768:{ items:7 },\n\t\t\t\t980:{ items:7 },\n\t\t\t\t1200:{ items:7 },\n\t\t\t\t1500:{ items:7 }\n\t\t\t},\n\t\t\tautoplay : false,\n\t\t\tautoplayHoverPause : false,\n\t\t\tsmartSpeed : 0,\n\t\t\tfluidSpeed : 0,\n\t\t\tautoplaySpeed : 0,\n\t\t\tnavSpeed : 0,\n\t\t\tdotsSpeed : 0,\n\t\t\tloop : true,\n\t\t\tnav : false,\n\t\t\tnavText : ['Previous','Next'],\n\t\t\tdots : false,\n\t\t\tresponsiveRefreshRate : 200,\n\t\t\tslideBy : 1,\n\t\t\tmergeFit : true,\n\t\t\tautoHeight : false,\n\t\t\tmouseDrag : true,\n\t\t\ttouchDrag : true\n\t\t});\n\t\tjQuery('#sample_slider').css('visibility', 'visible');\n\t\tsa_resize_sample_slider();\n\t\twindow.addEventListener('resize', sa_resize_sample_slider);\n\t\tfunction sa_resize_sample_slider() {\n\t\t\tvar min_height = '50';\n\t\t\tvar win_width = jQuery(window).width();\n\t\t\tvar slider_width = jQuery('#sample_slider').width();\n\t\t\tif (win_width < 480) {\n\t\t\t\tvar slide_width = slider_width \/ 4;\n\t\t\t} else if (win_width < 768) {\n\t\t\t\tvar slide_width = slider_width \/ 7;\n\t\t\t} else if (win_width < 980) {\n\t\t\t\tvar slide_width = slider_width \/ 7;\n\t\t\t} else if (win_width < 1200) {\n\t\t\t\tvar slide_width = slider_width \/ 7;\n\t\t\t} else if (win_width < 1500) {\n\t\t\t\tvar slide_width = slider_width \/ 7;\n\t\t\t} else {\n\t\t\t\tvar slide_width = slider_width \/ 7;\n\t\t\t}\n\t\t\tslide_width = Math.round(slide_width);\n\t\t\tvar slide_height = '0';\n\t\t\tif (min_height == 'aspect43') {\n\t\t\t\tslide_height = (slide_width \/ 4) * 3;\t\t\t\tslide_height = Math.round(slide_height);\n\t\t\t} else if (min_height == 'aspect169') {\n\t\t\t\tslide_height = (slide_width \/ 16) * 9;\t\t\t\tslide_height = Math.round(slide_height);\n\t\t\t} else {\n\t\t\t\tslide_height = (slide_width \/ 100) * min_height;\t\t\t\tslide_height = Math.round(slide_height);\n\t\t\t}\n\t\t\tjQuery('#sample_slider .owl-item .sa_hover_container').css('min-height', slide_height+'px');\n\t\t}\n\t\tvar owl_goto = jQuery('#sample_slider');\n\t\tjQuery('.sample_slider_goto1').click(function(event){\n\t\t\towl_goto.trigger('to.owl.carousel', 0);\n\t\t});\n\t\tjQuery('.sample_slider_goto2').click(function(event){\n\t\t\towl_goto.trigger('to.owl.carousel', 1);\n\t\t});\n\t\tjQuery('.sample_slider_goto3').click(function(event){\n\t\t\towl_goto.trigger('to.owl.carousel', 2);\n\t\t});\n\t\tjQuery('.sample_slider_goto4').click(function(event){\n\t\t\towl_goto.trigger('to.owl.carousel', 3);\n\t\t});\n\t\tjQuery('.sample_slider_goto5').click(function(event){\n\t\t\towl_goto.trigger('to.owl.carousel', 4);\n\t\t});\n\t\tjQuery('.sample_slider_goto6').click(function(event){\n\t\t\towl_goto.trigger('to.owl.carousel', 5);\n\t\t});\n\t\tjQuery('.sample_slider_goto7').click(function(event){\n\t\t\towl_goto.trigger('to.owl.carousel', 6);\n\t\t});\n\t\tvar resize_1042 = jQuery('.owl-carousel');\n\t\tresize_1042.on('initialized.owl.carousel', function(e) {\n\t\t\tif (typeof(Event) === 'function') {\n\t\t\t\twindow.dispatchEvent(new Event('resize'));\n\t\t\t} else {\n\t\t\t\tvar evt = window.document.createEvent('UIEvents');\n\t\t\t\tevt.initUIEvent('resize', true, false, window, 0);\n\t\t\t\twindow.dispatchEvent(evt);\n\t\t\t}\n\t\t});\n\t});\n<\/script>\n<\/span><\/p>\n<p><a href=\"http:\/\/www.farnost-jablunkov.cz\/archiv-z-ziveho-vysilani\"><img loading=\"lazy\" decoding=\"async\" class=\"aligncenter wp-image-2507 size-medium\" src=\"http:\/\/www.farnost-jablunkov.cz\/wp-content\/uploads\/2017\/07\/archiv-477x500.png\" alt=\"\" width=\"477\" height=\"500\" srcset=\"https:\/\/www.farnost-jablunkov.cz\/wp-content\/uploads\/2017\/07\/archiv-477x500.png 477w, https:\/\/www.farnost-jablunkov.cz\/wp-content\/uploads\/2017\/07\/archiv-768x804.png 768w, https:\/\/www.farnost-jablunkov.cz\/wp-content\/uploads\/2017\/07\/archiv.png 978w, https:\/\/www.farnost-jablunkov.cz\/wp-content\/uploads\/2017\/07\/archiv-440x461.png 440w\" sizes=\"(max-width: 477px) 100vw, 477px\" \/><\/a><\/p>","protected":false},"excerpt":{"rendered":"<p>Drodzy bracia i sostry, proponujemy Wam transmisje na \u017cywo z\u00a0ko\u015bcio\u0142a parafialnego w Jab\u0142onkowie. Transmisje s\u0105 przeznaczone dla ludzi, kt\u00f3rzy nie maj\u0105 mo\u017cliwo\u015bci\u00a0 osobistego uczestniczenia w nabo\u017ce\u0144stwach w naszym ko\u015bciele parafialnym, \u017ceby przynajmniej w ten spos\u00f3b tworzyli z\u00a0nami wsp\u00f3lnot\u0119 przy Stole Pa\u0144skim. U\u015bwiadommy sobie, \u017ce osobiste, sakramenstalne spotkanie z\u00a0Bogiem nie mo\u017cemy zast\u0105pi\u0107 \u017cadnym \u015brodkiem spo\u0142ecznego komunikowania. [&hellip;]<\/p>\n","protected":false},"author":1,"featured_media":0,"parent":0,"menu_order":0,"comment_status":"closed","ping_status":"closed","template":"","meta":{"_exactmetrics_skip_tracking":false,"_exactmetrics_sitenote_active":false,"_exactmetrics_sitenote_note":"","_exactmetrics_sitenote_category":0,"_monsterinsights_skip_tracking":false,"_monsterinsights_sitenote_active":false,"_monsterinsights_sitenote_note":"","_monsterinsights_sitenote_category":0,"footnotes":""},"class_list":["post-1032","page","type-page","status-publish","hentry"],"aioseo_notices":[],"_links":{"self":[{"href":"https:\/\/www.farnost-jablunkov.cz\/pl\/wp-json\/wp\/v2\/pages\/1032"}],"collection":[{"href":"https:\/\/www.farnost-jablunkov.cz\/pl\/wp-json\/wp\/v2\/pages"}],"about":[{"href":"https:\/\/www.farnost-jablunkov.cz\/pl\/wp-json\/wp\/v2\/types\/page"}],"author":[{"embeddable":true,"href":"https:\/\/www.farnost-jablunkov.cz\/pl\/wp-json\/wp\/v2\/users\/1"}],"replies":[{"embeddable":true,"href":"https:\/\/www.farnost-jablunkov.cz\/pl\/wp-json\/wp\/v2\/comments?post=1032"}],"version-history":[{"count":41,"href":"https:\/\/www.farnost-jablunkov.cz\/pl\/wp-json\/wp\/v2\/pages\/1032\/revisions"}],"predecessor-version":[{"id":2514,"href":"https:\/\/www.farnost-jablunkov.cz\/pl\/wp-json\/wp\/v2\/pages\/1032\/revisions\/2514"}],"wp:attachment":[{"href":"https:\/\/www.farnost-jablunkov.cz\/pl\/wp-json\/wp\/v2\/media?parent=1032"}],"curies":[{"name":"wp","href":"https:\/\/api.w.org\/{rel}","templated":true}]}}